{"id":11736,"date":"2025-01-22T11:49:17","date_gmt":"2025-01-22T11:49:17","guid":{"rendered":"https:\/\/themewant.com\/products\/wordpress\/unipix\/?page_id=11736"},"modified":"2025-01-22T11:49:17","modified_gmt":"2025-01-22T11:49:17","slug":"accreditations","status":"publish","type":"page","link":"https:\/\/londonacademy.ma\/fr\/accreditations\/","title":{"rendered":"Accr\u00e9ditations"},"content":{"rendered":"<div data-elementor-type=\"wp-page\" data-elementor-id=\"11736\" class=\"elementor elementor-11736\">\n\t\t\t\t<div class=\"elementor-element elementor-element-d8d0600 e-flex e-con-boxed rt-default-class e-con e-parent\" data-id=\"d8d0600\" data-element_type=\"container\" data-e-type=\"container\" data-settings=\"{&quot;background_background&quot;:&quot;classic&quot;,&quot;animation&quot;:&quot;none&quot;}\">\n\t\t\t\t\t<div class=\"e-con-inner\">\n\t\t\t\t<div class=\"elementor-element elementor-element-b07a061 content-align-center rt-default-class elementor-widget elementor-widget-rtbreadrumb\" data-id=\"b07a061\" data-element_type=\"widget\" data-e-type=\"widget\" data-widget_type=\"rtbreadrumb.default\">\n\t\t\t\t<div class=\"elementor-widget-container\">\n\t\t\t\t\t    <div class=\"reactheme-breadcrumb\">\n        <div class=\"breadcrumb-inner container\">\n            <h1 class=\"page-title\"><\/h1>\n            <div class=\"breadcrumb-path\">\n                <a href=\"https:\/\/londonacademy.ma\/fr\/\">Home<\/a>            <\/div>\n        <\/div>\n    <\/div>\n    \t\t\t\t<\/div>\n\t\t\t\t<\/div>\n\t\t\t\t\t<\/div>\n\t\t\t\t<\/div>\n\t\t<div class=\"elementor-element elementor-element-d123c9a e-flex e-con-boxed rt-default-class e-con e-parent\" data-id=\"d123c9a\" data-element_type=\"container\" data-e-type=\"container\" data-settings=\"{&quot;background_background&quot;:&quot;classic&quot;}\">\n\t\t\t\t\t<div class=\"e-con-inner\">\n\t\t<div class=\"elementor-element elementor-element-52a7a4a e-con-full e-flex rt-default-class e-con e-child\" data-id=\"52a7a4a\" data-element_type=\"container\" data-e-type=\"container\">\n\t\t\t\t<div class=\"elementor-element elementor-element-f6ff08e rt-default-class elementor-widget elementor-widget-image\" data-id=\"f6ff08e\" data-element_type=\"widget\" data-e-type=\"widget\" data-widget_type=\"image.default\">\n\t\t\t\t\t\t\t\t\t\t\t\t\t\t\t<img fetchpriority=\"high\" decoding=\"async\" width=\"780\" height=\"468\" src=\"https:\/\/londonacademy.ma\/wp-content\/uploads\/2026\/03\/8496773b537dbfd6aaac010d0a2730340bf7b256.jpeg\" class=\"attachment-full size-full wp-image-12590\" alt=\"Tuition Fees &amp; Enrollment\" srcset=\"https:\/\/londonacademy.ma\/wp-content\/uploads\/2026\/03\/8496773b537dbfd6aaac010d0a2730340bf7b256.jpeg 780w, https:\/\/londonacademy.ma\/wp-content\/uploads\/2026\/03\/8496773b537dbfd6aaac010d0a2730340bf7b256-300x180.jpeg 300w, https:\/\/londonacademy.ma\/wp-content\/uploads\/2026\/03\/8496773b537dbfd6aaac010d0a2730340bf7b256-768x461.jpeg 768w\" sizes=\"(max-width: 780px) 100vw, 780px\" \/>\t\t\t\t\t\t\t\t\t\t\t\t\t\t\t<\/div>\n\t\t\t\t<\/div>\n\t\t<div class=\"elementor-element elementor-element-6d6dbd9 e-con-full e-flex rt-default-class e-con e-child\" data-id=\"6d6dbd9\" data-element_type=\"container\" data-e-type=\"container\">\n\t\t\t\t<div class=\"elementor-element elementor-element-82355ac rt-default-class elementor-widget elementor-widget-heading\" data-id=\"82355ac\" data-element_type=\"widget\" data-e-type=\"widget\" data-widget_type=\"heading.default\">\n\t\t\t\t\t<h2 class=\"elementor-heading-title elementor-size-default\">Notre \u00e9cole est fi\u00e8rement accr\u00e9dit\u00e9e par de prestigieuses organisations \u00e9ducatives britanniques, garantissant l\u2019excellence acad\u00e9mique et un enseignement de haute qualit\u00e9. Ces accr\u00e9ditations t\u00e9moignent de notre engagement envers les standards internationaux, offrant \u00e0 chaque \u00e9l\u00e8ve un parcours \u00e9ducatif solide et reconnu \u00e0 l\u2019\u00e9chelle mondiale.<\/h2>\t\t\t\t<\/div>\n\t\t\t\t<\/div>\n\t\t\t\t\t<\/div>\n\t\t\t\t<\/div>\n\t\t<div class=\"elementor-element elementor-element-af573d4 e-flex e-con-boxed rt-default-class e-con e-parent\" data-id=\"af573d4\" data-element_type=\"container\" data-e-type=\"container\">\n\t\t\t\t\t<div class=\"e-con-inner\">\n\t\t<div class=\"elementor-element elementor-element-8002c00 e-con-full e-flex rt-default-class e-con e-child\" data-id=\"8002c00\" data-element_type=\"container\" data-e-type=\"container\">\n\t\t\t\t<div class=\"elementor-element elementor-element-0fdbc38 rt-default-class elementor-widget elementor-widget-heading\" data-id=\"0fdbc38\" data-element_type=\"widget\" data-e-type=\"widget\" data-widget_type=\"heading.default\">\n\t\t\t\t\t<h2 class=\"elementor-heading-title elementor-size-default\">Accr\u00e9ditations<\/h2>\t\t\t\t<\/div>\n\t\t\t\t<\/div>\n\t\t\t\t\t<\/div>\n\t\t\t\t<\/div>\n\t\t<div class=\"elementor-element elementor-element-9c7f76d e-flex e-con-boxed rt-default-class e-con e-parent\" data-id=\"9c7f76d\" data-element_type=\"container\" data-e-type=\"container\">\n\t\t\t\t\t<div class=\"e-con-inner\">\n\t\t<div class=\"elementor-element elementor-element-79439a6 e-grid e-con-full rt-default-class e-con e-child\" data-id=\"79439a6\" data-element_type=\"container\" data-e-type=\"container\">\n\t\t\t\t<div class=\"elementor-element elementor-element-681dc03 elementor-position-top rt-default-class elementor-widget elementor-widget-image-box\" data-id=\"681dc03\" data-element_type=\"widget\" data-e-type=\"widget\" data-widget_type=\"image-box.default\">\n\t\t\t\t\t<div class=\"elementor-image-box-wrapper\"><figure class=\"elementor-image-box-img\"><img decoding=\"async\" width=\"384\" height=\"142\" src=\"https:\/\/londonacademy.ma\/wp-content\/uploads\/2026\/03\/bso-logo.png\" class=\"attachment-full size-full wp-image-12577\" alt=\"\" srcset=\"https:\/\/londonacademy.ma\/wp-content\/uploads\/2026\/03\/bso-logo.png 384w, https:\/\/londonacademy.ma\/wp-content\/uploads\/2026\/03\/bso-logo-300x111.png 300w\" sizes=\"(max-width: 384px) 100vw, 384px\" \/><\/figure><div class=\"elementor-image-box-content\"><h3 class=\"elementor-image-box-title\">British School Overseas<\/h3><p class=\"elementor-image-box-description\">Obtenir l\u2019accr\u00e9ditation BSO signifie que London Academy r\u00e9pond \u00e0 des standards rigoureux comparables \u00e0 ceux des \u00e9coles ind\u00e9pendantes en Angleterre, \u00e9valu\u00e9s par un organisme inspecteur agr\u00e9\u00e9 par le D\u00e9partement britannique de l\u2019\u00c9ducation (DfE). Cette reconnaissance officielle garantit aux parents que l\u2019\u00e9cole respecte un haut niveau d\u2019excellence \u00e9ducative britannique dans son programme, son enseignement, le bien-\u00eatre des \u00e9l\u00e8ves et sa direction.<\/p><\/div><\/div>\t\t\t\t<\/div>\n\t\t\t\t<div class=\"elementor-element elementor-element-ea26f73 elementor-position-top rt-default-class elementor-widget elementor-widget-image-box\" data-id=\"ea26f73\" data-element_type=\"widget\" data-e-type=\"widget\" data-widget_type=\"image-box.default\">\n\t\t\t\t\t<div class=\"elementor-image-box-wrapper\"><figure class=\"elementor-image-box-img\"><img decoding=\"async\" width=\"2560\" height=\"941\" src=\"https:\/\/londonacademy.ma\/wp-content\/uploads\/2026\/03\/225abb8ff9250bf9541dff531f92c71f6c52548a-2875x1057-1-scaled-1.png\" class=\"attachment-full size-full wp-image-12572\" alt=\"\" srcset=\"https:\/\/londonacademy.ma\/wp-content\/uploads\/2026\/03\/225abb8ff9250bf9541dff531f92c71f6c52548a-2875x1057-1-scaled-1.png 2560w, https:\/\/londonacademy.ma\/wp-content\/uploads\/2026\/03\/225abb8ff9250bf9541dff531f92c71f6c52548a-2875x1057-1-scaled-1-300x110.png 300w, https:\/\/londonacademy.ma\/wp-content\/uploads\/2026\/03\/225abb8ff9250bf9541dff531f92c71f6c52548a-2875x1057-1-scaled-1-1024x376.png 1024w, https:\/\/londonacademy.ma\/wp-content\/uploads\/2026\/03\/225abb8ff9250bf9541dff531f92c71f6c52548a-2875x1057-1-scaled-1-768x282.png 768w, https:\/\/londonacademy.ma\/wp-content\/uploads\/2026\/03\/225abb8ff9250bf9541dff531f92c71f6c52548a-2875x1057-1-scaled-1-1536x565.png 1536w, https:\/\/londonacademy.ma\/wp-content\/uploads\/2026\/03\/225abb8ff9250bf9541dff531f92c71f6c52548a-2875x1057-1-scaled-1-2048x753.png 2048w\" sizes=\"(max-width: 2560px) 100vw, 2560px\" \/><\/figure><div class=\"elementor-image-box-content\"><h3 class=\"elementor-image-box-title\">OxfordAQA<\/h3><p class=\"elementor-image-box-description\">Notre affiliation avec OxfordAQA signifie que nous proposons des qualifications internationales d\u00e9velopp\u00e9es en partenariat entre Oxford University Press et AQA, le principal fournisseur de GCSE et A-Level en Angleterre. Cette accr\u00e9ditation garantit que nos qualifications sont directement align\u00e9es sur les standards britanniques et ont \u00e9t\u00e9 \u00e9valu\u00e9es de mani\u00e8re ind\u00e9pendante comme \u00e9quivalentes aux GCSE et A-Level britanniques, offrant aux \u00e9l\u00e8ves des parcours reconnus pour l\u2019enseignement sup\u00e9rieur \u00e0 l\u2019\u00e9chelle mondiale.<\/p><\/div><\/div>\t\t\t\t<\/div>\n\t\t\t\t<div class=\"elementor-element elementor-element-e37f0dd elementor-position-top rt-default-class elementor-widget elementor-widget-image-box\" data-id=\"e37f0dd\" data-element_type=\"widget\" data-e-type=\"widget\" data-widget_type=\"image-box.default\">\n\t\t\t\t\t<div class=\"elementor-image-box-wrapper\"><figure class=\"elementor-image-box-img\"><img loading=\"lazy\" decoding=\"async\" width=\"944\" height=\"452\" src=\"https:\/\/londonacademy.ma\/wp-content\/uploads\/2026\/03\/meduc.png\" class=\"attachment-full size-full wp-image-12556\" alt=\"\" srcset=\"https:\/\/londonacademy.ma\/wp-content\/uploads\/2026\/03\/meduc.png 944w, https:\/\/londonacademy.ma\/wp-content\/uploads\/2026\/03\/meduc-300x144.png 300w, https:\/\/londonacademy.ma\/wp-content\/uploads\/2026\/03\/meduc-768x368.png 768w\" sizes=\"(max-width: 944px) 100vw, 944px\" \/><\/figure><div class=\"elementor-image-box-content\"><h3 class=\"elementor-image-box-title\">Ministry of Education<\/h3><p class=\"elementor-image-box-description\">London Academy est un \u00e9tablissement \u00e9ducatif officiellement reconnu, ayant re\u00e7u l\u2019agr\u00e9ment du Minist\u00e8re marocain de l\u2019\u00c9ducation. Cette d\u00e9signation refl\u00e8te notre respect des standards \u00e9ducatifs \u00e9tablis et renforce notre engagement envers notre communaut\u00e9 internationale.<\/p><\/div><\/div>\t\t\t\t<\/div>\n\t\t\t\t<div class=\"elementor-element elementor-element-9d03fde elementor-position-top rt-default-class elementor-widget elementor-widget-image-box\" data-id=\"9d03fde\" data-element_type=\"widget\" data-e-type=\"widget\" data-widget_type=\"image-box.default\">\n\t\t\t\t\t<div class=\"elementor-image-box-wrapper\"><figure class=\"elementor-image-box-img\"><img loading=\"lazy\" decoding=\"async\" width=\"290\" height=\"80\" src=\"https:\/\/londonacademy.ma\/wp-content\/uploads\/2026\/03\/lrn.png\" class=\"attachment-full size-full wp-image-12555\" alt=\"\" \/><\/figure><div class=\"elementor-image-box-content\"><h3 class=\"elementor-image-box-title\">Learning Resource Network (LRN)<\/h3><p class=\"elementor-image-box-description\">London Academy a obtenu l\u2019accr\u00e9ditation du Learning Resource Network (LRN), ce qui lui permet de proposer \u00e0 ses \u00e9l\u00e8ves une gamme de formations de haute qualit\u00e9. Ce partenariat permet \u00e0 l\u2019\u00e9tablissement de d\u00e9livrer des qualifications reconnues, y compris les International GCSEs, avec un programme innovant qui int\u00e8gre d\u00e9sormais des mati\u00e8res contemporaines telles que l\u2019Intelligence Artificielle (IA), pr\u00e9parant ainsi les apprenants aux futures opportunit\u00e9s acad\u00e9miques et professionnelles.<\/p><\/div><\/div>\t\t\t\t<\/div>\n\t\t\t\t<div class=\"elementor-element elementor-element-dbc79e3 elementor-position-top rt-default-class elementor-widget elementor-widget-image-box\" data-id=\"dbc79e3\" data-element_type=\"widget\" data-e-type=\"widget\" data-widget_type=\"image-box.default\">\n\t\t\t\t\t<div class=\"elementor-image-box-wrapper\"><figure class=\"elementor-image-box-img\"><img loading=\"lazy\" decoding=\"async\" width=\"650\" height=\"239\" src=\"https:\/\/londonacademy.ma\/wp-content\/uploads\/2026\/03\/cognia.png\" class=\"attachment-full size-full wp-image-12554\" alt=\"\" srcset=\"https:\/\/londonacademy.ma\/wp-content\/uploads\/2026\/03\/cognia.png 650w, https:\/\/londonacademy.ma\/wp-content\/uploads\/2026\/03\/cognia-300x110.png 300w\" sizes=\"(max-width: 650px) 100vw, 650px\" \/><\/figure><div class=\"elementor-image-box-content\"><h3 class=\"elementor-image-box-title\">Cognia<\/h3><p class=\"elementor-image-box-description\">London Academy est fi\u00e8re de proposer le Dipl\u00f4me d\u2019\u00e9tudes secondaires am\u00e9ricain, soutenu par l\u2019accr\u00e9ditation Cognia. Cette accr\u00e9ditation rigoureuse et reconnue \u00e0 l\u2019\u00e9chelle mondiale confirme que notre programme et nos standards r\u00e9pondent aux plus hauts crit\u00e8res de qualit\u00e9 \u00e9ducative, garantissant \u00e0 nos dipl\u00f4m\u00e9s un dipl\u00f4me largement respect\u00e9 par les universit\u00e9s et employeurs aux \u00c9tats-Unis et \u00e0 l\u2019international.<\/p><\/div><\/div>\t\t\t\t<\/div>\n\t\t\t\t<div class=\"elementor-element elementor-element-6e27e77 elementor-position-top rt-default-class elementor-widget elementor-widget-image-box\" data-id=\"6e27e77\" data-element_type=\"widget\" data-e-type=\"widget\" data-widget_type=\"image-box.default\">\n\t\t\t\t\t<div class=\"elementor-image-box-wrapper\"><figure class=\"elementor-image-box-img\"><img loading=\"lazy\" decoding=\"async\" width=\"900\" height=\"316\" src=\"https:\/\/londonacademy.ma\/wp-content\/uploads\/2026\/03\/ncuk.png\" class=\"attachment-full size-full wp-image-12557\" alt=\"\" srcset=\"https:\/\/londonacademy.ma\/wp-content\/uploads\/2026\/03\/ncuk.png 900w, https:\/\/londonacademy.ma\/wp-content\/uploads\/2026\/03\/ncuk-300x105.png 300w, https:\/\/londonacademy.ma\/wp-content\/uploads\/2026\/03\/ncuk-768x270.png 768w\" sizes=\"(max-width: 900px) 100vw, 900px\" \/><\/figure><div class=\"elementor-image-box-content\"><h3 class=\"elementor-image-box-title\">NCUK<\/h3><p class=\"elementor-image-box-description\">En tant que centre d\u2019\u00e9tudes NCUK, London Academy propose des programmes tels que l\u2019International Foundation Year, offrant aux \u00e9tudiants internationaux un parcours fiable et valid\u00e9 vers les universit\u00e9s de premier plan dans le monde entier. Ce partenariat garantit un suivi rigoureux de la qualit\u00e9 du programme et des \u00e9valuations supervis\u00e9es par les partenaires universitaires de NCUK, offrant aux \u00e9tudiants une voie assur\u00e9e vers l\u2019enseignement sup\u00e9rieur \u00e0 l\u2019issue de leur r\u00e9ussite.<\/p><\/div><\/div>\t\t\t\t<\/div>\n\t\t\t\t<\/div>\n\t\t\t\t\t<\/div>\n\t\t\t\t<\/div>\n\t\t\t\t<\/div>","protected":false},"excerpt":{"rendered":"<p>Home Our school is proudly accredited by prestigious British educational organizations, ensuring academic excellence and high-quality teaching. These accreditations reflect our commitment to international standards, providing every student with a strong and globally recognized educational journey. Accreditations British School Overseas Achieving BSO accreditation signifies that London Academy meets rigorous standards comparable to those for independent&#8230;<\/p>","protected":false},"author":1,"featured_media":12339,"parent":0,"menu_order":0,"comment_status":"closed","ping_status":"closed","template":"elementor_header_footer","meta":{"footnotes":""},"class_list":["post-11736","page","type-page","status-publish","has-post-thumbnail","hentry"],"yoast_head":"<!-- This site is optimized with the Yoast SEO plugin v27.2 - https:\/\/yoast.com\/product\/yoast-seo-wordpress\/ -->\n<title>Accreditations | British International School | London Academy<\/title>\n<meta name=\"description\" content=\"London Academy Morocco is an accredited British school. Explore our UK certifications, Cambridge &amp; Pearson Edexcel approvals, and 100% English academic standards.\" \/>\n<meta name=\"robots\" content=\"index, follow, max-snippet:-1, max-image-preview:large, max-video-preview:-1\" \/>\n<link rel=\"canonical\" href=\"https:\/\/londonacademy.ma\/fr\/accreditations\/\" \/>\n<meta property=\"og:locale\" content=\"fr_FR\" \/>\n<meta property=\"og:type\" content=\"article\" \/>\n<meta property=\"og:title\" content=\"Accreditations | British International School | London Academy\" \/>\n<meta property=\"og:description\" content=\"London Academy Morocco is an accredited British school. Explore our UK certifications, Cambridge &amp; Pearson Edexcel approvals, and 100% English academic standards.\" \/>\n<meta property=\"og:url\" content=\"https:\/\/londonacademy.ma\/fr\/accreditations\/\" \/>\n<meta property=\"og:site_name\" content=\"London Academy\" \/>\n<meta property=\"og:image\" content=\"https:\/\/londonacademy.ma\/wp-content\/uploads\/2026\/02\/unnamed-1.png\" \/>\n\t<meta property=\"og:image:width\" content=\"1280\" \/>\n\t<meta property=\"og:image:height\" content=\"478\" \/>\n\t<meta property=\"og:image:type\" content=\"image\/png\" \/>\n<meta name=\"twitter:card\" content=\"summary_large_image\" \/>\n<meta name=\"twitter:label1\" content=\"Dur\u00e9e de lecture estim\u00e9e\" \/>\n\t<meta name=\"twitter:data1\" content=\"1 minute\" \/>\n<script type=\"application\/ld+json\" class=\"yoast-schema-graph\">{\"@context\":\"https:\/\/schema.org\",\"@graph\":[{\"@type\":\"WebPage\",\"@id\":\"https:\/\/londonacademy.ma\/accreditations\/\",\"url\":\"https:\/\/londonacademy.ma\/accreditations\/\",\"name\":\"Accreditations | British International School | London Academy\",\"isPartOf\":{\"@id\":\"https:\/\/londonacademy.ma\/#website\"},\"primaryImageOfPage\":{\"@id\":\"https:\/\/londonacademy.ma\/accreditations\/#primaryimage\"},\"image\":{\"@id\":\"https:\/\/londonacademy.ma\/accreditations\/#primaryimage\"},\"thumbnailUrl\":\"https:\/\/londonacademy.ma\/wp-content\/uploads\/2026\/02\/unnamed-1.png\",\"datePublished\":\"2025-01-22T11:49:17+00:00\",\"description\":\"London Academy Morocco is an accredited British school. Explore our UK certifications, Cambridge & Pearson Edexcel approvals, and 100% English academic standards.\",\"breadcrumb\":{\"@id\":\"https:\/\/londonacademy.ma\/accreditations\/#breadcrumb\"},\"inLanguage\":\"fr-FR\",\"potentialAction\":[{\"@type\":\"ReadAction\",\"target\":[\"https:\/\/londonacademy.ma\/accreditations\/\"]}]},{\"@type\":\"ImageObject\",\"inLanguage\":\"fr-FR\",\"@id\":\"https:\/\/londonacademy.ma\/accreditations\/#primaryimage\",\"url\":\"https:\/\/londonacademy.ma\/wp-content\/uploads\/2026\/02\/unnamed-1.png\",\"contentUrl\":\"https:\/\/londonacademy.ma\/wp-content\/uploads\/2026\/02\/unnamed-1.png\",\"width\":1280,\"height\":478,\"caption\":\"Accreditations British International School\"},{\"@type\":\"BreadcrumbList\",\"@id\":\"https:\/\/londonacademy.ma\/accreditations\/#breadcrumb\",\"itemListElement\":[{\"@type\":\"ListItem\",\"position\":1,\"name\":\"Accueil\",\"item\":\"https:\/\/londonacademy.ma\/\"},{\"@type\":\"ListItem\",\"position\":2,\"name\":\"Accreditations\"}]},{\"@type\":\"WebSite\",\"@id\":\"https:\/\/londonacademy.ma\/#website\",\"url\":\"https:\/\/londonacademy.ma\/\",\"name\":\"London Academy\",\"description\":\"\",\"potentialAction\":[{\"@type\":\"SearchAction\",\"target\":{\"@type\":\"EntryPoint\",\"urlTemplate\":\"https:\/\/londonacademy.ma\/?s={search_term_string}\"},\"query-input\":{\"@type\":\"PropertyValueSpecification\",\"valueRequired\":true,\"valueName\":\"search_term_string\"}}],\"inLanguage\":\"fr-FR\"}]}<\/script>\n<!-- \/ Yoast SEO plugin. -->","yoast_head_json":{"title":"Accr\u00e9ditations de London Academy | Standards Britanniques","description":"Une \u00e9ducation certifi\u00e9e par Cambridge, Pearson et OxfordAQA. D\u00e9couvrez les accr\u00e9ditations internationales de London Academy garantissant l'excellence acad\u00e9mique.","robots":{"index":"index","follow":"follow","max-snippet":"max-snippet:-1","max-image-preview":"max-image-preview:large","max-video-preview":"max-video-preview:-1"},"canonical":"https:\/\/londonacademy.ma\/fr\/accreditations\/","og_locale":"fr_FR","og_type":"article","og_title":"Accreditations | British International School | London Academy","og_description":"London Academy Morocco is an accredited British school. Explore our UK certifications, Cambridge & Pearson Edexcel approvals, and 100% English academic standards.","og_url":"https:\/\/londonacademy.ma\/fr\/accreditations\/","og_site_name":"London Academy","og_image":[{"width":1280,"height":478,"url":"https:\/\/londonacademy.ma\/wp-content\/uploads\/2026\/02\/unnamed-1.png","type":"image\/png"}],"twitter_card":"summary_large_image","twitter_misc":{"Dur\u00e9e de lecture estim\u00e9e":"1 minute"},"schema":{"@context":"https:\/\/schema.org","@graph":[{"@type":"WebPage","@id":"https:\/\/londonacademy.ma\/accreditations\/","url":"https:\/\/londonacademy.ma\/accreditations\/","name":"Accr\u00e9ditations de London Academy | Standards Britanniques","isPartOf":{"@id":"https:\/\/londonacademy.ma\/#website"},"primaryImageOfPage":{"@id":"https:\/\/londonacademy.ma\/accreditations\/#primaryimage"},"image":{"@id":"https:\/\/londonacademy.ma\/accreditations\/#primaryimage"},"thumbnailUrl":"https:\/\/londonacademy.ma\/wp-content\/uploads\/2026\/02\/unnamed-1.png","datePublished":"2025-01-22T11:49:17+00:00","description":"Une \u00e9ducation certifi\u00e9e par Cambridge, Pearson et OxfordAQA. D\u00e9couvrez les accr\u00e9ditations internationales de London Academy garantissant l'excellence acad\u00e9mique.","breadcrumb":{"@id":"https:\/\/londonacademy.ma\/accreditations\/#breadcrumb"},"inLanguage":"fr-FR","potentialAction":[{"@type":"ReadAction","target":["https:\/\/londonacademy.ma\/accreditations\/"]}]},{"@type":"ImageObject","inLanguage":"fr-FR","@id":"https:\/\/londonacademy.ma\/accreditations\/#primaryimage","url":"https:\/\/londonacademy.ma\/wp-content\/uploads\/2026\/02\/unnamed-1.png","contentUrl":"https:\/\/londonacademy.ma\/wp-content\/uploads\/2026\/02\/unnamed-1.png","width":1280,"height":478,"caption":"Accreditations British International School"},{"@type":"BreadcrumbList","@id":"https:\/\/londonacademy.ma\/accreditations\/#breadcrumb","itemListElement":[{"@type":"ListItem","position":1,"name":"Accueil","item":"https:\/\/londonacademy.ma\/"},{"@type":"ListItem","position":2,"name":"Accreditations"}]},{"@type":"WebSite","@id":"https:\/\/londonacademy.ma\/#website","url":"https:\/\/londonacademy.ma\/","name":"London Academy","description":"","potentialAction":[{"@type":"SearchAction","target":{"@type":"EntryPoint","urlTemplate":"https:\/\/londonacademy.ma\/?s={search_term_string}"},"query-input":{"@type":"PropertyValueSpecification","valueRequired":true,"valueName":"search_term_string"}}],"inLanguage":"fr-FR"}]}},"_links":{"self":[{"href":"https:\/\/londonacademy.ma\/fr\/wp-json\/wp\/v2\/pages\/11736","targetHints":{"allow":["GET"]}}],"collection":[{"href":"https:\/\/londonacademy.ma\/fr\/wp-json\/wp\/v2\/pages"}],"about":[{"href":"https:\/\/londonacademy.ma\/fr\/wp-json\/wp\/v2\/types\/page"}],"author":[{"embeddable":true,"href":"https:\/\/londonacademy.ma\/fr\/wp-json\/wp\/v2\/users\/1"}],"replies":[{"embeddable":true,"href":"https:\/\/londonacademy.ma\/fr\/wp-json\/wp\/v2\/comments?post=11736"}],"version-history":[{"count":0,"href":"https:\/\/londonacademy.ma\/fr\/wp-json\/wp\/v2\/pages\/11736\/revisions"}],"wp:featuredmedia":[{"embeddable":true,"href":"https:\/\/londonacademy.ma\/fr\/wp-json\/wp\/v2\/media\/12339"}],"wp:attachment":[{"href":"https:\/\/londonacademy.ma\/fr\/wp-json\/wp\/v2\/media?parent=11736"}],"curies":[{"name":"wp","href":"https:\/\/api.w.org\/{rel}","templated":true}]}}