{"id":12669,"date":"2026-03-02T22:06:49","date_gmt":"2026-03-02T22:06:49","guid":{"rendered":"https:\/\/londonacademy.ma\/?page_id=12669"},"modified":"2026-03-02T22:06:49","modified_gmt":"2026-03-02T22:06:49","slug":"resultats","status":"publish","type":"page","link":"https:\/\/londonacademy.ma\/fr\/results\/","title":{"rendered":"R\u00e9sultats"},"content":{"rendered":"<div data-elementor-type=\"wp-page\" data-elementor-id=\"12669\" class=\"elementor elementor-12669\">\n\t\t\t\t<div class=\"elementor-element elementor-element-36041b9 e-flex e-con-boxed rt-default-class e-con e-parent\" data-id=\"36041b9\" data-element_type=\"container\" data-e-type=\"container\" data-settings=\"{&quot;background_background&quot;:&quot;classic&quot;,&quot;animation&quot;:&quot;none&quot;}\">\n\t\t\t\t\t<div class=\"e-con-inner\">\n\t\t\t\t<div class=\"elementor-element elementor-element-4a1029a content-align-center rt-default-class elementor-widget elementor-widget-rtbreadrumb\" data-id=\"4a1029a\" data-element_type=\"widget\" data-e-type=\"widget\" data-widget_type=\"rtbreadrumb.default\">\n\t\t\t\t<div class=\"elementor-widget-container\">\n\t\t\t\t\t    <div class=\"reactheme-breadcrumb\">\n        <div class=\"breadcrumb-inner container\">\n            <h1 class=\"page-title\"><\/h1>\n            <div class=\"breadcrumb-path\">\n                <a href=\"https:\/\/londonacademy.ma\/fr\/\">Home<\/a>            <\/div>\n        <\/div>\n    <\/div>\n    \t\t\t\t<\/div>\n\t\t\t\t<\/div>\n\t\t\t\t\t<\/div>\n\t\t\t\t<\/div>\n\t\t<div class=\"elementor-element elementor-element-6f7b82c e-flex e-con-boxed rt-default-class e-con e-parent\" data-id=\"6f7b82c\" data-element_type=\"container\" data-e-type=\"container\">\n\t\t\t\t\t<div class=\"e-con-inner\">\n\t\t<div class=\"elementor-element elementor-element-8b3d70f e-con-full e-flex rt-default-class e-con e-child\" data-id=\"8b3d70f\" data-element_type=\"container\" data-e-type=\"container\">\n\t\t\t\t<div class=\"elementor-element elementor-element-1f64c3f rt-default-class elementor-widget elementor-widget-heading\" data-id=\"1f64c3f\" data-element_type=\"widget\" data-e-type=\"widget\" data-widget_type=\"heading.default\">\n\t\t\t\t\t<h2 class=\"elementor-heading-title elementor-size-default\">CAMPUS RABAT<\/h2>\t\t\t\t<\/div>\n\t\t\t\t<div class=\"elementor-element elementor-element-a5f92e8 rt-default-class elementor-widget elementor-widget-rt-react-image\" data-id=\"a5f92e8\" data-element_type=\"widget\" data-e-type=\"widget\" data-widget_type=\"rt-react-image.default\">\n\t\t\t\t<div class=\"elementor-widget-container\">\n\t\t\t\t\t                        <div class=\"reveal-item overflow-hidden aos-init\">\n                     <div class=\"reveal-animation reveal-end reveal-primary aos aos-init\" data-aos=\"reveal-end\"><\/div>\n                     <img decoding=\"async\" class=\"react-multi-image\" src=\"https:\/\/londonacademy.ma\/wp-content\/uploads\/2026\/03\/results-rabat.jpg\" alt=\"\"\/>\n                 <\/div>\n                        \n    \t\t\t\t<\/div>\n\t\t\t\t<\/div>\n\t\t\t\t<\/div>\n\t\t<div class=\"elementor-element elementor-element-78fb17b e-con-full e-flex rt-default-class e-con e-child\" data-id=\"78fb17b\" data-element_type=\"container\" data-e-type=\"container\">\n\t\t\t\t<div class=\"elementor-element elementor-element-0685041 rt-default-class elementor-widget elementor-widget-heading\" data-id=\"0685041\" data-element_type=\"widget\" data-e-type=\"widget\" data-widget_type=\"heading.default\">\n\t\t\t\t\t<h2 class=\"elementor-heading-title elementor-size-default\">CAMPUS CASABLANCA<\/h2>\t\t\t\t<\/div>\n\t\t\t\t<div class=\"elementor-element elementor-element-cbbbc20 rt-default-class elementor-widget elementor-widget-rt-react-image\" data-id=\"cbbbc20\" data-element_type=\"widget\" data-e-type=\"widget\" data-widget_type=\"rt-react-image.default\">\n\t\t\t\t<div class=\"elementor-widget-container\">\n\t\t\t\t\t                        <div class=\"reveal-item overflow-hidden aos-init\">\n                     <div class=\"reveal-animation reveal-end reveal-primary aos aos-init\" data-aos=\"reveal-end\"><\/div>\n                     <img decoding=\"async\" class=\"react-multi-image\" src=\"https:\/\/londonacademy.ma\/wp-content\/uploads\/2026\/03\/results-casa.jpg\" alt=\"\"\/>\n                 <\/div>\n                        \n    \t\t\t\t<\/div>\n\t\t\t\t<\/div>\n\t\t\t\t<\/div>\n\t\t\t\t\t<\/div>\n\t\t\t\t<\/div>\n\t\t<div class=\"elementor-element elementor-element-098fcd2 e-flex e-con-boxed rt-default-class e-con e-parent\" data-id=\"098fcd2\" data-element_type=\"container\" data-e-type=\"container\">\n\t\t\t\t\t<div class=\"e-con-inner\">\n\t\t\t\t<div class=\"elementor-element elementor-element-2d62caa rt-default-class elementor-widget elementor-widget-text-editor\" data-id=\"2d62caa\" data-element_type=\"widget\" data-e-type=\"widget\" data-widget_type=\"text-editor.default\">\n\t\t\t\t\t\t\t\t\t<ul><li class=\"zfr3Q CDt4Ke\" dir=\"ltr\" role=\"presentation\"><span class=\"C9DxTc\">IGCSEs 24-25 &#8211;\u00a0<\/span><span class=\"C9DxTc\">H<strong>ighest in the world<\/strong><\/span><span class=\"C9DxTc\"><strong> IGCSE<\/strong> French\u00a0<\/span><\/li><li class=\"zfr3Q CDt4Ke\" dir=\"ltr\" role=\"presentation\"><span class=\"C9DxTc\">IGCSEs 24-25 &#8211;\u00a0<\/span><strong><span class=\"C9DxTc\">Highest in MENA<\/span><\/strong><span class=\"C9DxTc\"> IGCSE Business\u00a0<\/span><\/li><li class=\"zfr3Q CDt4Ke\" dir=\"ltr\" role=\"presentation\"><span class=\"C9DxTc\">IGCSEs 24-25 &#8211;\u00a0<\/span><strong><span class=\"C9DxTc\">Highest in MENA<\/span><\/strong><span class=\"C9DxTc\">\u00a0IGCSE\u00a0<\/span><span class=\"C9DxTc\">Maths<\/span><\/li><li class=\"zfr3Q CDt4Ke\" dir=\"ltr\" role=\"presentation\"><span class=\"C9DxTc\">IGCSEs 24-25 &#8211;\u00a0<\/span><strong><span class=\"C9DxTc\">Highest in MENA<\/span><\/strong><span class=\"C9DxTc\"><strong>\u00a0IGCSE<\/strong>\u00a0<\/span><span class=\"C9DxTc\">Combined Science<\/span><span class=\"C9DxTc\">\u00a0<\/span><\/li><\/ul>\t\t\t\t\t\t\t\t<\/div>\n\t\t\t\t\t<\/div>\n\t\t\t\t<\/div>\n\t\t\t\t<\/div>","protected":false},"excerpt":{"rendered":"<p>Home RABAT CAMPUS CASABLANCA CAMPUS IGCSEs 24-25 &#8211;\u00a0Highest in the world IGCSE French\u00a0 IGCSEs 24-25 &#8211;\u00a0Highest in MENA IGCSE Business\u00a0 IGCSEs 24-25 &#8211;\u00a0Highest in MENA\u00a0IGCSE\u00a0Maths IGCSEs 24-25 &#8211;\u00a0Highest in MENA\u00a0IGCSE\u00a0Combined Science\u00a0<\/p>","protected":false},"author":1,"featured_media":12678,"parent":0,"menu_order":0,"comment_status":"closed","ping_status":"closed","template":"elementor_header_footer","meta":{"footnotes":""},"class_list":["post-12669","page","type-page","status-publish","has-post-thumbnail","hentry"],"yoast_head":"<!-- This site is optimized with the Yoast SEO plugin v27.2 - https:\/\/yoast.com\/product\/yoast-seo-wordpress\/ -->\n<title>Exam Results | London Academy<\/title>\n<meta name=\"description\" content=\"Explore the outstanding IGCSE and A-Level results at London Academy Maroc. See how our 100% English curriculum leads students to top global universities.\" \/>\n<meta name=\"robots\" content=\"index, follow, max-snippet:-1, max-image-preview:large, max-video-preview:-1\" \/>\n<link rel=\"canonical\" href=\"https:\/\/londonacademy.ma\/fr\/resultats\/\" \/>\n<meta property=\"og:locale\" content=\"fr_FR\" \/>\n<meta property=\"og:type\" content=\"article\" \/>\n<meta property=\"og:title\" content=\"Exam Results | London Academy\" \/>\n<meta property=\"og:description\" content=\"Explore the outstanding IGCSE and A-Level results at London Academy Maroc. See how our 100% English curriculum leads students to top global universities.\" \/>\n<meta property=\"og:url\" content=\"https:\/\/londonacademy.ma\/fr\/resultats\/\" \/>\n<meta property=\"og:site_name\" content=\"London Academy\" \/>\n<meta property=\"og:image\" content=\"https:\/\/londonacademy.ma\/wp-content\/uploads\/2026\/03\/results-rabat.jpg\" \/>\n\t<meta property=\"og:image:width\" content=\"819\" \/>\n\t<meta property=\"og:image:height\" content=\"2048\" \/>\n\t<meta property=\"og:image:type\" content=\"image\/jpeg\" \/>\n<meta name=\"twitter:card\" content=\"summary_large_image\" \/>\n<meta name=\"twitter:label1\" content=\"Dur\u00e9e de lecture estim\u00e9e\" \/>\n\t<meta name=\"twitter:data1\" content=\"1 minute\" \/>\n<script type=\"application\/ld+json\" class=\"yoast-schema-graph\">{\"@context\":\"https:\/\/schema.org\",\"@graph\":[{\"@type\":\"WebPage\",\"@id\":\"https:\/\/londonacademy.ma\/results\/\",\"url\":\"https:\/\/londonacademy.ma\/results\/\",\"name\":\"Exam Results | London Academy\",\"isPartOf\":{\"@id\":\"https:\/\/londonacademy.ma\/#website\"},\"primaryImageOfPage\":{\"@id\":\"https:\/\/londonacademy.ma\/results\/#primaryimage\"},\"image\":{\"@id\":\"https:\/\/londonacademy.ma\/results\/#primaryimage\"},\"thumbnailUrl\":\"https:\/\/londonacademy.ma\/wp-content\/uploads\/2026\/03\/results-rabat.jpg\",\"datePublished\":\"2026-03-02T22:06:49+00:00\",\"description\":\"Explore the outstanding IGCSE and A-Level results at London Academy Maroc. See how our 100% English curriculum leads students to top global universities.\",\"breadcrumb\":{\"@id\":\"https:\/\/londonacademy.ma\/results\/#breadcrumb\"},\"inLanguage\":\"fr-FR\",\"potentialAction\":[{\"@type\":\"ReadAction\",\"target\":[\"https:\/\/londonacademy.ma\/results\/\"]}]},{\"@type\":\"ImageObject\",\"inLanguage\":\"fr-FR\",\"@id\":\"https:\/\/londonacademy.ma\/results\/#primaryimage\",\"url\":\"https:\/\/londonacademy.ma\/wp-content\/uploads\/2026\/03\/results-rabat.jpg\",\"contentUrl\":\"https:\/\/londonacademy.ma\/wp-content\/uploads\/2026\/03\/results-rabat.jpg\",\"width\":819,\"height\":2048,\"caption\":\"Exam Results\"},{\"@type\":\"BreadcrumbList\",\"@id\":\"https:\/\/londonacademy.ma\/results\/#breadcrumb\",\"itemListElement\":[{\"@type\":\"ListItem\",\"position\":1,\"name\":\"Accueil\",\"item\":\"https:\/\/londonacademy.ma\/\"},{\"@type\":\"ListItem\",\"position\":2,\"name\":\"Results\"}]},{\"@type\":\"WebSite\",\"@id\":\"https:\/\/londonacademy.ma\/#website\",\"url\":\"https:\/\/londonacademy.ma\/\",\"name\":\"London Academy\",\"description\":\"\",\"potentialAction\":[{\"@type\":\"SearchAction\",\"target\":{\"@type\":\"EntryPoint\",\"urlTemplate\":\"https:\/\/londonacademy.ma\/?s={search_term_string}\"},\"query-input\":{\"@type\":\"PropertyValueSpecification\",\"valueRequired\":true,\"valueName\":\"search_term_string\"}}],\"inLanguage\":\"fr-FR\"}]}<\/script>\n<!-- \/ Yoast SEO plugin. -->","yoast_head_json":{"title":"R\u00e9sultats des Examens | London Academy","description":"Consultez les r\u00e9sultats aux examens de London Academy. D\u00e9couvrez les performances exceptionnelles de nos \u00e9l\u00e8ves aux IGCSE et A-Levels \u00e0 Casablanca et Rabat.","robots":{"index":"index","follow":"follow","max-snippet":"max-snippet:-1","max-image-preview":"max-image-preview:large","max-video-preview":"max-video-preview:-1"},"canonical":"https:\/\/londonacademy.ma\/fr\/resultats\/","og_locale":"fr_FR","og_type":"article","og_title":"Exam Results | London Academy","og_description":"Explore the outstanding IGCSE and A-Level results at London Academy Maroc. See how our 100% English curriculum leads students to top global universities.","og_url":"https:\/\/londonacademy.ma\/fr\/resultats\/","og_site_name":"London Academy","og_image":[{"width":819,"height":2048,"url":"https:\/\/londonacademy.ma\/wp-content\/uploads\/2026\/03\/results-rabat.jpg","type":"image\/jpeg"}],"twitter_card":"summary_large_image","twitter_misc":{"Dur\u00e9e de lecture estim\u00e9e":"1 minute"},"schema":{"@context":"https:\/\/schema.org","@graph":[{"@type":"WebPage","@id":"https:\/\/londonacademy.ma\/results\/","url":"https:\/\/londonacademy.ma\/results\/","name":"R\u00e9sultats des Examens | London Academy","isPartOf":{"@id":"https:\/\/londonacademy.ma\/#website"},"primaryImageOfPage":{"@id":"https:\/\/londonacademy.ma\/results\/#primaryimage"},"image":{"@id":"https:\/\/londonacademy.ma\/results\/#primaryimage"},"thumbnailUrl":"https:\/\/londonacademy.ma\/wp-content\/uploads\/2026\/03\/results-rabat.jpg","datePublished":"2026-03-02T22:06:49+00:00","description":"Consultez les r\u00e9sultats aux examens de London Academy. D\u00e9couvrez les performances exceptionnelles de nos \u00e9l\u00e8ves aux IGCSE et A-Levels \u00e0 Casablanca et Rabat.","breadcrumb":{"@id":"https:\/\/londonacademy.ma\/results\/#breadcrumb"},"inLanguage":"fr-FR","potentialAction":[{"@type":"ReadAction","target":["https:\/\/londonacademy.ma\/results\/"]}]},{"@type":"ImageObject","inLanguage":"fr-FR","@id":"https:\/\/londonacademy.ma\/results\/#primaryimage","url":"https:\/\/londonacademy.ma\/wp-content\/uploads\/2026\/03\/results-rabat.jpg","contentUrl":"https:\/\/londonacademy.ma\/wp-content\/uploads\/2026\/03\/results-rabat.jpg","width":819,"height":2048,"caption":"Exam Results"},{"@type":"BreadcrumbList","@id":"https:\/\/londonacademy.ma\/results\/#breadcrumb","itemListElement":[{"@type":"ListItem","position":1,"name":"Accueil","item":"https:\/\/londonacademy.ma\/"},{"@type":"ListItem","position":2,"name":"Results"}]},{"@type":"WebSite","@id":"https:\/\/londonacademy.ma\/#website","url":"https:\/\/londonacademy.ma\/","name":"London Academy","description":"","potentialAction":[{"@type":"SearchAction","target":{"@type":"EntryPoint","urlTemplate":"https:\/\/londonacademy.ma\/?s={search_term_string}"},"query-input":{"@type":"PropertyValueSpecification","valueRequired":true,"valueName":"search_term_string"}}],"inLanguage":"fr-FR"}]}},"_links":{"self":[{"href":"https:\/\/londonacademy.ma\/fr\/wp-json\/wp\/v2\/pages\/12669","targetHints":{"allow":["GET"]}}],"collection":[{"href":"https:\/\/londonacademy.ma\/fr\/wp-json\/wp\/v2\/pages"}],"about":[{"href":"https:\/\/londonacademy.ma\/fr\/wp-json\/wp\/v2\/types\/page"}],"author":[{"embeddable":true,"href":"https:\/\/londonacademy.ma\/fr\/wp-json\/wp\/v2\/users\/1"}],"replies":[{"embeddable":true,"href":"https:\/\/londonacademy.ma\/fr\/wp-json\/wp\/v2\/comments?post=12669"}],"version-history":[{"count":0,"href":"https:\/\/londonacademy.ma\/fr\/wp-json\/wp\/v2\/pages\/12669\/revisions"}],"wp:featuredmedia":[{"embeddable":true,"href":"https:\/\/londonacademy.ma\/fr\/wp-json\/wp\/v2\/media\/12678"}],"wp:attachment":[{"href":"https:\/\/londonacademy.ma\/fr\/wp-json\/wp\/v2\/media?parent=12669"}],"curies":[{"name":"wp","href":"https:\/\/api.w.org\/{rel}","templated":true}]}}