{"id":12687,"date":"2026-03-03T12:32:36","date_gmt":"2026-03-03T12:32:36","guid":{"rendered":"https:\/\/londonacademy.ma\/?page_id=12687"},"modified":"2026-03-03T12:32:36","modified_gmt":"2026-03-03T12:32:36","slug":"curriculum","status":"publish","type":"page","link":"https:\/\/londonacademy.ma\/fr\/curriculum\/","title":{"rendered":"Prorgamme"},"content":{"rendered":"<div data-elementor-type=\"wp-page\" data-elementor-id=\"12687\" class=\"elementor elementor-12687\">\n\t\t\t\t<div class=\"elementor-element elementor-element-36041b9 e-flex e-con-boxed rt-default-class e-con e-parent\" data-id=\"36041b9\" data-element_type=\"container\" data-e-type=\"container\" data-settings=\"{&quot;background_background&quot;:&quot;classic&quot;,&quot;animation&quot;:&quot;none&quot;}\">\n\t\t\t\t\t<div class=\"e-con-inner\">\n\t\t\t\t<div class=\"elementor-element elementor-element-4a1029a content-align-center rt-default-class elementor-widget elementor-widget-rtbreadrumb\" data-id=\"4a1029a\" data-element_type=\"widget\" data-e-type=\"widget\" data-widget_type=\"rtbreadrumb.default\">\n\t\t\t\t<div class=\"elementor-widget-container\">\n\t\t\t\t\t    <div class=\"reactheme-breadcrumb\">\n        <div class=\"breadcrumb-inner container\">\n            <h1 class=\"page-title\"><\/h1>\n            <div class=\"breadcrumb-path\">\n                <a href=\"https:\/\/londonacademy.ma\/fr\/\">Home<\/a>            <\/div>\n        <\/div>\n    <\/div>\n    \t\t\t\t<\/div>\n\t\t\t\t<\/div>\n\t\t\t\t\t<\/div>\n\t\t\t\t<\/div>\n\t\t<div class=\"elementor-element elementor-element-1750177 e-flex e-con-boxed rt-default-class e-con e-parent\" data-id=\"1750177\" data-element_type=\"container\" data-e-type=\"container\" data-settings=\"{&quot;background_background&quot;:&quot;classic&quot;}\">\n\t\t\t\t\t<div class=\"e-con-inner\">\n\t\t<div class=\"elementor-element elementor-element-e6f04e7 e-con-full e-flex rt-default-class e-con e-child\" data-id=\"e6f04e7\" data-element_type=\"container\" data-e-type=\"container\">\n\t\t\t\t<div class=\"elementor-element elementor-element-296b2ab rt-default-class elementor-widget elementor-widget-heading\" data-id=\"296b2ab\" data-element_type=\"widget\" data-e-type=\"widget\" data-widget_type=\"heading.default\">\n\t\t\t\t\t<h1 class=\"elementor-heading-title elementor-size-default\">Un Programme qui fait la diff\u00e9rence<\/h1>\t\t\t\t<\/div>\n\t\t\t\t<\/div>\n\t\t<div class=\"elementor-element elementor-element-0906107 e-con-full e-flex rt-default-class e-con e-child\" data-id=\"0906107\" data-element_type=\"container\" data-e-type=\"container\">\n\t\t\t\t<div class=\"elementor-element elementor-element-396c476 rt-default-class elementor-widget elementor-widget-text-editor\" data-id=\"396c476\" data-element_type=\"widget\" data-e-type=\"widget\" data-widget_type=\"text-editor.default\">\n\t\t\t\t\t\t\t\t\t<p>Nous offrons une \u00e9ducation solide bas\u00e9e sur le National Curriculum britannique, les programmes IGCSE et A-Level \/ NCUK. Ce qui nous distingue, c\u2019est notre engagement fort envers les technologies innovantes.<\/p>\t\t\t\t\t\t\t\t<\/div>\n\t\t\t\t<\/div>\n\t\t\t\t\t<\/div>\n\t\t\t\t<\/div>\n\t\t<div class=\"elementor-element elementor-element-13dbd55 e-flex e-con-boxed rt-default-class e-con e-parent\" data-id=\"13dbd55\" data-element_type=\"container\" data-e-type=\"container\">\n\t\t\t\t\t<div class=\"e-con-inner\">\n\t\t\t\t<div class=\"elementor-element elementor-element-2807ba3 rt-primary-colors elementor-widget-divider--view-line elementor-widget elementor-widget-divider\" data-id=\"2807ba3\" data-element_type=\"widget\" data-e-type=\"widget\" data-widget_type=\"divider.default\">\n\t\t\t\t\t\t\t<div class=\"elementor-divider\">\n\t\t\t<span class=\"elementor-divider-separator\">\n\t\t\t\t\t\t<\/span>\n\t\t<\/div>\n\t\t\t\t\t\t<\/div>\n\t\t\t\t\t<\/div>\n\t\t\t\t<\/div>\n\t\t<div class=\"elementor-element elementor-element-1d4c4b1 e-flex e-con-boxed rt-default-class e-con e-parent\" data-id=\"1d4c4b1\" data-element_type=\"container\" data-e-type=\"container\">\n\t\t\t\t\t<div class=\"e-con-inner\">\n\t\t\t\t<div class=\"elementor-element elementor-element-15f3464 elementor-widget__width-initial rt-default-class elementor-widget elementor-widget-image\" data-id=\"15f3464\" data-element_type=\"widget\" data-e-type=\"widget\" data-widget_type=\"image.default\">\n\t\t\t\t\t\t\t\t\t\t\t\t\t\t\t<img fetchpriority=\"high\" decoding=\"async\" width=\"640\" height=\"853\" src=\"https:\/\/londonacademy.ma\/wp-content\/uploads\/2026\/03\/Curriculum-768x1024.jpg\" class=\"attachment-large size-large wp-image-12690\" alt=\"\" srcset=\"https:\/\/londonacademy.ma\/wp-content\/uploads\/2026\/03\/Curriculum-768x1024.jpg 768w, https:\/\/londonacademy.ma\/wp-content\/uploads\/2026\/03\/Curriculum-225x300.jpg 225w, https:\/\/londonacademy.ma\/wp-content\/uploads\/2026\/03\/Curriculum-1152x1536.jpg 1152w, https:\/\/londonacademy.ma\/wp-content\/uploads\/2026\/03\/Curriculum.jpg 1280w\" sizes=\"(max-width: 640px) 100vw, 640px\" \/>\t\t\t\t\t\t\t\t\t\t\t\t\t\t\t<\/div>\n\t\t\t\t\t<\/div>\n\t\t\t\t<\/div>\n\t\t<div class=\"elementor-element elementor-element-b4701f9 e-flex e-con-boxed rt-default-class e-con e-parent\" data-id=\"b4701f9\" data-element_type=\"container\" data-e-type=\"container\" data-settings=\"{&quot;background_background&quot;:&quot;classic&quot;}\">\n\t\t\t\t\t<div class=\"e-con-inner\">\n\t\t\t\t<div class=\"elementor-element elementor-element-e0589b6 rt-default-class elementor-widget elementor-widget-text-editor\" data-id=\"e0589b6\" data-element_type=\"widget\" data-e-type=\"widget\" data-widget_type=\"text-editor.default\">\n\t\t\t\t\t\t\t\t\t<section id=\"h.4e829b11b210a726_3\" class=\"yaqOZd\"><div class=\"mYVXT\"><div class=\"LS81yb VICjCf j5pSsc db35Fc\" tabindex=\"-1\"><div class=\"hJDwNd-AhqUyc-uQSCkd Ft7HRd-AhqUyc-uQSCkd purZT-AhqUyc-II5mzb ZcASvf-AhqUyc-II5mzb pSzOP-AhqUyc-qWD73c Ktthjf-AhqUyc-qWD73c JNdkSc SQVYQc\"><div class=\"JNdkSc-SmKAyb LkDMRd\"><div class=\"\"><div class=\"oKdM2c ZZyype Kzv0Me\"><div id=\"h.4e829b11b210a726_0\" class=\"hJDwNd-AhqUyc-uQSCkd Ft7HRd-AhqUyc-uQSCkd jXK9ad D2fZ2 zu5uec OjCsFc dmUFtb wHaque g5GTcb\"><div class=\"jXK9ad-SmKAyb\"><div class=\"tyJCtd mGzaTb Depvyb baZpAe\"><h2 class=\"zfr3Q CDt4Ke\" dir=\"ltr\" style=\"text-align: center;\"><span class=\"puwcIf C9DxTc\">Un Programme qui fait la diff\u00e9rence<\/span><\/h2><\/div><\/div><\/div><\/div><\/div><\/div><\/div><\/div><\/div><\/section><section id=\"h.4e829b11b210a726_4\" class=\"yaqOZd\"><div class=\"mYVXT\"><div class=\"LS81yb VICjCf j5pSsc db35Fc\" tabindex=\"-1\"><div class=\"hJDwNd-AhqUyc-uQSCkd Ft7HRd-AhqUyc-uQSCkd purZT-AhqUyc-II5mzb ZcASvf-AhqUyc-II5mzb pSzOP-AhqUyc-qWD73c Ktthjf-AhqUyc-qWD73c JNdkSc SQVYQc\"><div class=\"JNdkSc-SmKAyb LkDMRd\"><div class=\"\"><div class=\"oKdM2c ZZyype Kzv0Me\"><div id=\"h.4e829b11b210a726_7\" class=\"hJDwNd-AhqUyc-uQSCkd Ft7HRd-AhqUyc-uQSCkd jXK9ad D2fZ2 zu5uec OjCsFc dmUFtb wHaque g5GTcb\"><div class=\"jXK9ad-SmKAyb\"><div class=\"tyJCtd mGzaTb Depvyb baZpAe\"><p class=\"zfr3Q CDt4Ke\" dir=\"ltr\"><span class=\"C9DxTc\">Nous offrons une \u00e9ducation solide bas\u00e9e sur le National Curriculum britannique, les programmes IGCSE et A-Level \/ NCUK. Ce qui nous distingue, c\u2019est notre engagement fort envers les technologies innovantes.<\/span><\/p><h3 class=\"zfr3Q CDt4Ke\" dir=\"ltr\" style=\"text-align: center;\"><span class=\"C9DxTc\">Favoriser l\u2019apprentissage num\u00e9rique<\/span><\/h3><p class=\"zfr3Q CDt4Ke\" dir=\"ltr\"><span class=\"C9DxTc\">Chacune de nos \u00e9coles est enti\u00e8rement \u00e9quip\u00e9e en Wi-Fi, et nous appliquons une politique de 1 appareil par \u00e9l\u00e8ve \u00e0 partir de la 2\u1d49 ann\u00e9e. Cela garantit que nos \u00e9l\u00e8ves et nos enseignants peuvent enseigner et apprendre en utilisant les outils les plus innovants disponibles.<\/span><\/p><p class=\"zfr3Q CDt4Ke\" dir=\"ltr\"><span class=\"C9DxTc\">Safety and Control:<\/span><span class=\"C9DxTc\">\u00a0We utilize a comprehensive MDM (Mobile Device Management) system for student device safety and oversight.<\/span><\/p><p class=\"zfr3Q CDt4Ke\" dir=\"ltr\"><span class=\"C9DxTc\">Integrated Platform:<\/span><span class=\"C9DxTc\"> Our powerful, intelligent Learning Management System (LMS) seamlessly connects school leaders, parents, teachers, and students.<\/span><\/p><h3 class=\"zfr3Q CDt4Ke\" dir=\"ltr\" style=\"text-align: center;\"><span class=\"C9DxTc\">Outils sp\u00e9cialis\u00e9s pour l\u2019excellence<\/span><\/h3><p class=\"zfr3Q CDt4Ke\" dir=\"ltr\"><span class=\"C9DxTc\">D\u2019importants investissements ont \u00e9t\u00e9 r\u00e9alis\u00e9s dans des plateformes num\u00e9riques d\u00e9di\u00e9es aux comp\u00e9tences fondamentales, notamment la lecture, la ma\u00eetrise de l\u2019anglais, les math\u00e9matiques, l\u2019apprentissage exp\u00e9rientiel et la cr\u00e9ativit\u00e9. De plus, notre syst\u00e8me de points \u00ab house \u00bb utilise les derni\u00e8res technologies, int\u00e9grant des QR codes pour offrir un renforcement positif imm\u00e9diat du comportement exemplaire des \u00e9l\u00e8ves.<\/span><\/p><h3 class=\"zfr3Q CDt4Ke\" dir=\"ltr\" style=\"text-align: center;\"><span class=\"C9DxTc\">Diversit\u00e9<\/span><span class=\"C9DxTc\">\u00a0<\/span><span class=\"C9DxTc\">des mati\u00e8res<\/span><\/h3><p class=\"zfr3Q CDt4Ke\" dir=\"ltr\"><span class=\"C9DxTc\">De l\u2019EYFS \u00e0 la 9\u1d49 ann\u00e9e, les \u00e9l\u00e8ves sont enseign\u00e9s selon le National Curriculum \/ le cadre EYFS en Angleterre. Ce programme large et \u00e9quilibr\u00e9 propose \u00e0 tous les \u00e9l\u00e8ves l\u2019anglais, les math\u00e9matiques, les sciences, les sciences humaines, l\u2019\u00e9ducation physique, le fran\u00e7ais, l\u2019arabe, les arts cr\u00e9atifs et l\u2019informatique, les pr\u00e9parant aux programmes IGCSE, NCUK et A Level.\u00a0<\/span><\/p><\/div><\/div><\/div><\/div><\/div><\/div><\/div><\/div><\/div><\/section>\t\t\t\t\t\t\t\t<\/div>\n\t\t\t\t\t<\/div>\n\t\t\t\t<\/div>\n\t\t<div class=\"elementor-element elementor-element-c368d4e e-flex e-con-boxed rt-default-class e-con e-parent\" data-id=\"c368d4e\" data-element_type=\"container\" data-e-type=\"container\">\n\t\t\t\t\t<div class=\"e-con-inner\">\n\t\t\t\t<div class=\"elementor-element elementor-element-f73867c elementor-widget__width-initial rt-default-class elementor-widget elementor-widget-image\" data-id=\"f73867c\" data-element_type=\"widget\" data-e-type=\"widget\" data-widget_type=\"image.default\">\n\t\t\t\t\t\t\t\t\t\t\t\t\t\t\t<img decoding=\"async\" width=\"640\" height=\"400\" src=\"https:\/\/londonacademy.ma\/wp-content\/uploads\/2026\/03\/Curriculum2-1024x640.jpg\" class=\"attachment-large size-large wp-image-12692\" alt=\"\" srcset=\"https:\/\/londonacademy.ma\/wp-content\/uploads\/2026\/03\/Curriculum2-1024x640.jpg 1024w, https:\/\/londonacademy.ma\/wp-content\/uploads\/2026\/03\/Curriculum2-300x188.jpg 300w, https:\/\/londonacademy.ma\/wp-content\/uploads\/2026\/03\/Curriculum2-768x480.jpg 768w, https:\/\/londonacademy.ma\/wp-content\/uploads\/2026\/03\/Curriculum2-190x120.jpg 190w, https:\/\/londonacademy.ma\/wp-content\/uploads\/2026\/03\/Curriculum2.jpg 1280w\" sizes=\"(max-width: 640px) 100vw, 640px\" \/>\t\t\t\t\t\t\t\t\t\t\t\t\t\t\t<\/div>\n\t\t\t\t\t<\/div>\n\t\t\t\t<\/div>\n\t\t<div class=\"elementor-element elementor-element-2886edc e-flex e-con-boxed rt-default-class e-con e-parent\" data-id=\"2886edc\" data-element_type=\"container\" data-e-type=\"container\">\n\t\t\t\t\t<div class=\"e-con-inner\">\n\t\t\t\t<div class=\"elementor-element elementor-element-e89a488 elementor-widget__width-initial rt-default-class elementor-widget elementor-widget-image\" data-id=\"e89a488\" data-element_type=\"widget\" data-e-type=\"widget\" data-widget_type=\"image.default\">\n\t\t\t\t\t\t\t\t\t\t\t\t\t\t\t<img decoding=\"async\" width=\"640\" height=\"400\" src=\"https:\/\/londonacademy.ma\/wp-content\/uploads\/2026\/03\/Curriculum3-1024x640.jpg\" class=\"attachment-large size-large wp-image-12693\" alt=\"\" srcset=\"https:\/\/londonacademy.ma\/wp-content\/uploads\/2026\/03\/Curriculum3-1024x640.jpg 1024w, https:\/\/londonacademy.ma\/wp-content\/uploads\/2026\/03\/Curriculum3-300x188.jpg 300w, https:\/\/londonacademy.ma\/wp-content\/uploads\/2026\/03\/Curriculum3-768x480.jpg 768w, https:\/\/londonacademy.ma\/wp-content\/uploads\/2026\/03\/Curriculum3-190x120.jpg 190w, https:\/\/londonacademy.ma\/wp-content\/uploads\/2026\/03\/Curriculum3.jpg 1280w\" sizes=\"(max-width: 640px) 100vw, 640px\" \/>\t\t\t\t\t\t\t\t\t\t\t\t\t\t\t<\/div>\n\t\t\t\t\t<\/div>\n\t\t\t\t<\/div>\n\t\t\t\t<\/div>","protected":false},"excerpt":{"rendered":"<p>Home A Curriculum with a difference We offer a robust education founded on the UK National Curriculum, IGCSE, and A-Level \/ NCUK frameworks. What sets us apart is our deep commitment to innovative technology. A Curriculum with a difference We offer a robust education founded on the UK National Curriculum, IGCSE, and A-Level \/ NCUK&#8230;<\/p>","protected":false},"author":1,"featured_media":12890,"parent":0,"menu_order":0,"comment_status":"closed","ping_status":"closed","template":"elementor_header_footer","meta":{"footnotes":""},"class_list":["post-12687","page","type-page","status-publish","has-post-thumbnail","hentry"],"yoast_head":"<!-- This site is optimized with the Yoast SEO plugin v27.2 - https:\/\/yoast.com\/product\/yoast-seo-wordpress\/ -->\n<title>British Curriculum &amp; A-Levels | London Academy<\/title>\n<meta name=\"description\" content=\"Our curriculum follows the National Curriculum for England, adapted for a global context. Instruction is delivered 100% in English by expert educators, ensuring students develop native-level fluency alongside rigorous academic knowledge.\" \/>\n<meta name=\"robots\" content=\"index, follow, max-snippet:-1, max-image-preview:large, max-video-preview:-1\" \/>\n<link rel=\"canonical\" href=\"https:\/\/londonacademy.ma\/fr\/curriculum\/\" \/>\n<meta property=\"og:locale\" content=\"fr_FR\" \/>\n<meta property=\"og:type\" content=\"article\" \/>\n<meta property=\"og:title\" content=\"British Curriculum &amp; A-Levels | London Academy\" \/>\n<meta property=\"og:description\" content=\"Our curriculum follows the National Curriculum for England, adapted for a global context. Instruction is delivered 100% in English by expert educators, ensuring students develop native-level fluency alongside rigorous academic knowledge.\" \/>\n<meta property=\"og:url\" content=\"https:\/\/londonacademy.ma\/fr\/curriculum\/\" \/>\n<meta property=\"og:site_name\" content=\"London Academy\" \/>\n<meta property=\"og:image\" content=\"https:\/\/londonacademy.ma\/wp-content\/uploads\/2026\/03\/1-1536x1024-1.jpg\" \/>\n\t<meta property=\"og:image:width\" content=\"1536\" \/>\n\t<meta property=\"og:image:height\" content=\"1024\" \/>\n\t<meta property=\"og:image:type\" content=\"image\/jpeg\" \/>\n<meta name=\"twitter:card\" content=\"summary_large_image\" \/>\n<meta name=\"twitter:label1\" content=\"Dur\u00e9e de lecture estim\u00e9e\" \/>\n\t<meta name=\"twitter:data1\" content=\"1 minute\" \/>\n<script type=\"application\/ld+json\" class=\"yoast-schema-graph\">{\"@context\":\"https:\/\/schema.org\",\"@graph\":[{\"@type\":\"WebPage\",\"@id\":\"https:\/\/londonacademy.ma\/curriculum\/\",\"url\":\"https:\/\/londonacademy.ma\/curriculum\/\",\"name\":\"British Curriculum & A-Levels | London Academy\",\"isPartOf\":{\"@id\":\"https:\/\/londonacademy.ma\/#website\"},\"primaryImageOfPage\":{\"@id\":\"https:\/\/londonacademy.ma\/curriculum\/#primaryimage\"},\"image\":{\"@id\":\"https:\/\/londonacademy.ma\/curriculum\/#primaryimage\"},\"thumbnailUrl\":\"https:\/\/londonacademy.ma\/wp-content\/uploads\/2026\/03\/1-1536x1024-1.jpg\",\"datePublished\":\"2026-03-03T12:32:36+00:00\",\"description\":\"Our curriculum follows the National Curriculum for England, adapted for a global context. Instruction is delivered 100% in English by expert educators, ensuring students develop native-level fluency alongside rigorous academic knowledge.\",\"breadcrumb\":{\"@id\":\"https:\/\/londonacademy.ma\/curriculum\/#breadcrumb\"},\"inLanguage\":\"fr-FR\",\"potentialAction\":[{\"@type\":\"ReadAction\",\"target\":[\"https:\/\/londonacademy.ma\/curriculum\/\"]}]},{\"@type\":\"ImageObject\",\"inLanguage\":\"fr-FR\",\"@id\":\"https:\/\/londonacademy.ma\/curriculum\/#primaryimage\",\"url\":\"https:\/\/londonacademy.ma\/wp-content\/uploads\/2026\/03\/1-1536x1024-1.jpg\",\"contentUrl\":\"https:\/\/londonacademy.ma\/wp-content\/uploads\/2026\/03\/1-1536x1024-1.jpg\",\"width\":1536,\"height\":1024,\"caption\":\"British Curriculum\"},{\"@type\":\"BreadcrumbList\",\"@id\":\"https:\/\/londonacademy.ma\/curriculum\/#breadcrumb\",\"itemListElement\":[{\"@type\":\"ListItem\",\"position\":1,\"name\":\"Accueil\",\"item\":\"https:\/\/londonacademy.ma\/\"},{\"@type\":\"ListItem\",\"position\":2,\"name\":\"Curriculum\"}]},{\"@type\":\"WebSite\",\"@id\":\"https:\/\/londonacademy.ma\/#website\",\"url\":\"https:\/\/londonacademy.ma\/\",\"name\":\"London Academy\",\"description\":\"\",\"potentialAction\":[{\"@type\":\"SearchAction\",\"target\":{\"@type\":\"EntryPoint\",\"urlTemplate\":\"https:\/\/londonacademy.ma\/?s={search_term_string}\"},\"query-input\":{\"@type\":\"PropertyValueSpecification\",\"valueRequired\":true,\"valueName\":\"search_term_string\"}}],\"inLanguage\":\"fr-FR\"}]}<\/script>\n<!-- \/ Yoast SEO plugin. -->","yoast_head_json":{"title":"Programme Britannique &amp; A-Levels | London Academy","description":"Suivez le cursus britannique de la maternelle aux A-Levels. Une \u00e9ducation internationale d'excellence \u00e0 Casa et Rabat pour int\u00e9grer les meilleures universit\u00e9s.","robots":{"index":"index","follow":"follow","max-snippet":"max-snippet:-1","max-image-preview":"max-image-preview:large","max-video-preview":"max-video-preview:-1"},"canonical":"https:\/\/londonacademy.ma\/fr\/curriculum\/","og_locale":"fr_FR","og_type":"article","og_title":"British Curriculum & A-Levels | London Academy","og_description":"Our curriculum follows the National Curriculum for England, adapted for a global context. Instruction is delivered 100% in English by expert educators, ensuring students develop native-level fluency alongside rigorous academic knowledge.","og_url":"https:\/\/londonacademy.ma\/fr\/curriculum\/","og_site_name":"London Academy","og_image":[{"width":1536,"height":1024,"url":"https:\/\/londonacademy.ma\/wp-content\/uploads\/2026\/03\/1-1536x1024-1.jpg","type":"image\/jpeg"}],"twitter_card":"summary_large_image","twitter_misc":{"Dur\u00e9e de lecture estim\u00e9e":"1 minute"},"schema":{"@context":"https:\/\/schema.org","@graph":[{"@type":"WebPage","@id":"https:\/\/londonacademy.ma\/curriculum\/","url":"https:\/\/londonacademy.ma\/curriculum\/","name":"Programme Britannique &amp; A-Levels | London Academy","isPartOf":{"@id":"https:\/\/londonacademy.ma\/#website"},"primaryImageOfPage":{"@id":"https:\/\/londonacademy.ma\/curriculum\/#primaryimage"},"image":{"@id":"https:\/\/londonacademy.ma\/curriculum\/#primaryimage"},"thumbnailUrl":"https:\/\/londonacademy.ma\/wp-content\/uploads\/2026\/03\/1-1536x1024-1.jpg","datePublished":"2026-03-03T12:32:36+00:00","description":"Suivez le cursus britannique de la maternelle aux A-Levels. Une \u00e9ducation internationale d'excellence \u00e0 Casa et Rabat pour int\u00e9grer les meilleures universit\u00e9s.","breadcrumb":{"@id":"https:\/\/londonacademy.ma\/curriculum\/#breadcrumb"},"inLanguage":"fr-FR","potentialAction":[{"@type":"ReadAction","target":["https:\/\/londonacademy.ma\/curriculum\/"]}]},{"@type":"ImageObject","inLanguage":"fr-FR","@id":"https:\/\/londonacademy.ma\/curriculum\/#primaryimage","url":"https:\/\/londonacademy.ma\/wp-content\/uploads\/2026\/03\/1-1536x1024-1.jpg","contentUrl":"https:\/\/londonacademy.ma\/wp-content\/uploads\/2026\/03\/1-1536x1024-1.jpg","width":1536,"height":1024,"caption":"British Curriculum"},{"@type":"BreadcrumbList","@id":"https:\/\/londonacademy.ma\/curriculum\/#breadcrumb","itemListElement":[{"@type":"ListItem","position":1,"name":"Accueil","item":"https:\/\/londonacademy.ma\/"},{"@type":"ListItem","position":2,"name":"Curriculum"}]},{"@type":"WebSite","@id":"https:\/\/londonacademy.ma\/#website","url":"https:\/\/londonacademy.ma\/","name":"London Academy","description":"","potentialAction":[{"@type":"SearchAction","target":{"@type":"EntryPoint","urlTemplate":"https:\/\/londonacademy.ma\/?s={search_term_string}"},"query-input":{"@type":"PropertyValueSpecification","valueRequired":true,"valueName":"search_term_string"}}],"inLanguage":"fr-FR"}]}},"_links":{"self":[{"href":"https:\/\/londonacademy.ma\/fr\/wp-json\/wp\/v2\/pages\/12687","targetHints":{"allow":["GET"]}}],"collection":[{"href":"https:\/\/londonacademy.ma\/fr\/wp-json\/wp\/v2\/pages"}],"about":[{"href":"https:\/\/londonacademy.ma\/fr\/wp-json\/wp\/v2\/types\/page"}],"author":[{"embeddable":true,"href":"https:\/\/londonacademy.ma\/fr\/wp-json\/wp\/v2\/users\/1"}],"replies":[{"embeddable":true,"href":"https:\/\/londonacademy.ma\/fr\/wp-json\/wp\/v2\/comments?post=12687"}],"version-history":[{"count":0,"href":"https:\/\/londonacademy.ma\/fr\/wp-json\/wp\/v2\/pages\/12687\/revisions"}],"wp:featuredmedia":[{"embeddable":true,"href":"https:\/\/londonacademy.ma\/fr\/wp-json\/wp\/v2\/media\/12890"}],"wp:attachment":[{"href":"https:\/\/londonacademy.ma\/fr\/wp-json\/wp\/v2\/media?parent=12687"}],"curies":[{"name":"wp","href":"https:\/\/api.w.org\/{rel}","templated":true}]}}