{"id":12932,"date":"2026-03-06T15:14:44","date_gmt":"2026-03-06T15:14:44","guid":{"rendered":"https:\/\/londonacademy.ma\/?page_id=12932"},"modified":"2026-03-27T11:22:50","modified_gmt":"2026-03-27T10:22:50","slug":"landing","status":"publish","type":"page","link":"https:\/\/londonacademy.ma\/fr\/","title":{"rendered":"Landing"},"content":{"rendered":"\t\t<div data-elementor-type=\"wp-page\" data-elementor-id=\"12932\" class=\"elementor elementor-12932\">\n\t\t\t\t<div class=\"elementor-element elementor-element-45558260 e-flex e-con-boxed rt-default-class e-con e-parent\" data-id=\"45558260\" data-element_type=\"container\" data-e-type=\"container\">\n\t\t\t\t\t<div class=\"e-con-inner\">\n\t\t\t\t<div class=\"elementor-element elementor-element-7607919e rt-default-class elementor-widget elementor-widget-slider_revolution\" data-id=\"7607919e\" data-element_type=\"widget\" data-e-type=\"widget\" data-widget_type=\"slider_revolution.default\">\n\t\t\t\t\t\n\t\t<div class=\"wp-block-themepunch-revslider\">\n\t\t\t\t<p class=\"rs-p-wp-fix\"><\/p>\n\t\t\t\t<sr7-module data-alias=\"slider-3\" data-id=\"2\" id=\"SR7_2_1\" class=\"rs-ov-hidden\" data-version=\"6.7.25\">\n\t\t\t\t\t<sr7-adjuster><\/sr7-adjuster>\n\t\t\t\t\t<sr7-content>\n\t\t\t\t\t\t<sr7-slide id=\"SR7_2_1-3\" data-key=\"3\">\n\t\t\t\t\t\t\t<sr7-bg id=\"SR7_2_1-3-5\" class=\"sr7-layer\"><noscript><img decoding=\"async\" src=\"https:\/\/londonacademy.ma\/wp-content\/uploads\/revslider\/slider-3\/23-2048x1365-1.webp\" alt=\"\" title=\"23-2048&#215;1365-1.webp\"><\/noscript><\/sr7-bg>\n\t\t\t\t\t\t\t<sr7-txt id=\"SR7_2_1-3-4\" class=\"sr7-layer\"><h1>#WE ARE THE FUTURE<\/h1><\/sr7-txt>\n\t\t\t\t\t\t<\/sr7-slide>\n\t\t\t\t\t\t<sr7-slide id=\"SR7_2_1-4\" data-key=\"4\">\n\t\t\t\t\t\t<\/sr7-slide>\n\t\t\t\t\t<\/sr7-content>\n\t\t\t\t\t<image_lists style=\"display:none\">\n\t\t\t\t\t\t<img data-src=\"\/\/londonacademy.ma\/wp-content\/uploads\/revslider\/slider-3\/logo-footer.png\" data-libid=\"13402\" data-lib=\"medialibrary\" title=\"logo-footer.png\" width=\"0\" height=\"0\" data-dbsrc=\"Ly9sb25kb25hY2FkZW15Lm1hL3dwLWNvbnRlbnQvdXBsb2Fkcy9yZXZzbGlkZXIvc2xpZGVyLTMvbG9nby1mb290ZXIucG5n\"\/>\n\t\t\t\t\t\t<img data-src=\"\/\/londonacademy.ma\/wp-content\/uploads\/revslider\/slider-3\/23-2048x1365-1.webp\" data-libid=\"13401\" data-lib=\"medialibrary\" title=\"23-2048&#215;1365-1.webp\" width=\"0\" height=\"0\" data-dbsrc=\"Ly9sb25kb25hY2FkZW15Lm1hL3dwLWNvbnRlbnQvdXBsb2Fkcy9yZXZzbGlkZXIvc2xpZGVyLTMvMjMtMjA0OHgxMzY1LTEud2VicA==\"\/>\n\t\t\t\t\t<\/image_lists>\n\t\t\t\t<\/sr7-module>\n\t\t\t\t<script>\n\t\t\t\t\tSR7.PMH ??={}; SR7.PMH[\"SR7_2_1\"] = {cn:100,state:false,fn: function() { if (_tpt!==undefined && _tpt.prepareModuleHeight !== undefined) {  _tpt.prepareModuleHeight({id:\"SR7_2_1\",el:[945,945,580,580,650],type:'standard',shdw:'0',gh:[945,945,580,580,650],gw:[1290,1290,1024,778,480],vpt:['-100px&#039;,&#039;-100px&#039;,&#039;-100px&#039;,&#039;-100px&#039;,&#039;-100px'],size:{fullWidth:true, fullHeight:true},fho:'',mh:'0',onh:0,onw:0,bg:{color:'{\"orig\":\"transparent\",\"type\":\"solid\",\"string\":\"transparent\"}'}});   SR7.PMH[\"SR7_2_1\"].state=true;} else if(SR7.PMH[\"SR7_2_1\"].cn-->0)\tsetTimeout( SR7.PMH[\"SR7_2_1\"].fn,19);}};SR7.PMH[\"SR7_2_1\" ].fn();\n\t\t\t\t<\/script>\n<\/div>\n\n\t\t\t\t\t\t<\/div>\n\t\t\t\t\t<\/div>\n\t\t\t\t<\/div>\n\t\t<div class=\"elementor-element elementor-element-590e74a e-flex e-con-boxed rt-default-class e-con e-parent\" data-id=\"590e74a\" data-element_type=\"container\" data-e-type=\"container\">\n\t\t\t\t\t<div class=\"e-con-inner\">\n\t\t<div class=\"elementor-element elementor-element-b706ff1 e-con-full e-flex rt-default-class e-con e-child\" data-id=\"b706ff1\" data-element_type=\"container\" data-e-type=\"container\">\n\t\t<div class=\"elementor-element elementor-element-c7f1e8d e-con-full e-flex rt-default-class e-con e-child\" data-id=\"c7f1e8d\" data-element_type=\"container\" data-e-type=\"container\">\n\t\t\t\t<div class=\"elementor-element elementor-element-ac6b5ce rt-default-class elementor-widget elementor-widget-heading\" data-id=\"ac6b5ce\" data-element_type=\"widget\" data-e-type=\"widget\" data-widget_type=\"heading.default\">\n\t\t\t\t\t<h1 class=\"elementor-heading-title elementor-size-default\">Discover Our Three Campuses - United by Values, Distinguished by Experience<\/h1>\t\t\t\t<\/div>\n\t\t\t\t<\/div>\n\t\t<div class=\"elementor-element elementor-element-0de41f9 e-con-full e-flex rt-default-class e-con e-child\" data-id=\"0de41f9\" data-element_type=\"container\" data-e-type=\"container\">\n\t\t<div class=\"elementor-element elementor-element-e454230 e-con-full e-flex rt-default-class e-con e-child\" data-id=\"e454230\" data-element_type=\"container\" data-e-type=\"container\" data-settings=\"{&quot;background_background&quot;:&quot;classic&quot;}\">\n\t\t\t\t<div class=\"elementor-element elementor-element-d858b60 elementor-widget__width-inherit rt-default-class elementor-widget elementor-widget-heading\" data-id=\"d858b60\" data-element_type=\"widget\" data-e-type=\"widget\" data-widget_type=\"heading.default\">\n\t\t\t\t\t<h3 class=\"elementor-heading-title elementor-size-default\"><a href=\"https:\/\/londonacademy.ma\/casablanca\/\">Casablanca<\/a><\/h3>\t\t\t\t<\/div>\n\t\t\t\t<div class=\"elementor-element elementor-element-3e3899e rt-default-class elementor-widget elementor-widget-text-editor\" data-id=\"3e3899e\" data-element_type=\"widget\" data-e-type=\"widget\" data-widget_type=\"text-editor.default\">\n\t\t\t\t\t\t\t\t\t<p class=\"zfr3Q CDt4Ke \" dir=\"ltr\"><span class=\"C9DxTc \">Douar Drabna Bloc D, Bouskoura,\u00a0<br \/><\/span><span class=\"C9DxTc \"><br \/>20000, Casablanca<\/span><\/p>\t\t\t\t\t\t\t\t<\/div>\n\t\t\t\t<div class=\"elementor-element elementor-element-ad818b7 elementor-widget__width-inherit rt-default-class elementor-widget elementor-widget-heading\" data-id=\"ad818b7\" data-element_type=\"widget\" data-e-type=\"widget\" data-widget_type=\"heading.default\">\n\t\t\t\t\t<span class=\"elementor-heading-title elementor-size-default\"><a href=\"tel:+2120684230230\">+212 (0) 684 230 230<\/a><\/span>\t\t\t\t<\/div>\n\t\t\t\t<div class=\"elementor-element elementor-element-c3a8989 elementor-widget__width-inherit rt-default-class elementor-widget elementor-widget-heading\" data-id=\"c3a8989\" data-element_type=\"widget\" data-e-type=\"widget\" data-widget_type=\"heading.default\">\n\t\t\t\t\t<span class=\"elementor-heading-title elementor-size-default\"><a href=\"mailto:casa@londonacademy.ma\">casa@londonacademy.ma<\/a><\/span>\t\t\t\t<\/div>\n\t\t\t\t<\/div>\n\t\t<div class=\"elementor-element elementor-element-ddda596 e-con-full e-flex rt-default-class e-con e-child\" data-id=\"ddda596\" data-element_type=\"container\" data-e-type=\"container\" data-settings=\"{&quot;background_background&quot;:&quot;classic&quot;}\">\n\t\t\t\t<div class=\"elementor-element elementor-element-60ee751 elementor-widget__width-inherit rt-default-class elementor-widget elementor-widget-heading\" data-id=\"60ee751\" data-element_type=\"widget\" data-e-type=\"widget\" data-widget_type=\"heading.default\">\n\t\t\t\t\t<h3 class=\"elementor-heading-title elementor-size-default\"><a href=\"https:\/\/londonacademy.ma\/rabat\/\">Rabat<\/a><\/h3>\t\t\t\t<\/div>\n\t\t\t\t<div class=\"elementor-element elementor-element-993b77d rt-default-class elementor-widget elementor-widget-text-editor\" data-id=\"993b77d\" data-element_type=\"widget\" data-e-type=\"widget\" data-widget_type=\"text-editor.default\">\n\t\t\t\t\t\t\t\t\t<p class=\"zfr3Q CDt4Ke \" dir=\"ltr\"><span class=\"C9DxTc \">Av. Mohamed Belhassan El Ouazzani <\/span><span class=\"C9DxTc \">and Ketama Street,<\/span><\/p><p class=\"zfr3Q CDt4Ke \" dir=\"ltr\"><span class=\"C9DxTc \">10170, Rabat<\/span><\/p>\t\t\t\t\t\t\t\t<\/div>\n\t\t\t\t<div class=\"elementor-element elementor-element-dad5df3 elementor-widget__width-inherit rt-default-class elementor-widget elementor-widget-heading\" data-id=\"dad5df3\" data-element_type=\"widget\" data-e-type=\"widget\" data-widget_type=\"heading.default\">\n\t\t\t\t\t<span class=\"elementor-heading-title elementor-size-default\"><a href=\"tel:+2120684240240\">+212 (0) 684 240 240<\/a><\/span>\t\t\t\t<\/div>\n\t\t\t\t<div class=\"elementor-element elementor-element-0eb4f1d elementor-widget__width-inherit rt-default-class elementor-widget elementor-widget-heading\" data-id=\"0eb4f1d\" data-element_type=\"widget\" data-e-type=\"widget\" data-widget_type=\"heading.default\">\n\t\t\t\t\t<span class=\"elementor-heading-title elementor-size-default\"><a href=\"mailto:rabat@londonacademy.ma\">rabat@londonacademy.ma<\/a><\/span>\t\t\t\t<\/div>\n\t\t\t\t<\/div>\n\t\t<div class=\"elementor-element elementor-element-947f16b e-con-full e-flex rt-default-class e-con e-child\" data-id=\"947f16b\" data-element_type=\"container\" data-e-type=\"container\" data-settings=\"{&quot;background_background&quot;:&quot;classic&quot;}\">\n\t\t\t\t<div class=\"elementor-element elementor-element-7f3f63f elementor-widget__width-inherit rt-default-class elementor-widget elementor-widget-heading\" data-id=\"7f3f63f\" data-element_type=\"widget\" data-e-type=\"widget\" data-widget_type=\"heading.default\">\n\t\t\t\t\t<h3 class=\"elementor-heading-title elementor-size-default\"><a href=\"https:\/\/londonacademy.ma\/dar-bouazza\/\">Dar Bouazza <\/a><\/h3>\t\t\t\t<\/div>\n\t\t\t\t<div class=\"elementor-element elementor-element-7d314ee rt-default-class elementor-widget elementor-widget-text-editor\" data-id=\"7d314ee\" data-element_type=\"widget\" data-e-type=\"widget\" data-widget_type=\"text-editor.default\">\n\t\t\t\t\t\t\t\t\t<p>Dar Bouaazza, Casablanca<\/p><p class=\"zfr3Q CDt4Ke \" dir=\"ltr\"><span class=\"C9DxTc \">27232, Morocco<\/span><\/p>\t\t\t\t\t\t\t\t<\/div>\n\t\t\t\t<div class=\"elementor-element elementor-element-8cee66e elementor-widget__width-inherit rt-default-class elementor-widget elementor-widget-heading\" data-id=\"8cee66e\" data-element_type=\"widget\" data-e-type=\"widget\" data-widget_type=\"heading.default\">\n\t\t\t\t\t<span class=\"elementor-heading-title elementor-size-default\"><a href=\"tel:+212684280280\">+212 (0) 684 280 280<\/a><\/span>\t\t\t\t<\/div>\n\t\t\t\t<div class=\"elementor-element elementor-element-4c96fa7 elementor-widget__width-inherit rt-default-class elementor-widget elementor-widget-heading\" data-id=\"4c96fa7\" data-element_type=\"widget\" data-e-type=\"widget\" data-widget_type=\"heading.default\">\n\t\t\t\t\t<span class=\"elementor-heading-title elementor-size-default\"><a href=\"mailto:darb@londonacademy.ma\">darb@londonacademy.ma<\/a><\/span>\t\t\t\t<\/div>\n\t\t\t\t<\/div>\n\t\t\t\t<\/div>\n\t\t\t\t<\/div>\n\t\t\t\t\t<\/div>\n\t\t\t\t<\/div>\n\t\t<div class=\"elementor-element elementor-element-b058801 e-flex e-con-boxed rt-default-class e-con e-parent\" data-id=\"b058801\" data-element_type=\"container\" data-e-type=\"container\">\n\t\t\t\t\t<div class=\"e-con-inner\">\n\t\t<div class=\"elementor-element elementor-element-65cc50d e-con-full e-flex rt-default-class e-con e-child\" data-id=\"65cc50d\" data-element_type=\"container\" data-e-type=\"container\">\n\t\t\t\t<div class=\"elementor-element elementor-element-6673a55 rt-default-class elementor-widget elementor-widget-heading\" data-id=\"6673a55\" data-element_type=\"widget\" data-e-type=\"widget\" data-widget_type=\"heading.default\">\n\t\t\t\t\t<h2 class=\"elementor-heading-title elementor-size-default\">Accreditations and partnerships<\/h2>\t\t\t\t<\/div>\n\t\t\t\t<\/div>\n\t\t\t\t\t<\/div>\n\t\t\t\t<\/div>\n\t\t<div class=\"elementor-element elementor-element-0189bd6 e-flex e-con-boxed rt-default-class e-con e-parent\" data-id=\"0189bd6\" data-element_type=\"container\" data-e-type=\"container\">\n\t\t\t\t\t<div class=\"e-con-inner\">\n\t\t\t\t<div class=\"elementor-element elementor-element-5866213 rt-default-class elementor-widget elementor-widget-image\" data-id=\"5866213\" data-element_type=\"widget\" data-e-type=\"widget\" data-widget_type=\"image.default\">\n\t\t\t\t\t\t\t\t\t\t\t\t\t\t\t\t<a href=\"https:\/\/londonacademy.ma\/accreditations\/\">\n\t\t\t\t\t\t\t<img fetchpriority=\"high\" decoding=\"async\" width=\"1022\" height=\"1412\" src=\"https:\/\/londonacademy.ma\/wp-content\/uploads\/2026\/03\/accreditations.jpg\" class=\"attachment-full size-full wp-image-13739\" alt=\"\" srcset=\"https:\/\/londonacademy.ma\/wp-content\/uploads\/2026\/03\/accreditations.jpg 1022w, https:\/\/londonacademy.ma\/wp-content\/uploads\/2026\/03\/accreditations-217x300.jpg 217w, https:\/\/londonacademy.ma\/wp-content\/uploads\/2026\/03\/accreditations-741x1024.jpg 741w, https:\/\/londonacademy.ma\/wp-content\/uploads\/2026\/03\/accreditations-768x1061.jpg 768w, https:\/\/londonacademy.ma\/wp-content\/uploads\/2026\/03\/accreditations-9x12.jpg 9w\" sizes=\"(max-width: 1022px) 100vw, 1022px\" \/>\t\t\t\t\t\t\t\t<\/a>\n\t\t\t\t\t\t\t\t\t\t\t\t\t\t\t<\/div>\n\t\t\t\t\t<\/div>\n\t\t\t\t<\/div>\n\t\t\t\t<\/div>\n\t\t","protected":false},"excerpt":{"rendered":"<p>Discover Our Three Campuses &#8211; United by Values, Distinguished by Experience Casablanca Douar Drabna Bloc D, Bouskoura,\u00a0 20000, Casablanca +212 (0) 684 230 230 casa@londonacademy.ma Rabat Av. Mohamed Belhassan El Ouazzani and Ketama Street, 10170, Rabat +212 (0) 684 240 240 rabat@londonacademy.ma Dar Bouazza Dar Bouaazza, Casablanca 27232, Morocco +212 (0) 684 280 280 darb@londonacademy.ma&#8230;<\/p>","protected":false},"author":1,"featured_media":12937,"parent":0,"menu_order":0,"comment_status":"closed","ping_status":"closed","template":"","meta":{"footnotes":""},"class_list":["post-12932","page","type-page","status-publish","has-post-thumbnail","hentry"],"yoast_head":"<!-- This site is optimized with the Yoast SEO plugin v27.2 - https:\/\/yoast.com\/product\/yoast-seo-wordpress\/ -->\n<title>London Academy | Leading British International School in Morocco<\/title>\n<meta name=\"description\" content=\"Discover excellence at London Academy. Our campuses in Casablanca and Rabat provide top-tier British education and global qualifications. Enroll today\" \/>\n<meta name=\"robots\" content=\"index, follow, max-snippet:-1, max-image-preview:large, max-video-preview:-1\" \/>\n<link rel=\"canonical\" href=\"https:\/\/londonacademy.ma\/fr\/\" \/>\n<meta property=\"og:locale\" content=\"fr_FR\" \/>\n<meta property=\"og:type\" content=\"article\" \/>\n<meta property=\"og:title\" content=\"London Academy | Leading British International School in Morocco\" \/>\n<meta property=\"og:description\" content=\"Discover excellence at London Academy. Our campuses in Casablanca and Rabat provide top-tier British education and global qualifications. Enroll today\" \/>\n<meta property=\"og:url\" content=\"https:\/\/londonacademy.ma\/fr\/\" \/>\n<meta property=\"og:site_name\" content=\"London Academy\" \/>\n<meta property=\"article:modified_time\" content=\"2026-03-27T10:22:50+00:00\" \/>\n<meta property=\"og:image\" content=\"https:\/\/londonacademy.ma\/wp-content\/uploads\/2026\/03\/IMG_4490-1152x1536-1.jpg\" \/>\n\t<meta property=\"og:image:width\" content=\"1152\" \/>\n\t<meta property=\"og:image:height\" content=\"1536\" \/>\n\t<meta property=\"og:image:type\" content=\"image\/jpeg\" \/>\n<meta name=\"twitter:card\" content=\"summary_large_image\" \/>\n<meta name=\"twitter:label1\" content=\"Dur\u00e9e de lecture estim\u00e9e\" \/>\n\t<meta name=\"twitter:data1\" content=\"1 minute\" \/>\n<script type=\"application\/ld+json\" class=\"yoast-schema-graph\">{\"@context\":\"https:\/\/schema.org\",\"@graph\":[{\"@type\":\"WebPage\",\"@id\":\"https:\/\/londonacademy.ma\/\",\"url\":\"https:\/\/londonacademy.ma\/\",\"name\":\"London Academy | Leading British International School in Morocco\",\"isPartOf\":{\"@id\":\"https:\/\/londonacademy.ma\/#website\"},\"primaryImageOfPage\":{\"@id\":\"https:\/\/londonacademy.ma\/#primaryimage\"},\"image\":{\"@id\":\"https:\/\/londonacademy.ma\/#primaryimage\"},\"thumbnailUrl\":\"https:\/\/londonacademy.ma\/wp-content\/uploads\/2026\/03\/IMG_4490-1152x1536-1.jpg\",\"datePublished\":\"2026-03-06T15:14:44+00:00\",\"dateModified\":\"2026-03-27T10:22:50+00:00\",\"description\":\"Discover excellence at London Academy. Our campuses in Casablanca and Rabat provide top-tier British education and global qualifications. Enroll today\",\"breadcrumb\":{\"@id\":\"https:\/\/londonacademy.ma\/#breadcrumb\"},\"inLanguage\":\"fr-FR\",\"potentialAction\":[{\"@type\":\"ReadAction\",\"target\":[\"https:\/\/londonacademy.ma\/\"]}]},{\"@type\":\"ImageObject\",\"inLanguage\":\"fr-FR\",\"@id\":\"https:\/\/londonacademy.ma\/#primaryimage\",\"url\":\"https:\/\/londonacademy.ma\/wp-content\/uploads\/2026\/03\/IMG_4490-1152x1536-1.jpg\",\"contentUrl\":\"https:\/\/londonacademy.ma\/wp-content\/uploads\/2026\/03\/IMG_4490-1152x1536-1.jpg\",\"width\":1152,\"height\":1536,\"caption\":\"London Academy British School\"},{\"@type\":\"BreadcrumbList\",\"@id\":\"https:\/\/londonacademy.ma\/#breadcrumb\",\"itemListElement\":[{\"@type\":\"ListItem\",\"position\":1,\"name\":\"Accueil\",\"item\":\"https:\/\/londonacademy.ma\/\"},{\"@type\":\"ListItem\",\"position\":2,\"name\":\"Landing\"}]},{\"@type\":\"WebSite\",\"@id\":\"https:\/\/londonacademy.ma\/#website\",\"url\":\"https:\/\/londonacademy.ma\/\",\"name\":\"London Academy\",\"description\":\"\",\"potentialAction\":[{\"@type\":\"SearchAction\",\"target\":{\"@type\":\"EntryPoint\",\"urlTemplate\":\"https:\/\/londonacademy.ma\/?s={search_term_string}\"},\"query-input\":{\"@type\":\"PropertyValueSpecification\",\"valueRequired\":true,\"valueName\":\"search_term_string\"}}],\"inLanguage\":\"fr-FR\"}]}<\/script>\n<!-- \/ Yoast SEO plugin. -->","yoast_head_json":{"title":"London Academy | \u00c9cole Internationale Britannique au Maroc","description":"D\u00e9couvrez l\u2019excellence \u00e0 la London Academy. Nos campus de Casablanca, Rabat et Dar Bouazza offrent une \u00e9ducation britannique de premier ordre et des dipl\u00f4mes reconnus \u00e0 l\u2019international.","robots":{"index":"index","follow":"follow","max-snippet":"max-snippet:-1","max-image-preview":"max-image-preview:large","max-video-preview":"max-video-preview:-1"},"canonical":"https:\/\/londonacademy.ma\/fr\/","og_locale":"fr_FR","og_type":"article","og_title":"London Academy | Leading British International School in Morocco","og_description":"Discover excellence at London Academy. Our campuses in Casablanca and Rabat provide top-tier British education and global qualifications. Enroll today","og_url":"https:\/\/londonacademy.ma\/fr\/","og_site_name":"London Academy","article_modified_time":"2026-03-27T10:22:50+00:00","og_image":[{"width":1152,"height":1536,"url":"https:\/\/londonacademy.ma\/wp-content\/uploads\/2026\/03\/IMG_4490-1152x1536-1.jpg","type":"image\/jpeg"}],"twitter_card":"summary_large_image","twitter_misc":{"Dur\u00e9e de lecture estim\u00e9e":"1 minute"},"schema":{"@context":"https:\/\/schema.org","@graph":[{"@type":"WebPage","@id":"https:\/\/londonacademy.ma\/","url":"https:\/\/londonacademy.ma\/","name":"London Academy | \u00c9cole Internationale Britannique au Maroc","isPartOf":{"@id":"https:\/\/londonacademy.ma\/#website"},"primaryImageOfPage":{"@id":"https:\/\/londonacademy.ma\/#primaryimage"},"image":{"@id":"https:\/\/londonacademy.ma\/#primaryimage"},"thumbnailUrl":"https:\/\/londonacademy.ma\/wp-content\/uploads\/2026\/03\/IMG_4490-1152x1536-1.jpg","datePublished":"2026-03-06T15:14:44+00:00","dateModified":"2026-03-27T10:22:50+00:00","description":"D\u00e9couvrez l\u2019excellence \u00e0 la London Academy. Nos campus de Casablanca, Rabat et Dar Bouazza offrent une \u00e9ducation britannique de premier ordre et des dipl\u00f4mes reconnus \u00e0 l\u2019international.","breadcrumb":{"@id":"https:\/\/londonacademy.ma\/#breadcrumb"},"inLanguage":"fr-FR","potentialAction":[{"@type":"ReadAction","target":["https:\/\/londonacademy.ma\/"]}]},{"@type":"ImageObject","inLanguage":"fr-FR","@id":"https:\/\/londonacademy.ma\/#primaryimage","url":"https:\/\/londonacademy.ma\/wp-content\/uploads\/2026\/03\/IMG_4490-1152x1536-1.jpg","contentUrl":"https:\/\/londonacademy.ma\/wp-content\/uploads\/2026\/03\/IMG_4490-1152x1536-1.jpg","width":1152,"height":1536,"caption":"London Academy British School"},{"@type":"BreadcrumbList","@id":"https:\/\/londonacademy.ma\/#breadcrumb","itemListElement":[{"@type":"ListItem","position":1,"name":"Accueil","item":"https:\/\/londonacademy.ma\/"},{"@type":"ListItem","position":2,"name":"Landing"}]},{"@type":"WebSite","@id":"https:\/\/londonacademy.ma\/#website","url":"https:\/\/londonacademy.ma\/","name":"London Academy","description":"","potentialAction":[{"@type":"SearchAction","target":{"@type":"EntryPoint","urlTemplate":"https:\/\/londonacademy.ma\/?s={search_term_string}"},"query-input":{"@type":"PropertyValueSpecification","valueRequired":true,"valueName":"search_term_string"}}],"inLanguage":"fr-FR"}]}},"_links":{"self":[{"href":"https:\/\/londonacademy.ma\/fr\/wp-json\/wp\/v2\/pages\/12932","targetHints":{"allow":["GET"]}}],"collection":[{"href":"https:\/\/londonacademy.ma\/fr\/wp-json\/wp\/v2\/pages"}],"about":[{"href":"https:\/\/londonacademy.ma\/fr\/wp-json\/wp\/v2\/types\/page"}],"author":[{"embeddable":true,"href":"https:\/\/londonacademy.ma\/fr\/wp-json\/wp\/v2\/users\/1"}],"replies":[{"embeddable":true,"href":"https:\/\/londonacademy.ma\/fr\/wp-json\/wp\/v2\/comments?post=12932"}],"version-history":[{"count":24,"href":"https:\/\/londonacademy.ma\/fr\/wp-json\/wp\/v2\/pages\/12932\/revisions"}],"predecessor-version":[{"id":13758,"href":"https:\/\/londonacademy.ma\/fr\/wp-json\/wp\/v2\/pages\/12932\/revisions\/13758"}],"wp:featuredmedia":[{"embeddable":true,"href":"https:\/\/londonacademy.ma\/fr\/wp-json\/wp\/v2\/media\/12937"}],"wp:attachment":[{"href":"https:\/\/londonacademy.ma\/fr\/wp-json\/wp\/v2\/media?parent=12932"}],"curies":[{"name":"wp","href":"https:\/\/api.w.org\/{rel}","templated":true}]}}