{"id":12978,"date":"2026-03-07T14:54:34","date_gmt":"2026-03-07T14:54:34","guid":{"rendered":"https:\/\/londonacademy.ma\/?page_id=12978"},"modified":"2026-03-21T15:11:16","modified_gmt":"2026-03-21T14:11:16","slug":"apropos-rabat","status":"publish","type":"page","link":"https:\/\/londonacademy.ma\/fr\/rabat\/about-us-rabat\/","title":{"rendered":"\u00c0 propos"},"content":{"rendered":"<div data-elementor-type=\"wp-page\" data-elementor-id=\"12978\" class=\"elementor elementor-12978\">\n\t\t\t\t<div class=\"elementor-element elementor-element-4010b3c e-flex e-con-boxed rt-default-class e-con e-parent\" data-id=\"4010b3c\" data-element_type=\"container\" data-e-type=\"container\" data-settings=\"{&quot;background_background&quot;:&quot;classic&quot;,&quot;animation&quot;:&quot;none&quot;}\">\n\t\t\t\t\t<div class=\"e-con-inner\">\n\t\t\t\t<div class=\"elementor-element elementor-element-9453e28 content-align-center rt-default-class elementor-widget elementor-widget-rtbreadrumb\" data-id=\"9453e28\" data-element_type=\"widget\" data-e-type=\"widget\" data-widget_type=\"rtbreadrumb.default\">\n\t\t\t\t<div class=\"elementor-widget-container\">\n\t\t\t\t\t    <div class=\"reactheme-breadcrumb\">\n        <div class=\"breadcrumb-inner container\">\n            <h1 class=\"page-title\">\u00c0 propos<\/h1>\n            <div class=\"breadcrumb-path\">\n                <a href=\"https:\/\/londonacademy.ma\/fr\/\">Home <\/a>            <\/div>\n        <\/div>\n    <\/div>\n    \t\t\t\t<\/div>\n\t\t\t\t<\/div>\n\t\t\t\t\t<\/div>\n\t\t\t\t<\/div>\n\t\t<div class=\"elementor-element elementor-element-df380e2 e-flex e-con-boxed rt-default-class e-con e-parent\" data-id=\"df380e2\" data-element_type=\"container\" data-e-type=\"container\" data-settings=\"{&quot;background_background&quot;:&quot;classic&quot;}\">\n\t\t\t\t\t<div class=\"e-con-inner\">\n\t\t<div class=\"elementor-element elementor-element-2ee3c1c4 e-con-full e-flex rt-default-class e-con e-child\" data-id=\"2ee3c1c4\" data-element_type=\"container\" data-e-type=\"container\">\n\t\t\t\t<div class=\"elementor-element elementor-element-34be5d2a rt-default-class elementor-widget elementor-widget-heading\" data-id=\"34be5d2a\" data-element_type=\"widget\" data-e-type=\"widget\" data-widget_type=\"heading.default\">\n\t\t\t\t\t<h1 class=\"elementor-heading-title elementor-size-default\">\u00c0 propos de London Academy<\/h1>\t\t\t\t<\/div>\n\t\t\t\t<\/div>\n\t\t<div class=\"elementor-element elementor-element-a4bbf93 e-con-full e-flex rt-default-class e-con e-child\" data-id=\"a4bbf93\" data-element_type=\"container\" data-e-type=\"container\">\n\t\t\t\t<div class=\"elementor-element elementor-element-3a7a18fc rt-default-class elementor-widget elementor-widget-text-editor\" data-id=\"3a7a18fc\" data-element_type=\"widget\" data-e-type=\"widget\" data-widget_type=\"text-editor.default\">\n\t\t\t\t\t\t\t\t\t<p><strong>London Academy Rabat<\/strong> propose un parcours d\u2019apprentissage personnalis\u00e9 \u00e0 nos \u00e9l\u00e8ves, favorisant la participation active, d\u00e9veloppant les capacit\u00e9s d\u2019analyse et de r\u00e9solution de probl\u00e8mes, et les dotant des comp\u00e9tences n\u00e9cessaires pour le march\u00e9 du travail contemporain. Gr\u00e2ce \u00e0 notre plateforme Smart School, nos enseignants peuvent concevoir et superviser des cours virtuels, des t\u00e2ches, des \u00e9valuations et des supports multim\u00e9dias. Ils peuvent suivre la progression des \u00e9l\u00e8ves, fournir des retours constructifs et adapter leurs m\u00e9thodes p\u00e9dagogiques selon les besoins.<\/p><div class=\"elementor-element elementor-element-4c13985a ha-has-bg-overlay elementor-widget elementor-widget-icon-box\" data-id=\"4c13985a\" data-element_type=\"widget\" data-widget_type=\"icon-box.default\"><div class=\"elementor-widget-container\"><div class=\"elementor-icon-box-wrapper\"><div class=\"elementor-icon-box-content\"><p class=\"elementor-icon-box-description\" style=\"text-align: left;\">London Academy accorde une grande importance au d\u00e9veloppement des comp\u00e9tences des 6C de l\u2019\u00e9ducation, \u00e0 savoir la pens\u00e9e critique, la cr\u00e9ativit\u00e9, la communication, la collaboration, le caract\u00e8re et la citoyennet\u00e9. En mettant l\u2019accent sur ces comp\u00e9tences dans notre programme, nous pr\u00e9parons nos \u00e9l\u00e8ves \u00e0 devenir des individus \u00e9quilibr\u00e9s, capables de s\u2019\u00e9panouir dans le monde moderne et de contribuer positivement \u00e0 la soci\u00e9t\u00e9.<\/p><\/div><\/div><\/div><\/div>\t\t\t\t\t\t\t\t<\/div>\n\t\t\t\t<\/div>\n\t\t\t\t\t<\/div>\n\t\t\t\t<\/div>\n\t\t<div class=\"elementor-element elementor-element-1216cb1 e-flex e-con-boxed rt-default-class e-con e-parent\" data-id=\"1216cb1\" data-element_type=\"container\" data-e-type=\"container\">\n\t\t\t\t\t<div class=\"e-con-inner\">\n\t\t<div class=\"elementor-element elementor-element-80c702d e-con-full e-flex rt-default-class e-con e-child\" data-id=\"80c702d\" data-element_type=\"container\" data-e-type=\"container\">\n\t\t\t\t<div class=\"elementor-element elementor-element-b63ea97 rt-default-class elementor-widget elementor-widget-image\" data-id=\"b63ea97\" data-element_type=\"widget\" data-e-type=\"widget\" data-widget_type=\"image.default\">\n\t\t\t\t\t\t\t\t\t\t\t\t\t\t\t<img fetchpriority=\"high\" decoding=\"async\" width=\"640\" height=\"635\" src=\"https:\/\/londonacademy.ma\/wp-content\/uploads\/2026\/03\/samir-head-of-school.jpg\" class=\"attachment-large size-large wp-image-13256\" alt=\"Samir Head Of School\" srcset=\"https:\/\/londonacademy.ma\/wp-content\/uploads\/2026\/03\/samir-head-of-school.jpg 678w, https:\/\/londonacademy.ma\/wp-content\/uploads\/2026\/03\/samir-head-of-school-300x298.jpg 300w, https:\/\/londonacademy.ma\/wp-content\/uploads\/2026\/03\/samir-head-of-school-150x150.jpg 150w, https:\/\/londonacademy.ma\/wp-content\/uploads\/2026\/03\/samir-head-of-school-80x80.jpg 80w\" sizes=\"(max-width: 640px) 100vw, 640px\" \/>\t\t\t\t\t\t\t\t\t\t\t\t\t\t\t<\/div>\n\t\t\t\t<\/div>\n\t\t<div class=\"elementor-element elementor-element-6ebb497 e-con-full e-flex rt-default-class e-con e-child\" data-id=\"6ebb497\" data-element_type=\"container\" data-e-type=\"container\">\n\t\t\t\t<div class=\"elementor-element elementor-element-97d1d3b rt-default-class elementor-widget elementor-widget-text-editor\" data-id=\"97d1d3b\" data-element_type=\"widget\" data-e-type=\"widget\" data-widget_type=\"text-editor.default\">\n\t\t\t\t\t\t\t\t\t<p>\u00a0Au cours de mes 14 ann\u00e9es chez Microsoft et de plus de huit ann\u00e9es dans l\u2019entrepreneuriat, j\u2019ai toujours eu pour vision d\u2019innover et de transformer le syst\u00e8me \u00e9ducatif. Cette d\u00e9marche s\u2019appuie sur les meilleures pratiques internationales et l\u2019usage de la technologie, afin que l\u2019enfant soit pr\u00eat aux m\u00e9tiers du futur et non \u00e0 ceux du pass\u00e9. Nos \u00e9coles seront l\u2019exemple de la transformation de l\u2019\u00e9ducation.<\/p><p>Le programme sera centr\u00e9 sur l\u2019\u00e9l\u00e8ve et non sur l\u2019enseignant. Il encouragera l\u2019esprit d\u2019entrepreneuriat et de b\u00e9n\u00e9volat, exposera les enfants \u00e0 la programmation d\u00e8s le primaire afin de former les futurs g\u00e9nies de l\u2019informatique. Nous recourrons \u00e9galement \u00e0 la robotique et \u00e0 la m\u00e9canique.<\/p>\t\t\t\t\t\t\t\t<\/div>\n\t\t\t\t<div class=\"elementor-element elementor-element-d0cd594 rt-default-class elementor-widget elementor-widget-heading\" data-id=\"d0cd594\" data-element_type=\"widget\" data-e-type=\"widget\" data-widget_type=\"heading.default\">\n\t\t\t\t\t<h2 class=\"elementor-heading-title elementor-size-default\">Samir Benmakhlouf Ph.d<\/h2>\t\t\t\t<\/div>\n\t\t\t\t<div class=\"elementor-element elementor-element-6295647 rt-default-class elementor-widget elementor-widget-text-editor\" data-id=\"6295647\" data-element_type=\"widget\" data-e-type=\"widget\" data-widget_type=\"text-editor.default\">\n\t\t\t\t\t\t\t\t\t<p><strong>Head Of School<\/strong><br \/>info@londonacademy.ma<\/p>\t\t\t\t\t\t\t\t<\/div>\n\t\t\t\t<\/div>\n\t\t\t\t\t<\/div>\n\t\t\t\t<\/div>\n\t\t<div class=\"elementor-element elementor-element-b5ff244 e-flex e-con-boxed rt-default-class e-con e-parent\" data-id=\"b5ff244\" data-element_type=\"container\" data-e-type=\"container\" data-settings=\"{&quot;background_background&quot;:&quot;classic&quot;}\">\n\t\t\t\t\t<div class=\"e-con-inner\">\n\t\t<div class=\"elementor-element elementor-element-898e8d9 e-con-full e-flex rt-default-class e-con e-child\" data-id=\"898e8d9\" data-element_type=\"container\" data-e-type=\"container\" data-settings=\"{&quot;background_background&quot;:&quot;classic&quot;}\">\n\t\t\t\t<div class=\"elementor-element elementor-element-10d2148 rt-default-class elementor-widget elementor-widget-heading\" data-id=\"10d2148\" data-element_type=\"widget\" data-e-type=\"widget\" data-widget_type=\"heading.default\">\n\t\t\t\t\t<h3 class=\"elementor-heading-title elementor-size-default\">Notre Mission<\/h3>\t\t\t\t<\/div>\n\t\t\t\t<div class=\"elementor-element elementor-element-cf947aa rt-default-class elementor-widget elementor-widget-text-editor\" data-id=\"cf947aa\" data-element_type=\"widget\" data-e-type=\"widget\" data-widget_type=\"text-editor.default\">\n\t\t\t\t\t\t\t\t\t<ul><li data-start=\"88\" data-end=\"135\">Donner aux enfants les comp\u00e9tences du XXI\u1d49 si\u00e8cle.<\/li><li data-start=\"88\" data-end=\"135\">Offrir un environnement heureux, s\u00fbr et bienveillant pour tous.<\/li><li data-start=\"88\" data-end=\"135\">Favoriser l\u2019apprentissage gr\u00e2ce \u00e0 des outils bas\u00e9s sur les projets et la technologie.<\/li><li data-start=\"88\" data-end=\"135\">Proposer un programme stimulant tout en favorisant une grande estime de soi et le respect.<\/li><li data-start=\"88\" data-end=\"135\">Collaborer avec les parents pour d\u00e9velopper les enfants sur les plans \u00e9ducatif, moral, spirituel, physique et social.<\/li><\/ul>\t\t\t\t\t\t\t\t<\/div>\n\t\t\t\t<\/div>\n\t\t<div class=\"elementor-element elementor-element-d02f011 e-con-full e-flex rt-default-class e-con e-child\" data-id=\"d02f011\" data-element_type=\"container\" data-e-type=\"container\" data-settings=\"{&quot;background_background&quot;:&quot;classic&quot;}\">\n\t\t\t\t<div class=\"elementor-element elementor-element-584e348 rt-default-class elementor-widget elementor-widget-heading\" data-id=\"584e348\" data-element_type=\"widget\" data-e-type=\"widget\" data-widget_type=\"heading.default\">\n\t\t\t\t\t<h3 class=\"elementor-heading-title elementor-size-default\">Notre Vision<\/h3>\t\t\t\t<\/div>\n\t\t\t\t<div class=\"elementor-element elementor-element-4cbb887 rt-default-class elementor-widget elementor-widget-text-editor\" data-id=\"4cbb887\" data-element_type=\"widget\" data-e-type=\"widget\" data-widget_type=\"text-editor.default\">\n\t\t\t\t\t\t\t\t\t<ul><li data-section-id=\"19v260a\" data-start=\"502\" data-end=\"715\"><p data-start=\"504\" data-end=\"715\">La vision, #wearethefuture, signifie que notre \u00e9cole s\u2019engage \u00e0 fournir \u00e0 chaque \u00e9l\u00e8ve les connaissances, comp\u00e9tences et valeurs n\u00e9cessaires pour devenir des leaders innovants, responsables et performants dans le monde de demain.<\/p><\/li><li data-section-id=\"j7aaqh\" data-start=\"716\" data-end=\"798\"><p data-start=\"718\" data-end=\"798\">Nous nous concentrons sur la promotion de la croissance, de l\u2019excellence et d\u2019un impact positif sur l\u2019avenir.<\/p><\/li><\/ul>\t\t\t\t\t\t\t\t<\/div>\n\t\t\t\t<\/div>\n\t\t\t\t\t<\/div>\n\t\t\t\t<\/div>\n\t\t<div class=\"elementor-element elementor-element-268bd5d e-flex e-con-boxed rt-default-class e-con e-parent\" data-id=\"268bd5d\" data-element_type=\"container\" data-e-type=\"container\">\n\t\t\t\t\t<div class=\"e-con-inner\">\n\t\t<div class=\"elementor-element elementor-element-7dc1a853 e-con-full e-flex rt-default-class e-con e-child\" data-id=\"7dc1a853\" data-element_type=\"container\" data-e-type=\"container\">\n\t\t<div class=\"elementor-element elementor-element-1ccf809f e-con-full e-flex rt-default-class e-con e-child\" data-id=\"1ccf809f\" data-element_type=\"container\" data-e-type=\"container\">\n\t\t<div class=\"elementor-element elementor-element-21547054 e-con-full e-flex rt-default-class e-con e-child\" data-id=\"21547054\" data-element_type=\"container\" data-e-type=\"container\">\n\t\t\t\t<div class=\"elementor-element elementor-element-1ac2e0a8 rt-default-class elementor-widget elementor-widget-rt-react-image\" data-id=\"1ac2e0a8\" data-element_type=\"widget\" data-e-type=\"widget\" data-widget_type=\"rt-react-image.default\">\n\t\t\t\t<div class=\"elementor-widget-container\">\n\t\t\t\t\t                    <div data-jarallax class=\"react-jarallax-img jarallax react-image\">\n                                    <img decoding=\"async\" class=\"jarallax-img\" src=\"https:\/\/londonacademy.ma\/wp-content\/uploads\/2026\/03\/1-1536x1024-1.jpg\"\/>\n                            <\/div>\n                   \n    \t\t\t\t<\/div>\n\t\t\t\t<\/div>\n\t\t\t\t<\/div>\n\t\t<div class=\"elementor-element elementor-element-564ec39f e-con-full e-flex rt-default-class e-con e-child\" data-id=\"564ec39f\" data-element_type=\"container\" data-e-type=\"container\">\n\t\t\t\t<div class=\"elementor-element elementor-element-13f3b7bd elementor-widget__width-inherit rt-primary-color elementor-widget elementor-widget-icon-box\" data-id=\"13f3b7bd\" data-element_type=\"widget\" data-e-type=\"widget\" data-widget_type=\"icon-box.default\">\n\t\t\t\t\t\t\t<div class=\"elementor-icon-box-wrapper\">\n\n\t\t\t\n\t\t\t\t\t\t<div class=\"elementor-icon-box-content\">\n\n\t\t\t\t\t\t\t\t\t<h2 class=\"elementor-icon-box-title\">\n\t\t\t\t\t\t<span  >\n\t\t\t\t\t\t\t10,000\t\t\t\t\t\t<\/span>\n\t\t\t\t\t<\/h2>\n\t\t\t\t\n\t\t\t\t\t\t\t\t\t<p class=\"elementor-icon-box-description\">\n\t\t\t\t\t\t\u00e9tudiants de premier cycle et de cycles sup\u00e9rieurs\t\t\t\t\t<\/p>\n\t\t\t\t\n\t\t\t<\/div>\n\t\t\t\n\t\t<\/div>\n\t\t\t\t\t\t<\/div>\n\t\t\t\t<div class=\"elementor-element elementor-element-212988c3 elementor-widget__width-inherit rt-primary-color elementor-widget elementor-widget-icon-box\" data-id=\"212988c3\" data-element_type=\"widget\" data-e-type=\"widget\" data-widget_type=\"icon-box.default\">\n\t\t\t\t\t\t\t<div class=\"elementor-icon-box-wrapper\">\n\n\t\t\t\n\t\t\t\t\t\t<div class=\"elementor-icon-box-content\">\n\n\t\t\t\t\t\t\t\t\t<h2 class=\"elementor-icon-box-title\">\n\t\t\t\t\t\t<span  >\n\t\t\t\t\t\t\t60+\t\t\t\t\t\t<\/span>\n\t\t\t\t\t<\/h2>\n\t\t\t\t\n\t\t\t\t\t\t\t\t\t<p class=\"elementor-icon-box-description\">\n\t\t\t\t\t\tWorldwide University partnerships\t\t\t\t\t<\/p>\n\t\t\t\t\n\t\t\t<\/div>\n\t\t\t\n\t\t<\/div>\n\t\t\t\t\t\t<\/div>\n\t\t\t\t<div class=\"elementor-element elementor-element-14ee71f8 elementor-widget__width-inherit rt-primary-color elementor-widget elementor-widget-icon-box\" data-id=\"14ee71f8\" data-element_type=\"widget\" data-e-type=\"widget\" data-widget_type=\"icon-box.default\">\n\t\t\t\t\t\t\t<div class=\"elementor-icon-box-wrapper\">\n\n\t\t\t\n\t\t\t\t\t\t<div class=\"elementor-icon-box-content\">\n\n\t\t\t\t\t\t\t\t\t<h2 class=\"elementor-icon-box-title\">\n\t\t\t\t\t\t<span  >\n\t\t\t\t\t\t\t1000\t\t\t\t\t\t<\/span>\n\t\t\t\t\t<\/h2>\n\t\t\t\t\n\t\t\t\t\t\t\t\t\t<p class=\"elementor-icon-box-description\">\n\t\t\t\t\t\tDipl\u00f4m\u00e9s des meilleures universit\u00e9s\t\t\t\t\t<\/p>\n\t\t\t\t\n\t\t\t<\/div>\n\t\t\t\n\t\t<\/div>\n\t\t\t\t\t\t<\/div>\n\t\t\t\t<\/div>\n\t\t\t\t<\/div>\n\t\t\t\t<\/div>\n\t\t\t\t\t<\/div>\n\t\t\t\t<\/div>\n\t\t\t\t<\/div>","protected":false},"excerpt":{"rendered":"<p>About Us Home About London Academy London Academy Rabat delivers a tailored learning journey for our students that fosters active participation, cultivates analytical and problem-solving abilities, and equips students with the necessary skills for the contemporary job market. Through our Smart School platform, our educators can design and oversee virtual courses, tasks, evaluations, and multimedia&#8230;<\/p>","protected":false},"author":1,"featured_media":12300,"parent":12941,"menu_order":0,"comment_status":"closed","ping_status":"closed","template":"elementor_header_footer","meta":{"footnotes":""},"class_list":["post-12978","page","type-page","status-publish","has-post-thumbnail","hentry"],"yoast_head":"<!-- This site is optimized with the Yoast SEO plugin v27.2 - https:\/\/yoast.com\/product\/yoast-seo-wordpress\/ -->\n<title>Discover London Academy Rabat | English School in Rabat<\/title>\n<meta name=\"description\" content=\"Learn about our British identity in Rabat. London Academy provides world-class English education and UK academic standards. Meet our expert faculty today!\" \/>\n<meta name=\"robots\" content=\"index, follow, max-snippet:-1, max-image-preview:large, max-video-preview:-1\" \/>\n<link rel=\"canonical\" href=\"https:\/\/londonacademy.ma\/fr\/rabat\/apropos-rabat\/\" \/>\n<meta property=\"og:locale\" content=\"fr_FR\" \/>\n<meta property=\"og:type\" content=\"article\" \/>\n<meta property=\"og:title\" content=\"Discover London Academy Rabat | English School in Rabat\" \/>\n<meta property=\"og:description\" content=\"Learn about our British identity in Rabat. London Academy provides world-class English education and UK academic standards. Meet our expert faculty today!\" \/>\n<meta property=\"og:url\" content=\"https:\/\/londonacademy.ma\/fr\/rabat\/apropos-rabat\/\" \/>\n<meta property=\"og:site_name\" content=\"London Academy\" \/>\n<meta property=\"article:modified_time\" content=\"2026-03-21T14:11:16+00:00\" \/>\n<meta property=\"og:image\" content=\"https:\/\/londonacademy.ma\/wp-content\/uploads\/2026\/02\/thumbnail_IMG_5043.jpeg\" \/>\n\t<meta property=\"og:image:width\" content=\"1280\" \/>\n\t<meta property=\"og:image:height\" content=\"960\" \/>\n\t<meta property=\"og:image:type\" content=\"image\/jpeg\" \/>\n<meta name=\"twitter:card\" content=\"summary_large_image\" \/>\n<meta name=\"twitter:label1\" content=\"Dur\u00e9e de lecture estim\u00e9e\" \/>\n\t<meta name=\"twitter:data1\" content=\"3 minutes\" \/>\n<script type=\"application\/ld+json\" class=\"yoast-schema-graph\">{\"@context\":\"https:\/\/schema.org\",\"@graph\":[{\"@type\":\"WebPage\",\"@id\":\"https:\/\/londonacademy.ma\/rabat\/about-us-rabat\/\",\"url\":\"https:\/\/londonacademy.ma\/rabat\/about-us-rabat\/\",\"name\":\"Discover London Academy Rabat | English School in Rabat\",\"isPartOf\":{\"@id\":\"https:\/\/londonacademy.ma\/#website\"},\"primaryImageOfPage\":{\"@id\":\"https:\/\/londonacademy.ma\/rabat\/about-us-rabat\/#primaryimage\"},\"image\":{\"@id\":\"https:\/\/londonacademy.ma\/rabat\/about-us-rabat\/#primaryimage\"},\"thumbnailUrl\":\"https:\/\/londonacademy.ma\/wp-content\/uploads\/2026\/02\/thumbnail_IMG_5043.jpeg\",\"datePublished\":\"2026-03-07T14:54:34+00:00\",\"dateModified\":\"2026-03-21T14:11:16+00:00\",\"description\":\"Learn about our British identity in Rabat. London Academy provides world-class English education and UK academic standards. Meet our expert faculty today!\",\"breadcrumb\":{\"@id\":\"https:\/\/londonacademy.ma\/rabat\/about-us-rabat\/#breadcrumb\"},\"inLanguage\":\"fr-FR\",\"potentialAction\":[{\"@type\":\"ReadAction\",\"target\":[\"https:\/\/londonacademy.ma\/rabat\/about-us-rabat\/\"]}]},{\"@type\":\"ImageObject\",\"inLanguage\":\"fr-FR\",\"@id\":\"https:\/\/londonacademy.ma\/rabat\/about-us-rabat\/#primaryimage\",\"url\":\"https:\/\/londonacademy.ma\/wp-content\/uploads\/2026\/02\/thumbnail_IMG_5043.jpeg\",\"contentUrl\":\"https:\/\/londonacademy.ma\/wp-content\/uploads\/2026\/02\/thumbnail_IMG_5043.jpeg\",\"width\":1280,\"height\":960,\"caption\":\"English School Rabat\"},{\"@type\":\"BreadcrumbList\",\"@id\":\"https:\/\/londonacademy.ma\/rabat\/about-us-rabat\/#breadcrumb\",\"itemListElement\":[{\"@type\":\"ListItem\",\"position\":1,\"name\":\"Accueil\",\"item\":\"https:\/\/londonacademy.ma\/\"},{\"@type\":\"ListItem\",\"position\":2,\"name\":\"Rabat\",\"item\":\"https:\/\/londonacademy.ma\/rabat\/\"},{\"@type\":\"ListItem\",\"position\":3,\"name\":\"About Us\"}]},{\"@type\":\"WebSite\",\"@id\":\"https:\/\/londonacademy.ma\/#website\",\"url\":\"https:\/\/londonacademy.ma\/\",\"name\":\"London Academy\",\"description\":\"\",\"potentialAction\":[{\"@type\":\"SearchAction\",\"target\":{\"@type\":\"EntryPoint\",\"urlTemplate\":\"https:\/\/londonacademy.ma\/?s={search_term_string}\"},\"query-input\":{\"@type\":\"PropertyValueSpecification\",\"valueRequired\":true,\"valueName\":\"search_term_string\"}}],\"inLanguage\":\"fr-FR\"}]}<\/script>\n<!-- \/ Yoast SEO plugin. -->","yoast_head_json":{"title":"London Academy Rabat | \u00c9cole Anglaise de r\u00e9f\u00e9rence \u00e0 Rabat","description":"Explorez les piliers de notre succ\u00e8s \u00e0 Rabat : un corps enseignant international, des programmes accr\u00e9dit\u00e9s et un environnement d'apprentissage stimulant. En savoir plus.","robots":{"index":"index","follow":"follow","max-snippet":"max-snippet:-1","max-image-preview":"max-image-preview:large","max-video-preview":"max-video-preview:-1"},"canonical":"https:\/\/londonacademy.ma\/fr\/rabat\/apropos-rabat\/","og_locale":"fr_FR","og_type":"article","og_title":"Discover London Academy Rabat | English School in Rabat","og_description":"Learn about our British identity in Rabat. London Academy provides world-class English education and UK academic standards. Meet our expert faculty today!","og_url":"https:\/\/londonacademy.ma\/fr\/rabat\/apropos-rabat\/","og_site_name":"London Academy","article_modified_time":"2026-03-21T14:11:16+00:00","og_image":[{"width":1280,"height":960,"url":"https:\/\/londonacademy.ma\/wp-content\/uploads\/2026\/02\/thumbnail_IMG_5043.jpeg","type":"image\/jpeg"}],"twitter_card":"summary_large_image","twitter_misc":{"Dur\u00e9e de lecture estim\u00e9e":"3 minutes"},"schema":{"@context":"https:\/\/schema.org","@graph":[{"@type":"WebPage","@id":"https:\/\/londonacademy.ma\/rabat\/about-us-rabat\/","url":"https:\/\/londonacademy.ma\/rabat\/about-us-rabat\/","name":"London Academy Rabat | \u00c9cole Anglaise de r\u00e9f\u00e9rence \u00e0 Rabat","isPartOf":{"@id":"https:\/\/londonacademy.ma\/#website"},"primaryImageOfPage":{"@id":"https:\/\/londonacademy.ma\/rabat\/about-us-rabat\/#primaryimage"},"image":{"@id":"https:\/\/londonacademy.ma\/rabat\/about-us-rabat\/#primaryimage"},"thumbnailUrl":"https:\/\/londonacademy.ma\/wp-content\/uploads\/2026\/02\/thumbnail_IMG_5043.jpeg","datePublished":"2026-03-07T14:54:34+00:00","dateModified":"2026-03-21T14:11:16+00:00","description":"Explorez les piliers de notre succ\u00e8s \u00e0 Rabat : un corps enseignant international, des programmes accr\u00e9dit\u00e9s et un environnement d'apprentissage stimulant. En savoir plus.","breadcrumb":{"@id":"https:\/\/londonacademy.ma\/rabat\/about-us-rabat\/#breadcrumb"},"inLanguage":"fr-FR","potentialAction":[{"@type":"ReadAction","target":["https:\/\/londonacademy.ma\/rabat\/about-us-rabat\/"]}]},{"@type":"ImageObject","inLanguage":"fr-FR","@id":"https:\/\/londonacademy.ma\/rabat\/about-us-rabat\/#primaryimage","url":"https:\/\/londonacademy.ma\/wp-content\/uploads\/2026\/02\/thumbnail_IMG_5043.jpeg","contentUrl":"https:\/\/londonacademy.ma\/wp-content\/uploads\/2026\/02\/thumbnail_IMG_5043.jpeg","width":1280,"height":960,"caption":"English School Rabat"},{"@type":"BreadcrumbList","@id":"https:\/\/londonacademy.ma\/rabat\/about-us-rabat\/#breadcrumb","itemListElement":[{"@type":"ListItem","position":1,"name":"Accueil","item":"https:\/\/londonacademy.ma\/"},{"@type":"ListItem","position":2,"name":"Rabat","item":"https:\/\/londonacademy.ma\/rabat\/"},{"@type":"ListItem","position":3,"name":"About Us"}]},{"@type":"WebSite","@id":"https:\/\/londonacademy.ma\/#website","url":"https:\/\/londonacademy.ma\/","name":"London Academy","description":"","potentialAction":[{"@type":"SearchAction","target":{"@type":"EntryPoint","urlTemplate":"https:\/\/londonacademy.ma\/?s={search_term_string}"},"query-input":{"@type":"PropertyValueSpecification","valueRequired":true,"valueName":"search_term_string"}}],"inLanguage":"fr-FR"}]}},"_links":{"self":[{"href":"https:\/\/londonacademy.ma\/fr\/wp-json\/wp\/v2\/pages\/12978","targetHints":{"allow":["GET"]}}],"collection":[{"href":"https:\/\/londonacademy.ma\/fr\/wp-json\/wp\/v2\/pages"}],"about":[{"href":"https:\/\/londonacademy.ma\/fr\/wp-json\/wp\/v2\/types\/page"}],"author":[{"embeddable":true,"href":"https:\/\/londonacademy.ma\/fr\/wp-json\/wp\/v2\/users\/1"}],"replies":[{"embeddable":true,"href":"https:\/\/londonacademy.ma\/fr\/wp-json\/wp\/v2\/comments?post=12978"}],"version-history":[{"count":2,"href":"https:\/\/londonacademy.ma\/fr\/wp-json\/wp\/v2\/pages\/12978\/revisions"}],"predecessor-version":[{"id":13565,"href":"https:\/\/londonacademy.ma\/fr\/wp-json\/wp\/v2\/pages\/12978\/revisions\/13565"}],"up":[{"embeddable":true,"href":"https:\/\/londonacademy.ma\/fr\/wp-json\/wp\/v2\/pages\/12941"}],"wp:featuredmedia":[{"embeddable":true,"href":"https:\/\/londonacademy.ma\/fr\/wp-json\/wp\/v2\/media\/12300"}],"wp:attachment":[{"href":"https:\/\/londonacademy.ma\/fr\/wp-json\/wp\/v2\/media?parent=12978"}],"curies":[{"name":"wp","href":"https:\/\/api.w.org\/{rel}","templated":true}]}}