{"id":13378,"date":"2026-03-16T11:36:02","date_gmt":"2026-03-16T11:36:02","guid":{"rendered":"https:\/\/londonacademy.ma\/?page_id=13378"},"modified":"2026-03-21T15:58:59","modified_gmt":"2026-03-21T14:58:59","slug":"apropos","status":"publish","type":"page","link":"https:\/\/londonacademy.ma\/fr\/dar-bouazza\/about-us\/","title":{"rendered":"\u00c0 propos"},"content":{"rendered":"<div data-elementor-type=\"wp-page\" data-elementor-id=\"13378\" class=\"elementor elementor-13378\">\n\t\t\t\t<div class=\"elementor-element elementor-element-4ad196e e-flex e-con-boxed rt-default-class e-con e-parent\" data-id=\"4ad196e\" data-element_type=\"container\" data-e-type=\"container\" data-settings=\"{&quot;background_background&quot;:&quot;classic&quot;,&quot;animation&quot;:&quot;none&quot;}\">\n\t\t\t\t\t<div class=\"e-con-inner\">\n\t\t\t\t<div class=\"elementor-element elementor-element-ccefa4a content-align-center rt-default-class elementor-widget elementor-widget-rtbreadrumb\" data-id=\"ccefa4a\" data-element_type=\"widget\" data-e-type=\"widget\" data-widget_type=\"rtbreadrumb.default\">\n\t\t\t\t<div class=\"elementor-widget-container\">\n\t\t\t\t\t    <div class=\"reactheme-breadcrumb\">\n        <div class=\"breadcrumb-inner container\">\n            <h1 class=\"page-title\"><\/h1>\n            <div class=\"breadcrumb-path\">\n                <a href=\"https:\/\/londonacademy.ma\/fr\/\">Home<\/a>            <\/div>\n        <\/div>\n    <\/div>\n    \t\t\t\t<\/div>\n\t\t\t\t<\/div>\n\t\t\t\t\t<\/div>\n\t\t\t\t<\/div>\n\t\t<div class=\"elementor-element elementor-element-df380e2 e-flex e-con-boxed rt-default-class e-con e-parent\" data-id=\"df380e2\" data-element_type=\"container\" data-e-type=\"container\" data-settings=\"{&quot;background_background&quot;:&quot;classic&quot;}\">\n\t\t\t\t\t<div class=\"e-con-inner\">\n\t\t<div class=\"elementor-element elementor-element-2ee3c1c4 e-con-full e-flex rt-default-class e-con e-child\" data-id=\"2ee3c1c4\" data-element_type=\"container\" data-e-type=\"container\">\n\t\t\t\t<div class=\"elementor-element elementor-element-34be5d2a rt-default-class elementor-widget elementor-widget-heading\" data-id=\"34be5d2a\" data-element_type=\"widget\" data-e-type=\"widget\" data-widget_type=\"heading.default\">\n\t\t\t\t\t<h1 class=\"elementor-heading-title elementor-size-default\">London Academy Dar Bouazza<\/h1>\t\t\t\t<\/div>\n\t\t\t\t<\/div>\n\t\t<div class=\"elementor-element elementor-element-a4bbf93 e-con-full e-flex rt-default-class e-con e-child\" data-id=\"a4bbf93\" data-element_type=\"container\" data-e-type=\"container\">\n\t\t\t\t<div class=\"elementor-element elementor-element-3a7a18fc rt-default-class elementor-widget elementor-widget-text-editor\" data-id=\"3a7a18fc\" data-element_type=\"widget\" data-e-type=\"widget\" data-widget_type=\"text-editor.default\">\n\t\t\t\t\t\t\t\t\t<p>London Academy, \u00e9tablissement britannique international de premier plan depuis 2017, a annonc\u00e9 aujourd\u2019hui l\u2019ouverture de son troisi\u00e8me campus au Maroc, marquant une \u00e9tape importante dans la coop\u00e9ration bilat\u00e9rale entre le Maroc et le Royaume-Uni dans le domaine de l\u2019\u00e9ducation. La nouvelle \u00e9cole sera situ\u00e9e \u00e0 <strong>Dar Bouazza<\/strong>, Casablanca, et son ouverture est pr\u00e9vue pour septembre 2026.<\/p>\t\t\t\t\t\t\t\t<\/div>\n\t\t\t\t<\/div>\n\t\t\t\t\t<\/div>\n\t\t\t\t<\/div>\n\t\t<div class=\"elementor-element elementor-element-49afc137 e-flex e-con-boxed rt-default-class e-con e-parent\" data-id=\"49afc137\" data-element_type=\"container\" data-e-type=\"container\">\n\t\t\t\t\t<div class=\"e-con-inner\">\n\t\t<div class=\"elementor-element elementor-element-783c067e e-con-full e-flex rt-default-class e-con e-child\" data-id=\"783c067e\" data-element_type=\"container\" data-e-type=\"container\">\n\t\t\t\t<div class=\"elementor-element elementor-element-cc23031 rt-default-class elementor-widget elementor-widget-image\" data-id=\"cc23031\" data-element_type=\"widget\" data-e-type=\"widget\" data-widget_type=\"image.default\">\n\t\t\t\t\t\t\t\t\t\t\t\t\t\t\t<img fetchpriority=\"high\" decoding=\"async\" width=\"640\" height=\"635\" src=\"https:\/\/londonacademy.ma\/wp-content\/uploads\/2026\/03\/samir-head-of-school.jpg\" class=\"attachment-large size-large wp-image-13256\" alt=\"Samir Head Of School\" srcset=\"https:\/\/londonacademy.ma\/wp-content\/uploads\/2026\/03\/samir-head-of-school.jpg 678w, https:\/\/londonacademy.ma\/wp-content\/uploads\/2026\/03\/samir-head-of-school-300x298.jpg 300w, https:\/\/londonacademy.ma\/wp-content\/uploads\/2026\/03\/samir-head-of-school-150x150.jpg 150w, https:\/\/londonacademy.ma\/wp-content\/uploads\/2026\/03\/samir-head-of-school-80x80.jpg 80w\" sizes=\"(max-width: 640px) 100vw, 640px\" \/>\t\t\t\t\t\t\t\t\t\t\t\t\t\t\t<\/div>\n\t\t\t\t<\/div>\n\t\t<div class=\"elementor-element elementor-element-536145e7 e-con-full e-flex rt-default-class e-con e-child\" data-id=\"536145e7\" data-element_type=\"container\" data-e-type=\"container\">\n\t\t\t\t<div class=\"elementor-element elementor-element-1b008e9d rt-default-class elementor-widget elementor-widget-text-editor\" data-id=\"1b008e9d\" data-element_type=\"widget\" data-e-type=\"widget\" data-widget_type=\"text-editor.default\">\n\t\t\t\t\t\t\t\t\t<p class=\"translation-block\">Le nouveau <strong>campus de Dar Bouazza<\/strong> souligne la collaboration continue entre le Maroc et le Royaume-Uni pour renforcer les opportunit\u00e9s \u00e9ducatives et les \u00e9changes interculturels. Les principaux objectifs de l\u2019accord bilat\u00e9ral incluent :<\/p><ul><li>\u00c9tendre l\u2019acc\u00e8s \u00e0 une \u00e9ducation britannique de haute qualit\u00e9<\/li><li>Favoriser les \u00e9changes d\u2019enseignants et le d\u00e9veloppement professionnel<\/li><li>Promouvoir la reconnaissance mutuelle des qualifications<\/li><li>Encourager la collaboration dans l\u2019enseignement des STEM, des arts et des sciences humaines<\/li><\/ul><p>\u00a0<\/p>\t\t\t\t\t\t\t\t<\/div>\n\t\t\t\t<div class=\"elementor-element elementor-element-6ce4481 rt-default-class elementor-widget elementor-widget-heading\" data-id=\"6ce4481\" data-element_type=\"widget\" data-e-type=\"widget\" data-widget_type=\"heading.default\">\n\t\t\t\t\t<h2 class=\"elementor-heading-title elementor-size-default\">Samir Benmakhlouf Ph.d<\/h2>\t\t\t\t<\/div>\n\t\t\t\t<div class=\"elementor-element elementor-element-383586f rt-default-class elementor-widget elementor-widget-text-editor\" data-id=\"383586f\" data-element_type=\"widget\" data-e-type=\"widget\" data-widget_type=\"text-editor.default\">\n\t\t\t\t\t\t\t\t\t<p>Directeur de l\u2019\u00e9cole<br \/>info@londonacademy.ma<\/p>\t\t\t\t\t\t\t\t<\/div>\n\t\t\t\t<\/div>\n\t\t\t\t\t<\/div>\n\t\t\t\t<\/div>\n\t\t<div class=\"elementor-element elementor-element-268bd5d e-flex e-con-boxed rt-default-class e-con e-parent\" data-id=\"268bd5d\" data-element_type=\"container\" data-e-type=\"container\">\n\t\t\t\t\t<div class=\"e-con-inner\">\n\t\t<div class=\"elementor-element elementor-element-7dc1a853 e-con-full e-flex rt-default-class e-con e-child\" data-id=\"7dc1a853\" data-element_type=\"container\" data-e-type=\"container\">\n\t\t<div class=\"elementor-element elementor-element-1ccf809f e-con-full e-flex rt-default-class e-con e-child\" data-id=\"1ccf809f\" data-element_type=\"container\" data-e-type=\"container\">\n\t\t<div class=\"elementor-element elementor-element-21547054 e-con-full e-flex rt-default-class e-con e-child\" data-id=\"21547054\" data-element_type=\"container\" data-e-type=\"container\">\n\t\t\t\t<div class=\"elementor-element elementor-element-1ac2e0a8 rt-default-class elementor-widget elementor-widget-rt-react-image\" data-id=\"1ac2e0a8\" data-element_type=\"widget\" data-e-type=\"widget\" data-widget_type=\"rt-react-image.default\">\n\t\t\t\t<div class=\"elementor-widget-container\">\n\t\t\t\t\t                        <div class=\"reveal-item overflow-hidden aos-init\">\n                     <div class=\"reveal-animation reveal-end reveal-primary aos aos-init\" data-aos=\"reveal-end\"><\/div>\n                     <img decoding=\"async\" class=\"react-multi-image\" src=\"https:\/\/londonacademy.ma\/wp-content\/uploads\/2026\/03\/19-1536x1024-2.jpg\" alt=\"\"\/>\n                 <\/div>\n                        \n    \t\t\t\t<\/div>\n\t\t\t\t<\/div>\n\t\t\t\t<\/div>\n\t\t<div class=\"elementor-element elementor-element-564ec39f e-con-full e-flex rt-default-class e-con e-child\" data-id=\"564ec39f\" data-element_type=\"container\" data-e-type=\"container\">\n\t\t\t\t<div class=\"elementor-element elementor-element-f136481 rt-default-class elementor-widget elementor-widget-heading\" data-id=\"f136481\" data-element_type=\"widget\" data-e-type=\"widget\" data-widget_type=\"heading.default\">\n\t\t\t\t\t<h2 class=\"elementor-heading-title elementor-size-default\">Key Details<\/h2>\t\t\t\t<\/div>\n\t\t\t\t<div class=\"elementor-element elementor-element-61f5c8e rt-default-class elementor-widget elementor-widget-text-editor\" data-id=\"61f5c8e\" data-element_type=\"widget\" data-e-type=\"widget\" data-widget_type=\"text-editor.default\">\n\t\t\t\t\t\t\t\t\t<ul><li><strong>Nom de l\u2019\u00e9cole<\/strong>London Academy Casablanca - Campus Dar Bouazza<\/li><li><strong>Location<\/strong>: Dar Bouazza, Casablanca, Morocco<\/li><li><strong>Date d'ouverture<\/strong>: Septembre 2026<\/li><li><strong>Affiliation<\/strong>: Dans le cadre de l\u2019accord bilat\u00e9ral Maroc\u2013Royaume-Uni sur le programme et l\u2019accr\u00e9ditation : programme international britannique align\u00e9 sur les standards britanniques ; accr\u00e9dit\u00e9 par British School Overseas, Oxford AQA, NCUK University Pathway et Cognia. Admission des \u00e9l\u00e8ves : de la petite enfance au secondaire (date \u00e0 confirmer ; admissions progressives selon le calendrier acad\u00e9mique).<\/li><li><strong>Installations<\/strong>: Salles de classe modernes, laboratoires scientifiques, salles informatiques, installations sportives, espaces pour les arts de la sc\u00e8ne, biblioth\u00e8ques et espaces d\u2019\u00e9tude, halls polyvalents et espaces d\u00e9di\u00e9s \u00e0 l\u2019\u00e9ducation STEAM. Installations sportives et artistiques \u00e0 la pointe : piscine semi-olympique int\u00e9rieure, terrains de paddle, terrains de football, terrains de basket et de volley, grand th\u00e9\u00e2tre, et installations sportives int\u00e9rieures compl\u00e8tes.<\/li><\/ul>\t\t\t\t\t\t\t\t<\/div>\n\t\t\t\t<\/div>\n\t\t\t\t<\/div>\n\t\t\t\t<\/div>\n\t\t\t\t\t<\/div>\n\t\t\t\t<\/div>\n\t\t<div class=\"elementor-element elementor-element-c203296 e-flex e-con-boxed rt-default-class e-con e-parent\" data-id=\"c203296\" data-element_type=\"container\" data-e-type=\"container\" data-settings=\"{&quot;background_background&quot;:&quot;classic&quot;}\">\n\t\t\t\t\t<div class=\"e-con-inner\">\n\t\t<div class=\"elementor-element elementor-element-43ab9af e-con-full e-flex rt-default-class e-con e-child\" data-id=\"43ab9af\" data-element_type=\"container\" data-e-type=\"container\" data-settings=\"{&quot;background_background&quot;:&quot;classic&quot;}\">\n\t\t\t\t<div class=\"elementor-element elementor-element-579b01c rt-default-class elementor-widget elementor-widget-heading\" data-id=\"579b01c\" data-element_type=\"widget\" data-e-type=\"widget\" data-widget_type=\"heading.default\">\n\t\t\t\t\t<h3 class=\"elementor-heading-title elementor-size-default\">Notre Mission<\/h3>\t\t\t\t<\/div>\n\t\t\t\t<div class=\"elementor-element elementor-element-88e5803 rt-default-class elementor-widget elementor-widget-text-editor\" data-id=\"88e5803\" data-element_type=\"widget\" data-e-type=\"widget\" data-widget_type=\"text-editor.default\">\n\t\t\t\t\t\t\t\t\t<ul><li data-start=\"88\" data-end=\"135\">Donner aux enfants les comp\u00e9tences du XXI\u1d49 si\u00e8cle.<\/li><li data-start=\"88\" data-end=\"135\">Offrir un environnement heureux, s\u00fbr et bienveillant pour tous.<\/li><li data-start=\"88\" data-end=\"135\">Favoriser l\u2019apprentissage gr\u00e2ce \u00e0 des outils bas\u00e9s sur les projets et la technologie.<\/li><li data-start=\"88\" data-end=\"135\">Proposer un programme stimulant tout en favorisant une grande estime de soi et le respect.<\/li><li data-start=\"88\" data-end=\"135\">Collaborer avec les parents pour d\u00e9velopper les enfants sur les plans \u00e9ducatif, moral, spirituel, physique et social.<\/li><\/ul>\t\t\t\t\t\t\t\t<\/div>\n\t\t\t\t<\/div>\n\t\t<div class=\"elementor-element elementor-element-ef1a318 e-con-full e-flex rt-default-class e-con e-child\" data-id=\"ef1a318\" data-element_type=\"container\" data-e-type=\"container\" data-settings=\"{&quot;background_background&quot;:&quot;classic&quot;}\">\n\t\t\t\t<div class=\"elementor-element elementor-element-902f6f5 rt-default-class elementor-widget elementor-widget-heading\" data-id=\"902f6f5\" data-element_type=\"widget\" data-e-type=\"widget\" data-widget_type=\"heading.default\">\n\t\t\t\t\t<h3 class=\"elementor-heading-title elementor-size-default\">Notre Vision<\/h3>\t\t\t\t<\/div>\n\t\t\t\t<div class=\"elementor-element elementor-element-6854ffb rt-default-class elementor-widget elementor-widget-text-editor\" data-id=\"6854ffb\" data-element_type=\"widget\" data-e-type=\"widget\" data-widget_type=\"text-editor.default\">\n\t\t\t\t\t\t\t\t\t<ul><li data-section-id=\"19v260a\" data-start=\"502\" data-end=\"715\"><p data-start=\"504\" data-end=\"715\">La vision, #wearethefuture, signifie que notre \u00e9cole s\u2019engage \u00e0 fournir \u00e0 chaque \u00e9l\u00e8ve les connaissances, comp\u00e9tences et valeurs n\u00e9cessaires pour devenir des leaders innovants, responsables et performants dans le monde de demain.<\/p><\/li><li data-section-id=\"j7aaqh\" data-start=\"716\" data-end=\"798\"><p data-start=\"718\" data-end=\"798\">Nous nous concentrons sur la promotion de la croissance, de l\u2019excellence et d\u2019un impact positif sur l\u2019avenir.<\/p><\/li><\/ul>\t\t\t\t\t\t\t\t<\/div>\n\t\t\t\t<\/div>\n\t\t\t\t\t<\/div>\n\t\t\t\t<\/div>\n\t\t\t\t<\/div>","protected":false},"excerpt":{"rendered":"<p>Home London Academy Dar Bouazza London Academy, a premier British international education provider since 2017, today announced the opening of its third campus in Morocco, marking a significant milestone in the bilateral cooperation between Morocco and the United Kingdom in education. The new school will be located in Dar Bouazza, Casablanca, and is scheduled to&#8230;<\/p>","protected":false},"author":1,"featured_media":13354,"parent":13348,"menu_order":0,"comment_status":"closed","ping_status":"closed","template":"elementor_header_footer","meta":{"footnotes":""},"class_list":["post-13378","page","type-page","status-publish","has-post-thumbnail","hentry"],"yoast_head":"<!-- This site is optimized with the Yoast SEO plugin v27.2 - https:\/\/yoast.com\/product\/yoast-seo-wordpress\/ -->\n<title>About Us | London Academy Dar Bouazza<\/title>\n<meta name=\"description\" content=\"Learn about London Academy Dar Bouazza . We provide an authentic British education and 100% English immersion for global success. Meet our expert faculty today!\" \/>\n<meta name=\"robots\" content=\"index, follow, max-snippet:-1, max-image-preview:large, max-video-preview:-1\" \/>\n<link rel=\"canonical\" href=\"https:\/\/londonacademy.ma\/fr\/dar-bouazza\/apropos\/\" \/>\n<meta property=\"og:locale\" content=\"fr_FR\" \/>\n<meta property=\"og:type\" content=\"article\" \/>\n<meta property=\"og:title\" content=\"About Us | London Academy Dar Bouazza\" \/>\n<meta property=\"og:description\" content=\"Learn about London Academy Dar Bouazza . We provide an authentic British education and 100% English immersion for global success. Meet our expert faculty today!\" \/>\n<meta property=\"og:url\" content=\"https:\/\/londonacademy.ma\/fr\/dar-bouazza\/apropos\/\" \/>\n<meta property=\"og:site_name\" content=\"London Academy Morocco\" \/>\n<meta property=\"article:modified_time\" content=\"2026-03-21T14:58:59+00:00\" \/>\n<meta property=\"og:image\" content=\"https:\/\/londonacademy.ma\/wp-content\/uploads\/2026\/03\/London-Academy-Dar-Bouazza.webp\" \/>\n\t<meta property=\"og:image:width\" content=\"1800\" \/>\n\t<meta property=\"og:image:height\" content=\"1226\" \/>\n\t<meta property=\"og:image:type\" content=\"image\/webp\" \/>\n<meta name=\"twitter:card\" content=\"summary_large_image\" \/>\n<meta name=\"twitter:label1\" content=\"Dur\u00e9e de lecture estim\u00e9e\" \/>\n\t<meta name=\"twitter:data1\" content=\"1 minute\" \/>\n<script type=\"application\/ld+json\" class=\"yoast-schema-graph\">{\"@context\":\"https:\/\/schema.org\",\"@graph\":[{\"@type\":\"WebPage\",\"@id\":\"https:\/\/londonacademy.ma\/dar-bouazza\/about-us\/\",\"url\":\"https:\/\/londonacademy.ma\/dar-bouazza\/about-us\/\",\"name\":\"About Us | London Academy Dar Bouazza\",\"isPartOf\":{\"@id\":\"https:\/\/londonacademy.ma\/#website\"},\"primaryImageOfPage\":{\"@id\":\"https:\/\/londonacademy.ma\/dar-bouazza\/about-us\/#primaryimage\"},\"image\":{\"@id\":\"https:\/\/londonacademy.ma\/dar-bouazza\/about-us\/#primaryimage\"},\"thumbnailUrl\":\"https:\/\/londonacademy.ma\/wp-content\/uploads\/2026\/03\/London-Academy-Dar-Bouazza.webp\",\"datePublished\":\"2026-03-16T11:36:02+00:00\",\"dateModified\":\"2026-03-21T14:58:59+00:00\",\"description\":\"Learn about London Academy Dar Bouazza . We provide an authentic British education and 100% English immersion for global success. Meet our expert faculty today!\",\"breadcrumb\":{\"@id\":\"https:\/\/londonacademy.ma\/dar-bouazza\/about-us\/#breadcrumb\"},\"inLanguage\":\"fr-FR\",\"potentialAction\":[{\"@type\":\"ReadAction\",\"target\":[\"https:\/\/londonacademy.ma\/dar-bouazza\/about-us\/\"]}]},{\"@type\":\"ImageObject\",\"inLanguage\":\"fr-FR\",\"@id\":\"https:\/\/londonacademy.ma\/dar-bouazza\/about-us\/#primaryimage\",\"url\":\"https:\/\/londonacademy.ma\/wp-content\/uploads\/2026\/03\/London-Academy-Dar-Bouazza.webp\",\"contentUrl\":\"https:\/\/londonacademy.ma\/wp-content\/uploads\/2026\/03\/London-Academy-Dar-Bouazza.webp\",\"width\":1800,\"height\":1226},{\"@type\":\"BreadcrumbList\",\"@id\":\"https:\/\/londonacademy.ma\/dar-bouazza\/about-us\/#breadcrumb\",\"itemListElement\":[{\"@type\":\"ListItem\",\"position\":1,\"name\":\"Accueil\",\"item\":\"https:\/\/londonacademy.ma\/\"},{\"@type\":\"ListItem\",\"position\":2,\"name\":\"Dar Bouazza\",\"item\":\"https:\/\/londonacademy.ma\/dar-bouazza\/\"},{\"@type\":\"ListItem\",\"position\":3,\"name\":\"About Us\"}]},{\"@type\":\"WebSite\",\"@id\":\"https:\/\/londonacademy.ma\/#website\",\"url\":\"https:\/\/londonacademy.ma\/\",\"name\":\"London Academy Morocco\",\"description\":\"\",\"potentialAction\":[{\"@type\":\"SearchAction\",\"target\":{\"@type\":\"EntryPoint\",\"urlTemplate\":\"https:\/\/londonacademy.ma\/?s={search_term_string}\"},\"query-input\":{\"@type\":\"PropertyValueSpecification\",\"valueRequired\":true,\"valueName\":\"search_term_string\"}}],\"inLanguage\":\"fr-FR\"}]}<\/script>\n<!-- \/ Yoast SEO plugin. -->","yoast_head_json":{"title":"London Academy Dar Bouazza | Ecole Anglaise Casablanca","description":"D\u00e9couvrez la London Academy Dar Bouazza. Nous offrons une \u00e9ducation britannique authentique et une immersion totale en anglais pour pr\u00e9parer nos \u00e9l\u00e8ves \u00e0 la r\u00e9ussite \u00e0 l\u2019international.","robots":{"index":"index","follow":"follow","max-snippet":"max-snippet:-1","max-image-preview":"max-image-preview:large","max-video-preview":"max-video-preview:-1"},"canonical":"https:\/\/londonacademy.ma\/fr\/dar-bouazza\/apropos\/","og_locale":"fr_FR","og_type":"article","og_title":"About Us | London Academy Dar Bouazza","og_description":"Learn about London Academy Dar Bouazza . We provide an authentic British education and 100% English immersion for global success. Meet our expert faculty today!","og_url":"https:\/\/londonacademy.ma\/fr\/dar-bouazza\/apropos\/","og_site_name":"London Academy Morocco","article_modified_time":"2026-03-21T14:58:59+00:00","og_image":[{"width":1800,"height":1226,"url":"https:\/\/londonacademy.ma\/wp-content\/uploads\/2026\/03\/London-Academy-Dar-Bouazza.webp","type":"image\/webp"}],"twitter_card":"summary_large_image","twitter_misc":{"Dur\u00e9e de lecture estim\u00e9e":"1 minute"},"schema":{"@context":"https:\/\/schema.org","@graph":[{"@type":"WebPage","@id":"https:\/\/londonacademy.ma\/dar-bouazza\/about-us\/","url":"https:\/\/londonacademy.ma\/dar-bouazza\/about-us\/","name":"London Academy Dar Bouazza | Ecole Anglaise Casablanca","isPartOf":{"@id":"https:\/\/londonacademy.ma\/#website"},"primaryImageOfPage":{"@id":"https:\/\/londonacademy.ma\/dar-bouazza\/about-us\/#primaryimage"},"image":{"@id":"https:\/\/londonacademy.ma\/dar-bouazza\/about-us\/#primaryimage"},"thumbnailUrl":"https:\/\/londonacademy.ma\/wp-content\/uploads\/2026\/03\/London-Academy-Dar-Bouazza.webp","datePublished":"2026-03-16T11:36:02+00:00","dateModified":"2026-03-21T14:58:59+00:00","description":"D\u00e9couvrez la London Academy Dar Bouazza. Nous offrons une \u00e9ducation britannique authentique et une immersion totale en anglais pour pr\u00e9parer nos \u00e9l\u00e8ves \u00e0 la r\u00e9ussite \u00e0 l\u2019international.","breadcrumb":{"@id":"https:\/\/londonacademy.ma\/dar-bouazza\/about-us\/#breadcrumb"},"inLanguage":"fr-FR","potentialAction":[{"@type":"ReadAction","target":["https:\/\/londonacademy.ma\/dar-bouazza\/about-us\/"]}]},{"@type":"ImageObject","inLanguage":"fr-FR","@id":"https:\/\/londonacademy.ma\/dar-bouazza\/about-us\/#primaryimage","url":"https:\/\/londonacademy.ma\/wp-content\/uploads\/2026\/03\/London-Academy-Dar-Bouazza.webp","contentUrl":"https:\/\/londonacademy.ma\/wp-content\/uploads\/2026\/03\/London-Academy-Dar-Bouazza.webp","width":1800,"height":1226},{"@type":"BreadcrumbList","@id":"https:\/\/londonacademy.ma\/dar-bouazza\/about-us\/#breadcrumb","itemListElement":[{"@type":"ListItem","position":1,"name":"Accueil","item":"https:\/\/londonacademy.ma\/"},{"@type":"ListItem","position":2,"name":"Dar Bouazza","item":"https:\/\/londonacademy.ma\/dar-bouazza\/"},{"@type":"ListItem","position":3,"name":"About Us"}]},{"@type":"WebSite","@id":"https:\/\/londonacademy.ma\/#website","url":"https:\/\/londonacademy.ma\/","name":"London Academy Maroc","description":"","potentialAction":[{"@type":"SearchAction","target":{"@type":"EntryPoint","urlTemplate":"https:\/\/londonacademy.ma\/?s={search_term_string}"},"query-input":{"@type":"PropertyValueSpecification","valueRequired":true,"valueName":"search_term_string"}}],"inLanguage":"fr-FR"}]}},"_links":{"self":[{"href":"https:\/\/londonacademy.ma\/fr\/wp-json\/wp\/v2\/pages\/13378","targetHints":{"allow":["GET"]}}],"collection":[{"href":"https:\/\/londonacademy.ma\/fr\/wp-json\/wp\/v2\/pages"}],"about":[{"href":"https:\/\/londonacademy.ma\/fr\/wp-json\/wp\/v2\/types\/page"}],"author":[{"embeddable":true,"href":"https:\/\/londonacademy.ma\/fr\/wp-json\/wp\/v2\/users\/1"}],"replies":[{"embeddable":true,"href":"https:\/\/londonacademy.ma\/fr\/wp-json\/wp\/v2\/comments?post=13378"}],"version-history":[{"count":21,"href":"https:\/\/londonacademy.ma\/fr\/wp-json\/wp\/v2\/pages\/13378\/revisions"}],"predecessor-version":[{"id":13593,"href":"https:\/\/londonacademy.ma\/fr\/wp-json\/wp\/v2\/pages\/13378\/revisions\/13593"}],"up":[{"embeddable":true,"href":"https:\/\/londonacademy.ma\/fr\/wp-json\/wp\/v2\/pages\/13348"}],"wp:featuredmedia":[{"embeddable":true,"href":"https:\/\/londonacademy.ma\/fr\/wp-json\/wp\/v2\/media\/13354"}],"wp:attachment":[{"href":"https:\/\/londonacademy.ma\/fr\/wp-json\/wp\/v2\/media?parent=13378"}],"curies":[{"name":"wp","href":"https:\/\/api.w.org\/{rel}","templated":true}]}}