{"id":5809,"date":"2024-08-06T03:28:04","date_gmt":"2024-08-06T03:28:04","guid":{"rendered":"https:\/\/themewant.com\/products\/wordpress\/unipix\/about-us\/?page_id=5809"},"modified":"2026-03-21T16:06:49","modified_gmt":"2026-03-21T15:06:49","slug":"apropos","status":"publish","type":"page","link":"https:\/\/londonacademy.ma\/fr\/casablanca\/about-us\/","title":{"rendered":"\u00c0 propos"},"content":{"rendered":"<div data-elementor-type=\"wp-page\" data-elementor-id=\"5809\" class=\"elementor elementor-5809\">\n\t\t\t\t<div class=\"elementor-element elementor-element-4ad196e e-flex e-con-boxed rt-default-class e-con e-parent\" data-id=\"4ad196e\" data-element_type=\"container\" data-e-type=\"container\" data-settings=\"{&quot;background_background&quot;:&quot;classic&quot;,&quot;animation&quot;:&quot;none&quot;}\">\n\t\t\t\t\t<div class=\"e-con-inner\">\n\t\t\t\t<div class=\"elementor-element elementor-element-ccefa4a content-align-center rt-default-class elementor-widget elementor-widget-rtbreadrumb\" data-id=\"ccefa4a\" data-element_type=\"widget\" data-e-type=\"widget\" data-widget_type=\"rtbreadrumb.default\">\n\t\t\t\t<div class=\"elementor-widget-container\">\n\t\t\t\t\t    <div class=\"reactheme-breadcrumb\">\n        <div class=\"breadcrumb-inner container\">\n            <h1 class=\"page-title\"><\/h1>\n            <div class=\"breadcrumb-path\">\n                <a href=\"https:\/\/londonacademy.ma\/fr\/\">Home <\/a>            <\/div>\n        <\/div>\n    <\/div>\n    \t\t\t\t<\/div>\n\t\t\t\t<\/div>\n\t\t\t\t\t<\/div>\n\t\t\t\t<\/div>\n\t\t<div class=\"elementor-element elementor-element-df380e2 e-flex e-con-boxed rt-default-class e-con e-parent\" data-id=\"df380e2\" data-element_type=\"container\" data-e-type=\"container\" data-settings=\"{&quot;background_background&quot;:&quot;classic&quot;}\">\n\t\t\t\t\t<div class=\"e-con-inner\">\n\t\t<div class=\"elementor-element elementor-element-2ee3c1c4 e-con-full e-flex rt-default-class e-con e-child\" data-id=\"2ee3c1c4\" data-element_type=\"container\" data-e-type=\"container\">\n\t\t\t\t<div class=\"elementor-element elementor-element-34be5d2a rt-default-class elementor-widget elementor-widget-heading\" data-id=\"34be5d2a\" data-element_type=\"widget\" data-e-type=\"widget\" data-widget_type=\"heading.default\">\n\t\t\t\t\t<h1 class=\"elementor-heading-title elementor-size-default\">\u00c0 propos de London Academy<\/h1>\t\t\t\t<\/div>\n\t\t\t\t<\/div>\n\t\t<div class=\"elementor-element elementor-element-a4bbf93 e-con-full e-flex rt-default-class e-con e-child\" data-id=\"a4bbf93\" data-element_type=\"container\" data-e-type=\"container\">\n\t\t\t\t<div class=\"elementor-element elementor-element-3a7a18fc rt-default-class elementor-widget elementor-widget-text-editor\" data-id=\"3a7a18fc\" data-element_type=\"widget\" data-e-type=\"widget\" data-widget_type=\"text-editor.default\">\n\t\t\t\t\t\t\t\t\t<p>London Academy offre un parcours d\u2019apprentissage personnalis\u00e9 \u00e0 ses \u00e9l\u00e8ves, favorisant la participation active, d\u00e9veloppant les capacit\u00e9s d\u2019analyse et de r\u00e9solution de probl\u00e8mes, et dotant les \u00e9tudiants des comp\u00e9tences n\u00e9cessaires pour le march\u00e9 du travail contemporain. Gr\u00e2ce \u00e0 notre plateforme Smart School, nos enseignants peuvent concevoir et superviser des cours virtuels, des t\u00e2ches, des \u00e9valuations et des supports multim\u00e9dias. Ils peuvent suivre la progression des \u00e9l\u00e8ves, fournir des retours constructifs et adapter leurs m\u00e9thodes p\u00e9dagogiques selon les besoins.<\/p>\t\t\t\t\t\t\t\t<\/div>\n\t\t\t\t<\/div>\n\t\t\t\t\t<\/div>\n\t\t\t\t<\/div>\n\t\t<div class=\"elementor-element elementor-element-49afc137 e-flex e-con-boxed rt-default-class e-con e-parent\" data-id=\"49afc137\" data-element_type=\"container\" data-e-type=\"container\">\n\t\t\t\t\t<div class=\"e-con-inner\">\n\t\t<div class=\"elementor-element elementor-element-783c067e e-con-full e-flex rt-default-class e-con e-child\" data-id=\"783c067e\" data-element_type=\"container\" data-e-type=\"container\">\n\t\t\t\t<div class=\"elementor-element elementor-element-cc23031 rt-default-class elementor-widget elementor-widget-image\" data-id=\"cc23031\" data-element_type=\"widget\" data-e-type=\"widget\" data-widget_type=\"image.default\">\n\t\t\t\t\t\t\t\t\t\t\t\t\t\t\t<img fetchpriority=\"high\" decoding=\"async\" width=\"640\" height=\"635\" src=\"https:\/\/londonacademy.ma\/wp-content\/uploads\/2026\/03\/samir-head-of-school.jpg\" class=\"attachment-large size-large wp-image-13256\" alt=\"Samir Head Of School\" srcset=\"https:\/\/londonacademy.ma\/wp-content\/uploads\/2026\/03\/samir-head-of-school.jpg 678w, https:\/\/londonacademy.ma\/wp-content\/uploads\/2026\/03\/samir-head-of-school-300x298.jpg 300w, https:\/\/londonacademy.ma\/wp-content\/uploads\/2026\/03\/samir-head-of-school-150x150.jpg 150w, https:\/\/londonacademy.ma\/wp-content\/uploads\/2026\/03\/samir-head-of-school-80x80.jpg 80w\" sizes=\"(max-width: 640px) 100vw, 640px\" \/>\t\t\t\t\t\t\t\t\t\t\t\t\t\t\t<\/div>\n\t\t\t\t<\/div>\n\t\t<div class=\"elementor-element elementor-element-536145e7 e-con-full e-flex rt-default-class e-con e-child\" data-id=\"536145e7\" data-element_type=\"container\" data-e-type=\"container\">\n\t\t\t\t<div class=\"elementor-element elementor-element-1b008e9d rt-default-class elementor-widget elementor-widget-text-editor\" data-id=\"1b008e9d\" data-element_type=\"widget\" data-e-type=\"widget\" data-widget_type=\"text-editor.default\">\n\t\t\t\t\t\t\t\t\t<p>\u00a0Au cours de mes 14 ann\u00e9es chez Microsoft et de plus de huit ann\u00e9es dans l\u2019entrepreneuriat, j\u2019ai toujours eu pour vision d\u2019innover et de transformer le syst\u00e8me \u00e9ducatif. Cette d\u00e9marche s\u2019appuie sur les meilleures pratiques internationales et l\u2019usage de la technologie, afin que l\u2019enfant soit pr\u00eat aux m\u00e9tiers du futur et non \u00e0 ceux du pass\u00e9. Nos \u00e9coles seront l\u2019exemple de la transformation de l\u2019\u00e9ducation.<\/p><p>Le programme sera centr\u00e9 sur l\u2019\u00e9l\u00e8ve et non sur l\u2019enseignant. Il encouragera l\u2019esprit d\u2019entrepreneuriat et de b\u00e9n\u00e9volat, exposera les enfants \u00e0 la programmation d\u00e8s le primaire afin de former les futurs g\u00e9nies de l\u2019informatique. Nous recourrons \u00e9galement \u00e0 la robotique et \u00e0 la m\u00e9canique.<\/p>\t\t\t\t\t\t\t\t<\/div>\n\t\t\t\t<div class=\"elementor-element elementor-element-6ce4481 rt-default-class elementor-widget elementor-widget-heading\" data-id=\"6ce4481\" data-element_type=\"widget\" data-e-type=\"widget\" data-widget_type=\"heading.default\">\n\t\t\t\t\t<h2 class=\"elementor-heading-title elementor-size-default\">Samir Benmakhlouf Ph.d<\/h2>\t\t\t\t<\/div>\n\t\t\t\t<div class=\"elementor-element elementor-element-383586f rt-default-class elementor-widget elementor-widget-text-editor\" data-id=\"383586f\" data-element_type=\"widget\" data-e-type=\"widget\" data-widget_type=\"text-editor.default\">\n\t\t\t\t\t\t\t\t\t<p>Directeur de l\u2019\u00e9cole<br \/>info@londonacademy.ma<\/p>\t\t\t\t\t\t\t\t<\/div>\n\t\t\t\t<\/div>\n\t\t\t\t\t<\/div>\n\t\t\t\t<\/div>\n\t\t<div class=\"elementor-element elementor-element-c203296 e-flex e-con-boxed rt-default-class e-con e-parent\" data-id=\"c203296\" data-element_type=\"container\" data-e-type=\"container\" data-settings=\"{&quot;background_background&quot;:&quot;classic&quot;}\">\n\t\t\t\t\t<div class=\"e-con-inner\">\n\t\t<div class=\"elementor-element elementor-element-43ab9af e-con-full e-flex rt-default-class e-con e-child\" data-id=\"43ab9af\" data-element_type=\"container\" data-e-type=\"container\" data-settings=\"{&quot;background_background&quot;:&quot;classic&quot;}\">\n\t\t\t\t<div class=\"elementor-element elementor-element-579b01c rt-default-class elementor-widget elementor-widget-heading\" data-id=\"579b01c\" data-element_type=\"widget\" data-e-type=\"widget\" data-widget_type=\"heading.default\">\n\t\t\t\t\t<h3 class=\"elementor-heading-title elementor-size-default\">Notre Mission<\/h3>\t\t\t\t<\/div>\n\t\t\t\t<div class=\"elementor-element elementor-element-88e5803 rt-default-class elementor-widget elementor-widget-text-editor\" data-id=\"88e5803\" data-element_type=\"widget\" data-e-type=\"widget\" data-widget_type=\"text-editor.default\">\n\t\t\t\t\t\t\t\t\t<ul><li data-start=\"88\" data-end=\"135\">Donner aux enfants les comp\u00e9tences du XXI\u1d49 si\u00e8cle.<\/li><li data-start=\"88\" data-end=\"135\">Offrir un environnement heureux, s\u00fbr et bienveillant pour tous.<\/li><li data-start=\"88\" data-end=\"135\">Favoriser l\u2019apprentissage gr\u00e2ce \u00e0 des outils bas\u00e9s sur les projets et la technologie.<\/li><li data-start=\"88\" data-end=\"135\">Proposer un programme stimulant tout en favorisant une grande estime de soi et le respect.<\/li><li data-start=\"88\" data-end=\"135\">Collaborer avec les parents pour d\u00e9velopper les enfants sur les plans \u00e9ducatif, moral, spirituel, physique et social.<\/li><\/ul>\t\t\t\t\t\t\t\t<\/div>\n\t\t\t\t<\/div>\n\t\t<div class=\"elementor-element elementor-element-ef1a318 e-con-full e-flex rt-default-class e-con e-child\" data-id=\"ef1a318\" data-element_type=\"container\" data-e-type=\"container\" data-settings=\"{&quot;background_background&quot;:&quot;classic&quot;}\">\n\t\t\t\t<div class=\"elementor-element elementor-element-902f6f5 rt-default-class elementor-widget elementor-widget-heading\" data-id=\"902f6f5\" data-element_type=\"widget\" data-e-type=\"widget\" data-widget_type=\"heading.default\">\n\t\t\t\t\t<h3 class=\"elementor-heading-title elementor-size-default\">Notre Vision<\/h3>\t\t\t\t<\/div>\n\t\t\t\t<div class=\"elementor-element elementor-element-6854ffb rt-default-class elementor-widget elementor-widget-text-editor\" data-id=\"6854ffb\" data-element_type=\"widget\" data-e-type=\"widget\" data-widget_type=\"text-editor.default\">\n\t\t\t\t\t\t\t\t\t<ul><li data-section-id=\"19v260a\" data-start=\"502\" data-end=\"715\"><p data-start=\"504\" data-end=\"715\">La vision, #wearethefuture, signifie que notre \u00e9cole s\u2019engage \u00e0 fournir \u00e0 chaque \u00e9l\u00e8ve les connaissances, comp\u00e9tences et valeurs n\u00e9cessaires pour devenir des leaders innovants, responsables et performants dans le monde de demain.<\/p><\/li><li data-section-id=\"j7aaqh\" data-start=\"716\" data-end=\"798\"><p data-start=\"718\" data-end=\"798\">Nous nous concentrons sur la promotion de la croissance, de l\u2019excellence et d\u2019un impact positif sur l\u2019avenir.<\/p><\/li><\/ul>\t\t\t\t\t\t\t\t<\/div>\n\t\t\t\t<\/div>\n\t\t\t\t\t<\/div>\n\t\t\t\t<\/div>\n\t\t<div class=\"elementor-element elementor-element-268bd5d e-flex e-con-boxed rt-default-class e-con e-parent\" data-id=\"268bd5d\" data-element_type=\"container\" data-e-type=\"container\">\n\t\t\t\t\t<div class=\"e-con-inner\">\n\t\t<div class=\"elementor-element elementor-element-7dc1a853 e-con-full e-flex rt-default-class e-con e-child\" data-id=\"7dc1a853\" data-element_type=\"container\" data-e-type=\"container\">\n\t\t<div class=\"elementor-element elementor-element-1ccf809f e-con-full e-flex rt-default-class e-con e-child\" data-id=\"1ccf809f\" data-element_type=\"container\" data-e-type=\"container\">\n\t\t<div class=\"elementor-element elementor-element-21547054 e-con-full e-flex rt-default-class e-con e-child\" data-id=\"21547054\" data-element_type=\"container\" data-e-type=\"container\">\n\t\t\t\t<div class=\"elementor-element elementor-element-1ac2e0a8 rt-default-class elementor-widget elementor-widget-rt-react-image\" data-id=\"1ac2e0a8\" data-element_type=\"widget\" data-e-type=\"widget\" data-widget_type=\"rt-react-image.default\">\n\t\t\t\t<div class=\"elementor-widget-container\">\n\t\t\t\t\t                        <div class=\"reveal-item overflow-hidden aos-init\">\n                     <div class=\"reveal-animation reveal-end reveal-primary aos aos-init\" data-aos=\"reveal-end\"><\/div>\n                     <img decoding=\"async\" class=\"react-multi-image\" src=\"https:\/\/londonacademy.ma\/wp-content\/uploads\/2026\/03\/1-1536x1024-1.jpg\" alt=\"\"\/>\n                 <\/div>\n                        \n    \t\t\t\t<\/div>\n\t\t\t\t<\/div>\n\t\t\t\t<\/div>\n\t\t<div class=\"elementor-element elementor-element-564ec39f e-con-full e-flex rt-default-class e-con e-child\" data-id=\"564ec39f\" data-element_type=\"container\" data-e-type=\"container\">\n\t\t\t\t<div class=\"elementor-element elementor-element-13f3b7bd elementor-widget__width-inherit rt-primary-color elementor-widget elementor-widget-icon-box\" data-id=\"13f3b7bd\" data-element_type=\"widget\" data-e-type=\"widget\" data-widget_type=\"icon-box.default\">\n\t\t\t\t\t\t\t<div class=\"elementor-icon-box-wrapper\">\n\n\t\t\t\n\t\t\t\t\t\t<div class=\"elementor-icon-box-content\">\n\n\t\t\t\t\t\t\t\t\t<h2 class=\"elementor-icon-box-title\">\n\t\t\t\t\t\t<span  >\n\t\t\t\t\t\t\t10,000\t\t\t\t\t\t<\/span>\n\t\t\t\t\t<\/h2>\n\t\t\t\t\n\t\t\t\t\t\t\t\t\t<p class=\"elementor-icon-box-description\">\n\t\t\t\t\t\t\u00e9tudiants de premier cycle et de cycles sup\u00e9rieurs\t\t\t\t\t<\/p>\n\t\t\t\t\n\t\t\t<\/div>\n\t\t\t\n\t\t<\/div>\n\t\t\t\t\t\t<\/div>\n\t\t\t\t<div class=\"elementor-element elementor-element-212988c3 elementor-widget__width-inherit rt-primary-color elementor-widget elementor-widget-icon-box\" data-id=\"212988c3\" data-element_type=\"widget\" data-e-type=\"widget\" data-widget_type=\"icon-box.default\">\n\t\t\t\t\t\t\t<div class=\"elementor-icon-box-wrapper\">\n\n\t\t\t\n\t\t\t\t\t\t<div class=\"elementor-icon-box-content\">\n\n\t\t\t\t\t\t\t\t\t<h2 class=\"elementor-icon-box-title\">\n\t\t\t\t\t\t<span  >\n\t\t\t\t\t\t\t60+\t\t\t\t\t\t<\/span>\n\t\t\t\t\t<\/h2>\n\t\t\t\t\n\t\t\t\t\t\t\t\t\t<p class=\"elementor-icon-box-description\">\n\t\t\t\t\t\t Partenariats universitaires mondiaux\t\t\t\t\t<\/p>\n\t\t\t\t\n\t\t\t<\/div>\n\t\t\t\n\t\t<\/div>\n\t\t\t\t\t\t<\/div>\n\t\t\t\t<div class=\"elementor-element elementor-element-14ee71f8 elementor-widget__width-inherit rt-primary-color elementor-widget elementor-widget-icon-box\" data-id=\"14ee71f8\" data-element_type=\"widget\" data-e-type=\"widget\" data-widget_type=\"icon-box.default\">\n\t\t\t\t\t\t\t<div class=\"elementor-icon-box-wrapper\">\n\n\t\t\t\n\t\t\t\t\t\t<div class=\"elementor-icon-box-content\">\n\n\t\t\t\t\t\t\t\t\t<h2 class=\"elementor-icon-box-title\">\n\t\t\t\t\t\t<span  >\n\t\t\t\t\t\t\t1000\t\t\t\t\t\t<\/span>\n\t\t\t\t\t<\/h2>\n\t\t\t\t\n\t\t\t\t\t\t\t\t\t<p class=\"elementor-icon-box-description\">\n\t\t\t\t\t\tDipl\u00f4m\u00e9s des meilleures universit\u00e9s\t\t\t\t\t<\/p>\n\t\t\t\t\n\t\t\t<\/div>\n\t\t\t\n\t\t<\/div>\n\t\t\t\t\t\t<\/div>\n\t\t\t\t<\/div>\n\t\t\t\t<\/div>\n\t\t\t\t<\/div>\n\t\t\t\t\t<\/div>\n\t\t\t\t<\/div>\n\t\t\t\t<\/div>","protected":false},"excerpt":{"rendered":"<p>Home About London Academy London Academy delivers a tailored learning journey for our students that fosters active participation, cultivates analytical and problem-solving abilities, and equips students with the necessary skills for the contemporary job market. Through our Smart School platform, our educators can design and oversee virtual courses, tasks, evaluations, and multimedia materials. They can&#8230;<\/p>","protected":false},"author":1,"featured_media":12944,"parent":2524,"menu_order":0,"comment_status":"closed","ping_status":"closed","template":"elementor_header_footer","meta":{"footnotes":""},"class_list":["post-5809","page","type-page","status-publish","has-post-thumbnail","hentry"],"yoast_head":"<!-- This site is optimized with the Yoast SEO plugin v27.2 - https:\/\/yoast.com\/product\/yoast-seo-wordpress\/ -->\n<title>London Academy | Leading English School Casablanca<\/title>\n<meta name=\"description\" content=\"Learn about London Academy Casablanca. We provide an authentic British education and 100% English immersion for global success. Meet our expert faculty today!\" \/>\n<meta name=\"robots\" content=\"index, follow, max-snippet:-1, max-image-preview:large, max-video-preview:-1\" \/>\n<link rel=\"canonical\" href=\"https:\/\/londonacademy.ma\/fr\/casablanca\/apropos\/\" \/>\n<meta property=\"og:locale\" content=\"fr_FR\" \/>\n<meta property=\"og:type\" content=\"article\" \/>\n<meta property=\"og:title\" content=\"London Academy | Leading English School Casablanca\" \/>\n<meta property=\"og:description\" content=\"Learn about London Academy Casablanca. We provide an authentic British education and 100% English immersion for global success. Meet our expert faculty today!\" \/>\n<meta property=\"og:url\" content=\"https:\/\/londonacademy.ma\/fr\/casablanca\/apropos\/\" \/>\n<meta property=\"og:site_name\" content=\"London Academy\" \/>\n<meta property=\"article:modified_time\" content=\"2026-03-21T15:06:49+00:00\" \/>\n<meta property=\"og:image\" content=\"https:\/\/londonacademy.ma\/wp-content\/uploads\/2026\/03\/Screenshot-2023-04-24-at-20.31.40-768x519-1.png\" \/>\n\t<meta property=\"og:image:width\" content=\"768\" \/>\n\t<meta property=\"og:image:height\" content=\"519\" \/>\n\t<meta property=\"og:image:type\" content=\"image\/png\" \/>\n<meta name=\"twitter:card\" content=\"summary_large_image\" \/>\n<meta name=\"twitter:label1\" content=\"Dur\u00e9e de lecture estim\u00e9e\" \/>\n\t<meta name=\"twitter:data1\" content=\"1 minute\" \/>\n<script type=\"application\/ld+json\" class=\"yoast-schema-graph\">{\"@context\":\"https:\/\/schema.org\",\"@graph\":[{\"@type\":\"WebPage\",\"@id\":\"https:\/\/londonacademy.ma\/casablanca\/about-us\/\",\"url\":\"https:\/\/londonacademy.ma\/casablanca\/about-us\/\",\"name\":\"London Academy | Leading English School Casablanca\",\"isPartOf\":{\"@id\":\"https:\/\/londonacademy.ma\/#website\"},\"primaryImageOfPage\":{\"@id\":\"https:\/\/londonacademy.ma\/casablanca\/about-us\/#primaryimage\"},\"image\":{\"@id\":\"https:\/\/londonacademy.ma\/casablanca\/about-us\/#primaryimage\"},\"thumbnailUrl\":\"https:\/\/londonacademy.ma\/wp-content\/uploads\/2026\/03\/Screenshot-2023-04-24-at-20.31.40-768x519-1.png\",\"datePublished\":\"2024-08-06T03:28:04+00:00\",\"dateModified\":\"2026-03-21T15:06:49+00:00\",\"description\":\"Learn about London Academy Casablanca. We provide an authentic British education and 100% English immersion for global success. Meet our expert faculty today!\",\"breadcrumb\":{\"@id\":\"https:\/\/londonacademy.ma\/casablanca\/about-us\/#breadcrumb\"},\"inLanguage\":\"fr-FR\",\"potentialAction\":[{\"@type\":\"ReadAction\",\"target\":[\"https:\/\/londonacademy.ma\/casablanca\/about-us\/\"]}]},{\"@type\":\"ImageObject\",\"inLanguage\":\"fr-FR\",\"@id\":\"https:\/\/londonacademy.ma\/casablanca\/about-us\/#primaryimage\",\"url\":\"https:\/\/londonacademy.ma\/wp-content\/uploads\/2026\/03\/Screenshot-2023-04-24-at-20.31.40-768x519-1.png\",\"contentUrl\":\"https:\/\/londonacademy.ma\/wp-content\/uploads\/2026\/03\/Screenshot-2023-04-24-at-20.31.40-768x519-1.png\",\"width\":768,\"height\":519,\"caption\":\"Leading British School\"},{\"@type\":\"BreadcrumbList\",\"@id\":\"https:\/\/londonacademy.ma\/casablanca\/about-us\/#breadcrumb\",\"itemListElement\":[{\"@type\":\"ListItem\",\"position\":1,\"name\":\"Accueil\",\"item\":\"https:\/\/londonacademy.ma\/\"},{\"@type\":\"ListItem\",\"position\":2,\"name\":\"Casablanca\",\"item\":\"https:\/\/londonacademy.ma\/casablanca\/\"},{\"@type\":\"ListItem\",\"position\":3,\"name\":\"About Us\"}]},{\"@type\":\"WebSite\",\"@id\":\"https:\/\/londonacademy.ma\/#website\",\"url\":\"https:\/\/londonacademy.ma\/\",\"name\":\"London Academy\",\"description\":\"\",\"potentialAction\":[{\"@type\":\"SearchAction\",\"target\":{\"@type\":\"EntryPoint\",\"urlTemplate\":\"https:\/\/londonacademy.ma\/?s={search_term_string}\"},\"query-input\":{\"@type\":\"PropertyValueSpecification\",\"valueRequired\":true,\"valueName\":\"search_term_string\"}}],\"inLanguage\":\"fr-FR\"}]}<\/script>\n<!-- \/ Yoast SEO plugin. -->","yoast_head_json":{"title":"London Academy | \u00c9cole Anglaise de r\u00e9f\u00e9rence \u00e0 Casablanca","description":"D\u00e9couvrez London Academy Casablanca, \u00e9cole britannique de r\u00e9f\u00e9rence. Notre mission : offrir une \u00e9ducation internationale de haut niveau et pr\u00e9parer nos \u00e9l\u00e8ves aux succ\u00e8s mondiaux.","robots":{"index":"index","follow":"follow","max-snippet":"max-snippet:-1","max-image-preview":"max-image-preview:large","max-video-preview":"max-video-preview:-1"},"canonical":"https:\/\/londonacademy.ma\/fr\/casablanca\/apropos\/","og_locale":"fr_FR","og_type":"article","og_title":"London Academy | Leading English School Casablanca","og_description":"Learn about London Academy Casablanca. We provide an authentic British education and 100% English immersion for global success. Meet our expert faculty today!","og_url":"https:\/\/londonacademy.ma\/fr\/casablanca\/apropos\/","og_site_name":"London Academy","article_modified_time":"2026-03-21T15:06:49+00:00","og_image":[{"width":768,"height":519,"url":"https:\/\/londonacademy.ma\/wp-content\/uploads\/2026\/03\/Screenshot-2023-04-24-at-20.31.40-768x519-1.png","type":"image\/png"}],"twitter_card":"summary_large_image","twitter_misc":{"Dur\u00e9e de lecture estim\u00e9e":"1 minute"},"schema":{"@context":"https:\/\/schema.org","@graph":[{"@type":"WebPage","@id":"https:\/\/londonacademy.ma\/casablanca\/about-us\/","url":"https:\/\/londonacademy.ma\/casablanca\/about-us\/","name":"London Academy | \u00c9cole Anglaise de r\u00e9f\u00e9rence \u00e0 Casablanca","isPartOf":{"@id":"https:\/\/londonacademy.ma\/#website"},"primaryImageOfPage":{"@id":"https:\/\/londonacademy.ma\/casablanca\/about-us\/#primaryimage"},"image":{"@id":"https:\/\/londonacademy.ma\/casablanca\/about-us\/#primaryimage"},"thumbnailUrl":"https:\/\/londonacademy.ma\/wp-content\/uploads\/2026\/03\/Screenshot-2023-04-24-at-20.31.40-768x519-1.png","datePublished":"2024-08-06T03:28:04+00:00","dateModified":"2026-03-21T15:06:49+00:00","description":"D\u00e9couvrez London Academy Casablanca, \u00e9cole britannique de r\u00e9f\u00e9rence. Notre mission : offrir une \u00e9ducation internationale de haut niveau et pr\u00e9parer nos \u00e9l\u00e8ves aux succ\u00e8s mondiaux.","breadcrumb":{"@id":"https:\/\/londonacademy.ma\/casablanca\/about-us\/#breadcrumb"},"inLanguage":"fr-FR","potentialAction":[{"@type":"ReadAction","target":["https:\/\/londonacademy.ma\/casablanca\/about-us\/"]}]},{"@type":"ImageObject","inLanguage":"fr-FR","@id":"https:\/\/londonacademy.ma\/casablanca\/about-us\/#primaryimage","url":"https:\/\/londonacademy.ma\/wp-content\/uploads\/2026\/03\/Screenshot-2023-04-24-at-20.31.40-768x519-1.png","contentUrl":"https:\/\/londonacademy.ma\/wp-content\/uploads\/2026\/03\/Screenshot-2023-04-24-at-20.31.40-768x519-1.png","width":768,"height":519,"caption":"Leading British School"},{"@type":"BreadcrumbList","@id":"https:\/\/londonacademy.ma\/casablanca\/about-us\/#breadcrumb","itemListElement":[{"@type":"ListItem","position":1,"name":"Accueil","item":"https:\/\/londonacademy.ma\/"},{"@type":"ListItem","position":2,"name":"Casablanca","item":"https:\/\/londonacademy.ma\/casablanca\/"},{"@type":"ListItem","position":3,"name":"About Us"}]},{"@type":"WebSite","@id":"https:\/\/londonacademy.ma\/#website","url":"https:\/\/londonacademy.ma\/","name":"London Academy","description":"","potentialAction":[{"@type":"SearchAction","target":{"@type":"EntryPoint","urlTemplate":"https:\/\/londonacademy.ma\/?s={search_term_string}"},"query-input":{"@type":"PropertyValueSpecification","valueRequired":true,"valueName":"search_term_string"}}],"inLanguage":"fr-FR"}]}},"_links":{"self":[{"href":"https:\/\/londonacademy.ma\/fr\/wp-json\/wp\/v2\/pages\/5809","targetHints":{"allow":["GET"]}}],"collection":[{"href":"https:\/\/londonacademy.ma\/fr\/wp-json\/wp\/v2\/pages"}],"about":[{"href":"https:\/\/londonacademy.ma\/fr\/wp-json\/wp\/v2\/types\/page"}],"author":[{"embeddable":true,"href":"https:\/\/londonacademy.ma\/fr\/wp-json\/wp\/v2\/users\/1"}],"replies":[{"embeddable":true,"href":"https:\/\/londonacademy.ma\/fr\/wp-json\/wp\/v2\/comments?post=5809"}],"version-history":[{"count":7,"href":"https:\/\/londonacademy.ma\/fr\/wp-json\/wp\/v2\/pages\/5809\/revisions"}],"predecessor-version":[{"id":13599,"href":"https:\/\/londonacademy.ma\/fr\/wp-json\/wp\/v2\/pages\/5809\/revisions\/13599"}],"up":[{"embeddable":true,"href":"https:\/\/londonacademy.ma\/fr\/wp-json\/wp\/v2\/pages\/2524"}],"wp:featuredmedia":[{"embeddable":true,"href":"https:\/\/londonacademy.ma\/fr\/wp-json\/wp\/v2\/media\/12944"}],"wp:attachment":[{"href":"https:\/\/londonacademy.ma\/fr\/wp-json\/wp\/v2\/media?parent=5809"}],"curies":[{"name":"wp","href":"https:\/\/api.w.org\/{rel}","templated":true}]}}