{"id":7436,"date":"2024-08-13T06:50:02","date_gmt":"2024-08-13T06:50:02","guid":{"rendered":"https:\/\/themewant.com\/products\/wordpress\/unipix\/about-us\/?page_id=7436"},"modified":"2026-05-12T11:08:45","modified_gmt":"2026-05-12T09:08:45","slug":"frais-scolarite","status":"publish","type":"page","link":"https:\/\/londonacademy.ma\/fr\/tuition-fee\/","title":{"rendered":"Frais de scolarit\u00e9"},"content":{"rendered":"<div data-elementor-type=\"wp-page\" data-elementor-id=\"7436\" class=\"elementor elementor-7436\">\n\t\t\t\t<div class=\"elementor-element elementor-element-54b9a0c e-flex e-con-boxed rt-default-class e-con e-parent\" data-id=\"54b9a0c\" data-element_type=\"container\" data-e-type=\"container\" data-settings=\"{&quot;background_background&quot;:&quot;classic&quot;,&quot;animation&quot;:&quot;none&quot;}\">\n\t\t\t\t\t<div class=\"e-con-inner\">\n\t\t\t\t<div class=\"elementor-element elementor-element-861a39b content-align-center rt-default-class elementor-widget elementor-widget-rtbreadrumb\" data-id=\"861a39b\" data-element_type=\"widget\" data-e-type=\"widget\" data-widget_type=\"rtbreadrumb.default\">\n\t\t\t\t<div class=\"elementor-widget-container\">\n\t\t\t\t\t    <div class=\"reactheme-breadcrumb\">\n        <div class=\"breadcrumb-inner container\">\n            <h1 class=\"page-title\"><\/h1>\n            <div class=\"breadcrumb-path\">\n                <a href=\"https:\/\/londonacademy.ma\/fr\/\">Home<\/a>            <\/div>\n        <\/div>\n    <\/div>\n    \t\t\t\t<\/div>\n\t\t\t\t<\/div>\n\t\t\t\t\t<\/div>\n\t\t\t\t<\/div>\n\t\t<div class=\"elementor-element elementor-element-20e592a e-flex e-con-boxed rt-default-class e-con e-parent\" data-id=\"20e592a\" data-element_type=\"container\" data-e-type=\"container\">\n\t\t\t\t\t<div class=\"e-con-inner\">\n\t\t<div class=\"elementor-element elementor-element-2e212148 e-con-full e-flex rt-default-class e-con e-child\" data-id=\"2e212148\" data-element_type=\"container\" data-e-type=\"container\">\n\t\t\t\t<div class=\"elementor-element elementor-element-6c67d66e elementor-widget__width-inherit rt-default-class elementor-widget elementor-widget-heading\" data-id=\"6c67d66e\" data-element_type=\"widget\" data-e-type=\"widget\" data-widget_type=\"heading.default\">\n\t\t\t\t\t<h1 class=\"elementor-heading-title elementor-size-default\">\u00c0 propos des frais de scolarit\u00e9<\/h1>\t\t\t\t<\/div>\n\t\t\t\t<div class=\"elementor-element elementor-element-61f0c9be rt-default-class elementor-widget elementor-widget-text-editor\" data-id=\"61f0c9be\" data-element_type=\"widget\" data-e-type=\"widget\" data-widget_type=\"text-editor.default\">\n\t\t\t\t\t\t\t\t\t<p data-start=\"117\" data-end=\"622\" class=\"translation-block\">\u00c0 la <strong>London Academy<\/strong>, nous nous engageons \u00e0 offrir une \u00e9ducation de haute qualit\u00e9 au sein de nos trois campus. Nos frais de scolarit\u00e9 refl\u00e8tent l\u2019excellence des infrastructures, le professionnalisme de notre \u00e9quipe p\u00e9dagogique ainsi que les programmes complets propos\u00e9s dans chaque \u00e9tablissement.\n\nDes informations d\u00e9taill\u00e9es concernant les frais de scolarit\u00e9, l\u2019inscription et les co\u00fbts suppl\u00e9mentaires sont pr\u00e9sent\u00e9es ci-dessous afin d\u2019aider les familles \u00e0 mieux planifier. Nous invitons les parents int\u00e9ress\u00e9s \u00e0 consulter attentivement la grille tarifaire de chaque \u00e9tablissement et \u00e0 contacter notre \u00e9quipe des admissions pour toute pr\u00e9cision ou assistance.<\/p>\t\t\t\t\t\t\t\t<\/div>\n\t\t\t\t<\/div>\n\t\t\t\t\t<\/div>\n\t\t\t\t<\/div>\n\t\t<div class=\"elementor-element elementor-element-6eaf315 e-flex e-con-boxed rt-default-class e-con e-parent\" data-id=\"6eaf315\" data-element_type=\"container\" data-e-type=\"container\">\n\t\t\t\t\t<div class=\"e-con-inner\">\n\t\t<div class=\"elementor-element elementor-element-d14cca7 e-con-full e-flex rt-default-class e-con e-child\" data-id=\"d14cca7\" data-element_type=\"container\" data-e-type=\"container\">\n\t\t\t\t<div class=\"elementor-element elementor-element-bade84c elementor-widget__width-inherit rt-default-class elementor-widget elementor-widget-heading\" data-id=\"bade84c\" data-element_type=\"widget\" data-e-type=\"widget\" data-widget_type=\"heading.default\">\n\t\t\t\t\t<h3 class=\"elementor-heading-title elementor-size-default\">London Academy Casablanca<\/h3>\t\t\t\t<\/div>\n\t\t\t\t<div class=\"elementor-element elementor-element-2201fe9 rt-default-class elementor-widget elementor-widget-text-editor\" data-id=\"2201fe9\" data-element_type=\"widget\" data-e-type=\"widget\" data-widget_type=\"text-editor.default\">\n\t\t\t\t\t\t\t\t\t<p style=\"text-align: center;\">2026 &#8211; 2027<\/p>\t\t\t\t\t\t\t\t<\/div>\n\t\t<div class=\"elementor-element elementor-element-c23358c e-con-full e-flex rt-default-class e-con e-child\" data-id=\"c23358c\" data-element_type=\"container\" data-e-type=\"container\">\n\t\t\t\t<div class=\"elementor-element elementor-element-1a19370 rt-default-class elementor-widget elementor-widget-react-button\" data-id=\"1a19370\" data-element_type=\"widget\" data-e-type=\"widget\" data-widget_type=\"react-button.default\">\n\t\t\t\t<div class=\"elementor-widget-container\">\n\t\t\t\t\t\t\n\t\t\t\t\t<a aria-label=\"button\" class=\"react_button\" href=\"https:\/\/drive.google.com\/file\/d\/1opvswPPSsrqTDws4aMOwEVx-SVK-xsjx\/view\">\t\n\t\t\t\tTuition Fee\t\t\t\t\n\t\t\t\t\t\t\t\t\t<span>\n\t\t\t\t\t\t<i aria-hidden=\"true\" class=\"rt rt-arrow-right-regular\"><\/i>\t\t\t\t\t<\/span>\n\t\t\t\t\t\t\t<\/a>\t\t\t\n\t\t\t\t\t\t\t<\/div>\n\t\t\t\t<\/div>\n\t\t\t\t<\/div>\n\t\t\t\t<\/div>\n\t\t<div class=\"elementor-element elementor-element-ef87aba e-con-full e-flex rt-default-class e-con e-child\" data-id=\"ef87aba\" data-element_type=\"container\" data-e-type=\"container\">\n\t\t\t\t<div class=\"elementor-element elementor-element-56e2eb7 elementor-widget__width-inherit rt-default-class elementor-widget elementor-widget-heading\" data-id=\"56e2eb7\" data-element_type=\"widget\" data-e-type=\"widget\" data-widget_type=\"heading.default\">\n\t\t\t\t\t<h3 class=\"elementor-heading-title elementor-size-default\">London Academy Dar Bouazza<\/h3>\t\t\t\t<\/div>\n\t\t\t\t<div class=\"elementor-element elementor-element-82c359c rt-default-class elementor-widget elementor-widget-text-editor\" data-id=\"82c359c\" data-element_type=\"widget\" data-e-type=\"widget\" data-widget_type=\"text-editor.default\">\n\t\t\t\t\t\t\t\t\t<p style=\"text-align: center;\">2026 &#8211; 2027<\/p>\t\t\t\t\t\t\t\t<\/div>\n\t\t<div class=\"elementor-element elementor-element-99de492 e-con-full e-flex rt-default-class e-con e-child\" data-id=\"99de492\" data-element_type=\"container\" data-e-type=\"container\">\n\t\t\t\t<div class=\"elementor-element elementor-element-1771f70 rt-default-class elementor-widget elementor-widget-react-button\" data-id=\"1771f70\" data-element_type=\"widget\" data-e-type=\"widget\" data-widget_type=\"react-button.default\">\n\t\t\t\t<div class=\"elementor-widget-container\">\n\t\t\t\t\t\t\n\t\t\t\t\t<a aria-label=\"button\" class=\"react_button\" href=\"https:\/\/londonacademy.ma\/wp-content\/uploads\/2026\/03\/LAD-Tuition-Fees-26-27.pdf\">\t\n\t\t\t\tTuition Fee\t\t\t\t\n\t\t\t\t\t\t\t\t\t<span>\n\t\t\t\t\t\t<i aria-hidden=\"true\" class=\"rt rt-arrow-right-regular\"><\/i>\t\t\t\t\t<\/span>\n\t\t\t\t\t\t\t<\/a>\t\t\t\n\t\t\t\t\t\t\t<\/div>\n\t\t\t\t<\/div>\n\t\t\t\t<\/div>\n\t\t\t\t<\/div>\n\t\t\t\t\t<\/div>\n\t\t\t\t<\/div>\n\t\t<div class=\"elementor-element elementor-element-26059d0 e-flex e-con-boxed rt-default-class e-con e-parent\" data-id=\"26059d0\" data-element_type=\"container\" data-e-type=\"container\" data-settings=\"{&quot;background_background&quot;:&quot;classic&quot;}\">\n\t\t\t\t\t<div class=\"e-con-inner\">\n\t\t\t\t<div class=\"elementor-element elementor-element-2302e39 rt-primary-colors elementor-widget-divider--view-line elementor-widget elementor-widget-divider\" data-id=\"2302e39\" data-element_type=\"widget\" data-e-type=\"widget\" data-widget_type=\"divider.default\">\n\t\t\t\t\t\t\t<div class=\"elementor-divider\">\n\t\t\t<span class=\"elementor-divider-separator\">\n\t\t\t\t\t\t<\/span>\n\t\t<\/div>\n\t\t\t\t\t\t<\/div>\n\t\t\t\t\t<\/div>\n\t\t\t\t<\/div>\n\t\t<div class=\"elementor-element elementor-element-edc25fe e-flex e-con-boxed rt-default-class e-con e-parent\" data-id=\"edc25fe\" data-element_type=\"container\" data-e-type=\"container\">\n\t\t\t\t\t<div class=\"e-con-inner\">\n\t\t<div class=\"elementor-element elementor-element-3100634 e-con-full e-flex rt-default-class e-con e-child\" data-id=\"3100634\" data-element_type=\"container\" data-e-type=\"container\">\n\t\t\t\t<div class=\"elementor-element elementor-element-42313cf elementor-widget__width-inherit rt-default-class elementor-widget elementor-widget-heading\" data-id=\"42313cf\" data-element_type=\"widget\" data-e-type=\"widget\" data-widget_type=\"heading.default\">\n\t\t\t\t\t<h3 class=\"elementor-heading-title elementor-size-default\">London Academy Rabat<\/h3>\t\t\t\t<\/div>\n\t\t\t\t<div class=\"elementor-element elementor-element-da1ca57 rt-default-class elementor-widget elementor-widget-text-editor\" data-id=\"da1ca57\" data-element_type=\"widget\" data-e-type=\"widget\" data-widget_type=\"text-editor.default\">\n\t\t\t\t\t\t\t\t\t<p style=\"text-align: center;\">2026 \u2013 2027 (Nationaux marocains et britanniques)<\/p>\t\t\t\t\t\t\t\t<\/div>\n\t\t<div class=\"elementor-element elementor-element-48dc632 e-con-full e-flex rt-default-class e-con e-child\" data-id=\"48dc632\" data-element_type=\"container\" data-e-type=\"container\">\n\t\t\t\t<div class=\"elementor-element elementor-element-633c8ab rt-default-class elementor-widget elementor-widget-react-button\" data-id=\"633c8ab\" data-element_type=\"widget\" data-e-type=\"widget\" data-widget_type=\"react-button.default\">\n\t\t\t\t<div class=\"elementor-widget-container\">\n\t\t\t\t\t\t\n\t\t\t\t\t<a aria-label=\"button\" class=\"react_button\" href=\"https:\/\/londonacademy.ma\/wp-content\/uploads\/2026\/03\/LAR-Tuition-Fees-26-27.pdf\">\t\n\t\t\t\tTuition Fee\t\t\t\t\n\t\t\t\t\t\t\t\t\t<span>\n\t\t\t\t\t\t<i aria-hidden=\"true\" class=\"rt rt-arrow-right-regular\"><\/i>\t\t\t\t\t<\/span>\n\t\t\t\t\t\t\t<\/a>\t\t\t\n\t\t\t\t\t\t\t<\/div>\n\t\t\t\t<\/div>\n\t\t\t\t<\/div>\n\t\t\t\t<\/div>\n\t\t<div class=\"elementor-element elementor-element-5f17759 e-con-full e-flex rt-default-class e-con e-child\" data-id=\"5f17759\" data-element_type=\"container\" data-e-type=\"container\">\n\t\t\t\t<div class=\"elementor-element elementor-element-73e2dc4 elementor-widget__width-inherit rt-default-class elementor-widget elementor-widget-heading\" data-id=\"73e2dc4\" data-element_type=\"widget\" data-e-type=\"widget\" data-widget_type=\"heading.default\">\n\t\t\t\t\t<h3 class=\"elementor-heading-title elementor-size-default\">London Academy Rabat<\/h3>\t\t\t\t<\/div>\n\t\t\t\t<div class=\"elementor-element elementor-element-32c2025 rt-default-class elementor-widget elementor-widget-text-editor\" data-id=\"32c2025\" data-element_type=\"widget\" data-e-type=\"widget\" data-widget_type=\"text-editor.default\">\n\t\t\t\t\t\t\t\t\t<p style=\"text-align: center;\">2026 \u2013 2027 (Entreprises et expatri\u00e9s)<\/p>\t\t\t\t\t\t\t\t<\/div>\n\t\t<div class=\"elementor-element elementor-element-6f0fbb6 e-con-full e-flex rt-default-class e-con e-child\" data-id=\"6f0fbb6\" data-element_type=\"container\" data-e-type=\"container\">\n\t\t\t\t<div class=\"elementor-element elementor-element-51dfef3 rt-default-class elementor-widget elementor-widget-react-button\" data-id=\"51dfef3\" data-element_type=\"widget\" data-e-type=\"widget\" data-widget_type=\"react-button.default\">\n\t\t\t\t<div class=\"elementor-widget-container\">\n\t\t\t\t\t\t\n\t\t\t\t\t<a aria-label=\"button\" class=\"react_button\" href=\"https:\/\/londonacademy.ma\/wp-content\/uploads\/2026\/03\/LAR-Corporate-Tuition-Fees-26-27.pdf\">\t\n\t\t\t\tTuition Fee\t\t\t\t\n\t\t\t\t\t\t\t\t\t<span>\n\t\t\t\t\t\t<i aria-hidden=\"true\" class=\"rt rt-arrow-right-regular\"><\/i>\t\t\t\t\t<\/span>\n\t\t\t\t\t\t\t<\/a>\t\t\t\n\t\t\t\t\t\t\t<\/div>\n\t\t\t\t<\/div>\n\t\t\t\t<\/div>\n\t\t\t\t<\/div>\n\t\t\t\t\t<\/div>\n\t\t\t\t<\/div>\n\t\t\t\t<\/div>","protected":false},"excerpt":{"rendered":"<p>Home About Tuition &amp; Fees At London Academy, we are committed to providing a high-quality education across all three of our campuses. Our school fees reflect the excellent facilities, dedicated staff, and comprehensive programs offered at each school. Detailed information about tuition, registration, and additional costs is provided below to help families plan accordingly. We&#8230;<\/p>","protected":false},"author":1,"featured_media":12590,"parent":0,"menu_order":0,"comment_status":"closed","ping_status":"closed","template":"elementor_header_footer","meta":{"footnotes":""},"class_list":["post-7436","page","type-page","status-publish","has-post-thumbnail","hentry"],"yoast_head":"<!-- This site is optimized with the Yoast SEO plugin v27.2 - https:\/\/yoast.com\/product\/yoast-seo-wordpress\/ -->\n<title>Tuition Fees &amp; Enrollment | British School Casablanca &amp; Rabat<\/title>\n<meta name=\"description\" content=\"View the 2026-2027 tuition fees for London Academy. Invest in your child&#039;s future with our world-class British curriculum in Casablanca and Rabat.\" \/>\n<meta name=\"robots\" content=\"index, follow, max-snippet:-1, max-image-preview:large, max-video-preview:-1\" \/>\n<link rel=\"canonical\" href=\"https:\/\/londonacademy.ma\/fr\/frais-scolarite\/\" \/>\n<meta property=\"og:locale\" content=\"fr_FR\" \/>\n<meta property=\"og:type\" content=\"article\" \/>\n<meta property=\"og:title\" content=\"Tuition Fees &amp; Enrollment | British School Casablanca &amp; Rabat\" \/>\n<meta property=\"og:description\" content=\"View the 2026-2027 tuition fees for London Academy. Invest in your child&#039;s future with our world-class British curriculum in Casablanca and Rabat.\" \/>\n<meta property=\"og:url\" content=\"https:\/\/londonacademy.ma\/fr\/frais-scolarite\/\" \/>\n<meta property=\"og:site_name\" content=\"London Academy Morocco\" \/>\n<meta property=\"article:modified_time\" content=\"2026-05-12T09:08:45+00:00\" \/>\n<meta property=\"og:image\" content=\"https:\/\/londonacademy.ma\/wp-content\/uploads\/2026\/03\/8496773b537dbfd6aaac010d0a2730340bf7b256.jpeg\" \/>\n\t<meta property=\"og:image:width\" content=\"780\" \/>\n\t<meta property=\"og:image:height\" content=\"468\" \/>\n\t<meta property=\"og:image:type\" content=\"image\/jpeg\" \/>\n<meta name=\"twitter:card\" content=\"summary_large_image\" \/>\n<meta name=\"twitter:label1\" content=\"Dur\u00e9e de lecture estim\u00e9e\" \/>\n\t<meta name=\"twitter:data1\" content=\"1 minute\" \/>\n<script type=\"application\/ld+json\" class=\"yoast-schema-graph\">{\"@context\":\"https:\/\/schema.org\",\"@graph\":[{\"@type\":\"WebPage\",\"@id\":\"https:\/\/londonacademy.ma\/tuition-fee\/\",\"url\":\"https:\/\/londonacademy.ma\/tuition-fee\/\",\"name\":\"Tuition Fees & Enrollment | British School Casablanca & Rabat\",\"isPartOf\":{\"@id\":\"https:\/\/londonacademy.ma\/#website\"},\"primaryImageOfPage\":{\"@id\":\"https:\/\/londonacademy.ma\/tuition-fee\/#primaryimage\"},\"image\":{\"@id\":\"https:\/\/londonacademy.ma\/tuition-fee\/#primaryimage\"},\"thumbnailUrl\":\"https:\/\/londonacademy.ma\/wp-content\/uploads\/2026\/03\/8496773b537dbfd6aaac010d0a2730340bf7b256.jpeg\",\"datePublished\":\"2024-08-13T06:50:02+00:00\",\"dateModified\":\"2026-05-12T09:08:45+00:00\",\"description\":\"View the 2026-2027 tuition fees for London Academy. Invest in your child's future with our world-class British curriculum in Casablanca and Rabat.\",\"breadcrumb\":{\"@id\":\"https:\/\/londonacademy.ma\/tuition-fee\/#breadcrumb\"},\"inLanguage\":\"fr-FR\",\"potentialAction\":[{\"@type\":\"ReadAction\",\"target\":[\"https:\/\/londonacademy.ma\/tuition-fee\/\"]}]},{\"@type\":\"ImageObject\",\"inLanguage\":\"fr-FR\",\"@id\":\"https:\/\/londonacademy.ma\/tuition-fee\/#primaryimage\",\"url\":\"https:\/\/londonacademy.ma\/wp-content\/uploads\/2026\/03\/8496773b537dbfd6aaac010d0a2730340bf7b256.jpeg\",\"contentUrl\":\"https:\/\/londonacademy.ma\/wp-content\/uploads\/2026\/03\/8496773b537dbfd6aaac010d0a2730340bf7b256.jpeg\",\"width\":780,\"height\":468,\"caption\":\"Tuition Fees & Enrollment\"},{\"@type\":\"BreadcrumbList\",\"@id\":\"https:\/\/londonacademy.ma\/tuition-fee\/#breadcrumb\",\"itemListElement\":[{\"@type\":\"ListItem\",\"position\":1,\"name\":\"Accueil\",\"item\":\"https:\/\/londonacademy.ma\/\"},{\"@type\":\"ListItem\",\"position\":2,\"name\":\"Tuition Fees\"}]},{\"@type\":\"WebSite\",\"@id\":\"https:\/\/londonacademy.ma\/#website\",\"url\":\"https:\/\/londonacademy.ma\/\",\"name\":\"London Academy Morocco\",\"description\":\"\",\"potentialAction\":[{\"@type\":\"SearchAction\",\"target\":{\"@type\":\"EntryPoint\",\"urlTemplate\":\"https:\/\/londonacademy.ma\/?s={search_term_string}\"},\"query-input\":{\"@type\":\"PropertyValueSpecification\",\"valueRequired\":true,\"valueName\":\"search_term_string\"}}],\"inLanguage\":\"fr-FR\"}]}<\/script>\n<!-- \/ Yoast SEO plugin. -->","yoast_head_json":{"title":"Admissions &amp; Frais Scolaires | London Academy British School","description":"View the 2026-2027 tuition fees for London Academy. Invest in your child's future with our world-class British curriculum in Casablanca and Rabat.","robots":{"index":"index","follow":"follow","max-snippet":"max-snippet:-1","max-image-preview":"max-image-preview:large","max-video-preview":"max-video-preview:-1"},"canonical":"https:\/\/londonacademy.ma\/fr\/frais-scolarite\/","og_locale":"fr_FR","og_type":"article","og_title":"Tuition Fees & Enrollment | British School Casablanca & Rabat","og_description":"View the 2026-2027 tuition fees for London Academy. Invest in your child's future with our world-class British curriculum in Casablanca and Rabat.","og_url":"https:\/\/londonacademy.ma\/fr\/frais-scolarite\/","og_site_name":"London Academy Morocco","article_modified_time":"2026-05-12T09:08:45+00:00","og_image":[{"width":780,"height":468,"url":"https:\/\/londonacademy.ma\/wp-content\/uploads\/2026\/03\/8496773b537dbfd6aaac010d0a2730340bf7b256.jpeg","type":"image\/jpeg"}],"twitter_card":"summary_large_image","twitter_misc":{"Dur\u00e9e de lecture estim\u00e9e":"1 minute"},"schema":{"@context":"https:\/\/schema.org","@graph":[{"@type":"WebPage","@id":"https:\/\/londonacademy.ma\/tuition-fee\/","url":"https:\/\/londonacademy.ma\/tuition-fee\/","name":"Admissions &amp; Frais Scolaires | London Academy British School","isPartOf":{"@id":"https:\/\/londonacademy.ma\/#website"},"primaryImageOfPage":{"@id":"https:\/\/londonacademy.ma\/tuition-fee\/#primaryimage"},"image":{"@id":"https:\/\/londonacademy.ma\/tuition-fee\/#primaryimage"},"thumbnailUrl":"https:\/\/londonacademy.ma\/wp-content\/uploads\/2026\/03\/8496773b537dbfd6aaac010d0a2730340bf7b256.jpeg","datePublished":"2024-08-13T06:50:02+00:00","dateModified":"2026-05-12T09:08:45+00:00","description":"View the 2026-2027 tuition fees for London Academy. Invest in your child's future with our world-class British curriculum in Casablanca and Rabat.","breadcrumb":{"@id":"https:\/\/londonacademy.ma\/tuition-fee\/#breadcrumb"},"inLanguage":"fr-FR","potentialAction":[{"@type":"ReadAction","target":["https:\/\/londonacademy.ma\/tuition-fee\/"]}]},{"@type":"ImageObject","inLanguage":"fr-FR","@id":"https:\/\/londonacademy.ma\/tuition-fee\/#primaryimage","url":"https:\/\/londonacademy.ma\/wp-content\/uploads\/2026\/03\/8496773b537dbfd6aaac010d0a2730340bf7b256.jpeg","contentUrl":"https:\/\/londonacademy.ma\/wp-content\/uploads\/2026\/03\/8496773b537dbfd6aaac010d0a2730340bf7b256.jpeg","width":780,"height":468,"caption":"Tuition Fees & Enrollment"},{"@type":"BreadcrumbList","@id":"https:\/\/londonacademy.ma\/tuition-fee\/#breadcrumb","itemListElement":[{"@type":"ListItem","position":1,"name":"Accueil","item":"https:\/\/londonacademy.ma\/"},{"@type":"ListItem","position":2,"name":"Tuition Fees"}]},{"@type":"WebSite","@id":"https:\/\/londonacademy.ma\/#website","url":"https:\/\/londonacademy.ma\/","name":"London Academy Maroc","description":"","potentialAction":[{"@type":"SearchAction","target":{"@type":"EntryPoint","urlTemplate":"https:\/\/londonacademy.ma\/?s={search_term_string}"},"query-input":{"@type":"PropertyValueSpecification","valueRequired":true,"valueName":"search_term_string"}}],"inLanguage":"fr-FR"}]}},"_links":{"self":[{"href":"https:\/\/londonacademy.ma\/fr\/wp-json\/wp\/v2\/pages\/7436","targetHints":{"allow":["GET"]}}],"collection":[{"href":"https:\/\/londonacademy.ma\/fr\/wp-json\/wp\/v2\/pages"}],"about":[{"href":"https:\/\/londonacademy.ma\/fr\/wp-json\/wp\/v2\/types\/page"}],"author":[{"embeddable":true,"href":"https:\/\/londonacademy.ma\/fr\/wp-json\/wp\/v2\/users\/1"}],"replies":[{"embeddable":true,"href":"https:\/\/londonacademy.ma\/fr\/wp-json\/wp\/v2\/comments?post=7436"}],"version-history":[{"count":3,"href":"https:\/\/londonacademy.ma\/fr\/wp-json\/wp\/v2\/pages\/7436\/revisions"}],"predecessor-version":[{"id":13844,"href":"https:\/\/londonacademy.ma\/fr\/wp-json\/wp\/v2\/pages\/7436\/revisions\/13844"}],"wp:featuredmedia":[{"embeddable":true,"href":"https:\/\/londonacademy.ma\/fr\/wp-json\/wp\/v2\/media\/12590"}],"wp:attachment":[{"href":"https:\/\/londonacademy.ma\/fr\/wp-json\/wp\/v2\/media?parent=7436"}],"curies":[{"name":"wp","href":"https:\/\/api.w.org\/{rel}","templated":true}]}}